{"id":974,"date":"2018-05-22T11:52:42","date_gmt":"2018-05-22T09:52:42","guid":{"rendered":"https:\/\/www.leben-atmen.com\/sueditalien\/?page_id=974"},"modified":"2018-05-22T11:52:42","modified_gmt":"2018-05-22T09:52:42","slug":"cookies","status":"publish","type":"page","link":"https:\/\/www.leben-atmen.com\/sueditalien\/cookies\/","title":{"rendered":"Cookies"},"content":{"rendered":"<h2>Cookies<\/h2>\n<p>Wir verwenden f\u00fcr unsere Webseiten m\u00f6glicherweise sogenannte \u201eCookies\u201c. Cookies sind kleine Textdateien, die auf Ihrem Rechner abgelegt und von Ihrem Browser gespeichert werden. Mit dem Setzen von Cookies kann unser Webserver Ihren Browser, Ihre individuellen Einstellungen in unseren Webseiten und gegebenenfalls Teile der Anmeldedaten in verschl\u00fcsselter Form erkennen, Ihnen auf diese Weise die Benutzung unserer Seiten erleichtern und ein automatisches Einloggen erm\u00f6glichen.<\/p>\n<p>\u00dcber Ihre Browsereinstellungen haben Sie die M\u00f6glichkeit, Cookies abzulehnen, Cookies von Ihrem Rechner zu l\u00f6schen, Cookies zu blockieren oder vor dem Setzen eines Cookies angefragt zu werden.<\/p>\n<p>Die von uns gesetzten Cookies werden nach jeder Sitzung wieder von Ihrem Rechner gel\u00f6scht.<\/p>\n","protected":false},"excerpt":{"rendered":"<p>Cookies Wir verwenden f\u00fcr unsere Webseiten m\u00f6glicherweise sogenannte \u201eCookies\u201c. Cookies sind kleine Textdateien, die auf Ihrem Rechner abgelegt und von Ihrem Browser gespeichert werden. Mit dem Setzen von Cookies kann unser Webserver Ihren Browser, Ihre individuellen Einstellungen in unseren Webseiten &hellip; <a href=\"https:\/\/www.leben-atmen.com\/sueditalien\/cookies\/\">Weiterlesen <span class=\"meta-nav\">&rarr;<\/span><\/a><\/p>\n","protected":false},"author":3,"featured_media":0,"parent":0,"menu_order":0,"comment_status":"closed","ping_status":"closed","template":"","meta":{"footnotes":""},"class_list":["post-974","page","type-page","status-publish","hentry"],"jetpack_sharing_enabled":true,"_links":{"self":[{"href":"https:\/\/www.leben-atmen.com\/sueditalien\/wp-json\/wp\/v2\/pages\/974","targetHints":{"allow":["GET"]}}],"collection":[{"href":"https:\/\/www.leben-atmen.com\/sueditalien\/wp-json\/wp\/v2\/pages"}],"about":[{"href":"https:\/\/www.leben-atmen.com\/sueditalien\/wp-json\/wp\/v2\/types\/page"}],"author":[{"embeddable":true,"href":"https:\/\/www.leben-atmen.com\/sueditalien\/wp-json\/wp\/v2\/users\/3"}],"replies":[{"embeddable":true,"href":"https:\/\/www.leben-atmen.com\/sueditalien\/wp-json\/wp\/v2\/comments?post=974"}],"version-history":[{"count":1,"href":"https:\/\/www.leben-atmen.com\/sueditalien\/wp-json\/wp\/v2\/pages\/974\/revisions"}],"predecessor-version":[{"id":975,"href":"https:\/\/www.leben-atmen.com\/sueditalien\/wp-json\/wp\/v2\/pages\/974\/revisions\/975"}],"wp:attachment":[{"href":"https:\/\/www.leben-atmen.com\/sueditalien\/wp-json\/wp\/v2\/media?parent=974"}],"curies":[{"name":"wp","href":"https:\/\/api.w.org\/{rel}","templated":true}]}}