{"id":2,"date":"2020-06-09T09:07:38","date_gmt":"2020-06-09T07:07:38","guid":{"rendered":"https:\/\/www.leben-atmen.com\/radtour2020\/?page_id=2"},"modified":"2020-06-22T08:48:47","modified_gmt":"2020-06-22T06:48:47","slug":"beispiel-seite","status":"publish","type":"page","link":"https:\/\/www.leben-atmen.com\/radtour2020\/beispiel-seite\/","title":{"rendered":"Infos zu Tour"},"content":{"rendered":"\n<p>Radeln in Zeiten von Corona &#8230;<\/p>\n\n\n\n<p>Das ist ganz sch\u00f6n herausfordernd, denn<\/p>\n\n\n\n<ul class=\"wp-block-list\"><li>man kann nur schwer planen, wann der Start m\u00f6glich sein wird<\/li><li>denn wir ben\u00f6tigen ja die Option L\u00e4ndergrenzen zu \u00fcberschreiten<\/li><li>bzw. in anderen L\u00e4ndern uns frei bewegen zu k\u00f6nnen und<\/li><li>wir wollen nat\u00fcrlich nicht bei erneuten Grenz\u00fcbertritten wochenlang in Quarant\u00e4ne gesteckt werden<\/li><li>zudem wollen wir uns wohlf\u00fchlen &#8211; ungest\u00f6rt essen gehen, \u00dcbernachtungen organisieren und eben<\/li><li>eine erholsame und beeindruckende Reise mit dem Rad machen.<\/li><\/ul>\n\n\n\n<p><strong>Aber nunmehr haben wir uns auf den 1. Juli als Starttermin geeinigt.<\/strong><\/p>\n\n\n\n<h2 class=\"wp-block-heading\">Wohin wird es denn diesmal gehen?<\/h2>\n\n\n\n<p>Das verraten wir nicht &#8211; ganz im Ernst &#8211; heuer soll es mal unser Geheimnis bleiben. Ihr k\u00f6nnt jeden Tag sehen, wie wir voran kommen, aber das Ziel bleibt unser Geheimnis.<\/p>\n\n\n\n<h2 class=\"wp-block-heading\">Gibt es wieder eine App f\u00fcr iPhone und iPad?<\/h2>\n\n\n\n<p>Aber na klar !<\/p>\n\n\n\n<p><a href=\"https:\/\/apps.apple.com\/de\/app\/leben-atmen-radtour-2020\/id1517778123\" target=\"_blank\" rel=\"noreferrer noopener\">Hier<\/a> kann diese geladen werden:<\/p>\n\n\n\n<figure class=\"wp-block-image size-large\"><a href=\"https:\/\/apps.apple.com\/de\/app\/leben-atmen-radtour-2020\/id1517778123\" target=\"_blank\" rel=\"noopener noreferrer\"><img data-recalc-dims=\"1\" loading=\"lazy\" decoding=\"async\" width=\"560\" height=\"528\" src=\"https:\/\/i0.wp.com\/www.leben-atmen.com\/wp-content\/blogs.dir\/13\/files\/sites\/13\/2020\/06\/616c5af9a9f1df9f9187c26eef52ebaa.png?resize=560%2C528&#038;ssl=1\" alt=\"\" class=\"wp-image-165\" srcset=\"https:\/\/i0.wp.com\/www.leben-atmen.com\/wp-content\/blogs.dir\/13\/files\/sites\/13\/2020\/06\/616c5af9a9f1df9f9187c26eef52ebaa.png?w=560&amp;ssl=1 560w, https:\/\/i0.wp.com\/www.leben-atmen.com\/wp-content\/blogs.dir\/13\/files\/sites\/13\/2020\/06\/616c5af9a9f1df9f9187c26eef52ebaa.png?resize=300%2C283&amp;ssl=1 300w\" sizes=\"auto, (max-width: 560px) 100vw, 560px\" \/><\/a><\/figure>\n\n\n\n<p><\/p>\n\n\n\n<h2 class=\"wp-block-heading\">Wo finde ich die Fotos bzw. die Bildergalerie?<\/h2>\n\n\n\n<p>Wie immer sind unsere tollten Fotos <a rel=\"noreferrer noopener\" href=\"https:\/\/www.flickr.com\/photos\/amac-buch\/albums\/72157714633559531\" target=\"_blank\">hier<\/a> zu sehen -&gt; <a rel=\"noreferrer noopener\" href=\"https:\/\/www.flickr.com\/photos\/amac-buch\/albums\/72157714633559531\" target=\"_blank\">Flickr-Album<\/a>:<\/p>\n\n\n\n<figure class=\"wp-block-image size-large is-resized\"><a href=\"https:\/\/www.flickr.com\/photos\/amac-buch\/albums\/72157714633559531\" target=\"_blank\" rel=\"Radtour 2020 amac-buch Verlag noopener noreferrer\"><img data-recalc-dims=\"1\" loading=\"lazy\" decoding=\"async\" src=\"https:\/\/i0.wp.com\/www.leben-atmen.com\/wp-content\/blogs.dir\/13\/files\/sites\/13\/2020\/06\/3c7fef67d05cdb92d33a2af834ec9f8e.png?resize=144%2C22&#038;ssl=1\" alt=\"\" class=\"wp-image-129\" width=\"144\" height=\"22\"\/><\/a><\/figure>\n\n\n\n<p><\/p>\n","protected":false},"excerpt":{"rendered":"<p>Radeln in Zeiten von Corona &#8230; Das ist ganz sch\u00f6n herausfordernd, denn man kann nur schwer planen, wann der Start m\u00f6glich sein wird denn wir ben\u00f6tigen ja die Option L\u00e4ndergrenzen zu \u00fcberschreiten bzw. in anderen L\u00e4ndern uns frei bewegen zu k\u00f6nnen und wir wollen nat\u00fcrlich nicht bei erneuten Grenz\u00fcbertritten wochenlang in Quarant\u00e4ne gesteckt werden zudem [&hellip;]<\/p>\n","protected":false},"author":4,"featured_media":0,"parent":0,"menu_order":0,"comment_status":"closed","ping_status":"open","template":"","meta":{"jetpack_post_was_ever_published":false,"footnotes":""},"class_list":["post-2","page","type-page","status-publish","hentry"],"jetpack_sharing_enabled":true,"jetpack_likes_enabled":true,"_links":{"self":[{"href":"https:\/\/www.leben-atmen.com\/radtour2020\/wp-json\/wp\/v2\/pages\/2","targetHints":{"allow":["GET"]}}],"collection":[{"href":"https:\/\/www.leben-atmen.com\/radtour2020\/wp-json\/wp\/v2\/pages"}],"about":[{"href":"https:\/\/www.leben-atmen.com\/radtour2020\/wp-json\/wp\/v2\/types\/page"}],"author":[{"embeddable":true,"href":"https:\/\/www.leben-atmen.com\/radtour2020\/wp-json\/wp\/v2\/users\/4"}],"replies":[{"embeddable":true,"href":"https:\/\/www.leben-atmen.com\/radtour2020\/wp-json\/wp\/v2\/comments?post=2"}],"version-history":[{"count":12,"href":"https:\/\/www.leben-atmen.com\/radtour2020\/wp-json\/wp\/v2\/pages\/2\/revisions"}],"predecessor-version":[{"id":25,"href":"https:\/\/www.leben-atmen.com\/radtour2020\/wp-json\/wp\/v2\/pages\/2\/revisions\/25"}],"wp:attachment":[{"href":"https:\/\/www.leben-atmen.com\/radtour2020\/wp-json\/wp\/v2\/media?parent=2"}],"curies":[{"name":"wp","href":"https:\/\/api.w.org\/{rel}","templated":true}]}}