{"id":29,"date":"2013-04-26T14:32:16","date_gmt":"2013-04-26T14:32:16","guid":{"rendered":"https:\/\/www.leben-atmen.com\/palermo\/?page_id=29"},"modified":"2013-05-21T07:48:41","modified_gmt":"2013-05-21T07:48:41","slug":"sponsoren","status":"publish","type":"page","link":"https:\/\/www.leben-atmen.com\/palermo\/sponsoren\/","title":{"rendered":"Sponsoren"},"content":{"rendered":"<p>Wir bedanken uns bei den Sponsoren f\u00fcr deren tatkr\u00e4ftige Unterst\u00fctzung:<\/p>\n<p><a title=\"Lars Bergelt - iOS Developer\" href=\"http:\/\/lbergelt.de\" target=\"_blank\"><img decoding=\"async\" class=\"alignnone size-full\" alt=\"\" src=\"https:\/\/www.leben-atmen.com\/wp-content\/blogs.dir\/4\/files\/2013\/04\/lbergelt.jpg\" \/><\/a><\/p>\n<p><a title=\"Ortlieb\" href=\"http:\/\/www.ortlieb.com\" target=\"_blank\"><img decoding=\"async\" class=\"alignnone size-full\" alt=\"\" src=\"https:\/\/www.leben-atmen.com\/wp-content\/blogs.dir\/4\/files\/2013\/04\/logo_ortlieb.jpg\" \/><\/a><\/p>\n<p><a title=\"Radsport Wagner Aichach\" href=\"http:\/\/www.radsportwagner.com\" target=\"_blank\"><img decoding=\"async\" class=\"alignnone size-full\" alt=\"\" src=\"https:\/\/www.leben-atmen.com\/wp-content\/blogs.dir\/4\/files\/2013\/04\/radsportwagner.jpg\" \/><\/a><\/p>\n<p><a title=\"Reifen Lindner Dasing\" href=\"mailto:reifen-lindner@web.de\" target=\"_blank\"><img decoding=\"async\" class=\"alignnone size-full\" alt=\"\" src=\"https:\/\/www.leben-atmen.com\/wp-content\/blogs.dir\/4\/files\/2013\/04\/reifen_lindner.jpg\" \/><\/a><\/p>\n<p>&nbsp;<\/p>\n<p><a title=\"Tatonka\" href=\"http:\/\/www.tatonka.com\" target=\"_blank\"><img decoding=\"async\" class=\"alignnone size-full\" alt=\"\" src=\"https:\/\/www.leben-atmen.com\/wp-content\/blogs.dir\/4\/files\/2013\/04\/tatonka.jpg\" \/><\/a><\/p>\n<p>&nbsp;<\/p>\n<p><a title=\"Chiemsee SmartPhone Taschen\" href=\"http:\/\/www.chiemsee.com\/taschen\/handytaschen_order-name_dir-desc\" target=\"_blank\"><img decoding=\"async\" class=\"alignnone size-full\" alt=\"\" src=\"https:\/\/www.leben-atmen.com\/wp-content\/blogs.dir\/4\/files\/2013\/04\/CS_Jumper_Circle.jpg\" \/><\/a><\/p>\n<p><a title=\"Fusspflege-Aichach\" href=\"http:\/\/www.fusspflege-aichach.de\" target=\"_blank\"><img decoding=\"async\" class=\"alignnone size-full\" alt=\"\" src=\"https:\/\/www.leben-atmen.com\/wp-content\/blogs.dir\/4\/files\/2013\/04\/fusspflege_niesporek1.jpg\" \/><\/a><\/p>\n<p><a title=\"Das goldene Taxi - Unsere Apfeltaschen\" href=\"http:\/\/www.dasgoldenetaxi.de\" target=\"_blank\"><img decoding=\"async\" class=\"alignnone size-full\" alt=\"\" src=\"https:\/\/www.leben-atmen.com\/wp-content\/blogs.dir\/4\/files\/2013\/04\/dasgoldenetaxi1.jpg\" \/><\/a><\/p>\n<p>&nbsp;<\/p>\n","protected":false},"excerpt":{"rendered":"<p>Wir bedanken uns bei den Sponsoren f\u00fcr deren tatkr\u00e4ftige Unterst\u00fctzung: &nbsp; &nbsp; &nbsp;<\/p>\n","protected":false},"author":3,"featured_media":0,"parent":0,"menu_order":3,"comment_status":"open","ping_status":"open","template":"","meta":{"footnotes":""},"class_list":["post-29","page","type-page","status-publish","hentry"],"jetpack_sharing_enabled":true,"_links":{"self":[{"href":"https:\/\/www.leben-atmen.com\/palermo\/wp-json\/wp\/v2\/pages\/29","targetHints":{"allow":["GET"]}}],"collection":[{"href":"https:\/\/www.leben-atmen.com\/palermo\/wp-json\/wp\/v2\/pages"}],"about":[{"href":"https:\/\/www.leben-atmen.com\/palermo\/wp-json\/wp\/v2\/types\/page"}],"author":[{"embeddable":true,"href":"https:\/\/www.leben-atmen.com\/palermo\/wp-json\/wp\/v2\/users\/3"}],"replies":[{"embeddable":true,"href":"https:\/\/www.leben-atmen.com\/palermo\/wp-json\/wp\/v2\/comments?post=29"}],"version-history":[{"count":7,"href":"https:\/\/www.leben-atmen.com\/palermo\/wp-json\/wp\/v2\/pages\/29\/revisions"}],"predecessor-version":[{"id":30,"href":"https:\/\/www.leben-atmen.com\/palermo\/wp-json\/wp\/v2\/pages\/29\/revisions\/30"}],"wp:attachment":[{"href":"https:\/\/www.leben-atmen.com\/palermo\/wp-json\/wp\/v2\/media?parent=29"}],"curies":[{"name":"wp","href":"https:\/\/api.w.org\/{rel}","templated":true}]}}