{"id":45,"date":"2017-05-03T14:44:02","date_gmt":"2017-05-03T12:44:02","guid":{"rendered":"https:\/\/www.leben-atmen.com\/nobbycortina\/?page_id=45"},"modified":"2017-05-03T14:44:02","modified_gmt":"2017-05-03T12:44:02","slug":"simone-anton","status":"publish","type":"page","link":"https:\/\/www.leben-atmen.com\/nobbycortina\/simone-anton\/","title":{"rendered":"Simone &#038; Anton"},"content":{"rendered":"<p><a href=\"https:\/\/i0.wp.com\/www.leben-atmen.com\/wp-content\/blogs.dir\/9\/files\/2017\/05\/5dee0412c743f4711f185f193c2ccb05.jpg?ssl=1\" data-rel=\"lightbox-image-0\" data-rl_title=\"\" data-rl_caption=\"\" title=\"\"><img data-recalc-dims=\"1\" decoding=\"async\" class=\"alignnone size-full\" src=\"https:\/\/i0.wp.com\/www.leben-atmen.com\/wp-content\/blogs.dir\/9\/files\/2017\/05\/5dee0412c743f4711f185f193c2ccb05.jpg?w=584&#038;ssl=1\" alt=\"\" \/><\/a><\/p>\n<p><strong>Simone Ochsenk\u00fchn<\/strong><\/p>\n<p class=\"GT1\">Seit 2008, als ich zusammen mit meinem Mann Anton 14 Tage in Italien auf dem Franziskusweg pilgern war, bin ich sukzessive ein anderer Mensch geworden. Das passierte nicht gleich von heute auf morgen, nein, es dauerte Jahre und dauert heute noch an.<\/p>\n<p class=\"GT1\">Was hat sich ver\u00e4ndert? Ich traue mir zu, l\u00e4ngere Zeit k\u00f6rperliche Beanspruchung auszuhalten, ja, zu genie\u00dfen, mich in anderen L\u00e4ndern und Kulturen gut zurecht zu finden. Essgewohnheiten zu nehmen, wie sie sind. Ich kenne mich schnell in fremden St\u00e4dten aus und kann Kartenpl\u00e4ne lesen. Und auch habe ich gelernt, f\u00fcr l\u00e4ngere Zeit immer wieder neu in fremden Betten zu schlafen. Meine Komfortzone verlasse ich seit dieser Zeit immer \u00f6fter und ich freue mich darauf, in meinem Leben neue und spannende Dinge, die au\u00dferhalb dieser Komfortbereichs liegen, zu erleben, damit ich Erinnerungen sammle, denn im Alter \u00a0wird es einmal das sein, was mir bleiben wird \u2013 Erinnerungen an &#8222;damals&#8220;.<\/p>\n<p class=\"GT1\">Es sind nicht immer gro\u00dfartige Erlebnisse und manchmal ist auch die spektakul\u00e4rste Reise nicht so, wie sie zu sein scheint. Aber trotzdem breche ich gemeinsam mit Anton immer wieder gerne auf!<\/p>\n<p class=\"GT1\">Ich bin Jahrgang 1971 und Grafik-Designerin, Journalistin und Verlegerin. Wer mehr \u00fcber mich erfahren m\u00f6chte, der informiert sich auf: www.ochsenkuehn.de<\/p>\n<p class=\"GT1\"><a href=\"https:\/\/i0.wp.com\/www.leben-atmen.com\/wp-content\/blogs.dir\/9\/files\/2017\/05\/853b27c6c822872e8e5a9f7b85542657.jpg?ssl=1\" data-rel=\"lightbox-image-1\" data-rl_title=\"\" data-rl_caption=\"\" title=\"\"><img data-recalc-dims=\"1\" decoding=\"async\" class=\"alignnone size-full\" src=\"https:\/\/i0.wp.com\/www.leben-atmen.com\/wp-content\/blogs.dir\/9\/files\/2017\/05\/853b27c6c822872e8e5a9f7b85542657.jpg?w=584&#038;ssl=1\" alt=\"\" \/><\/a><\/p>\n<div class=\"vc_row wpb_row vc_row-fluid wpb_animate_when_almost_visible wpb_fadeInRight fadeInRight vc_custom_1481809701897 wpb_start_animation animated\">\n<div class=\"vc_container\">\n<div class=\"wpb_column vc_column_container vc_col-sm-8\">\n<div class=\"vc_column-inner \">\n<div class=\"wpb_wrapper\">\n<div class=\"wpb_text_column wpb_content_element \">\n<div class=\"wpb_wrapper\">\n<h2 class=\"2\">Anton Ochsenk\u00fchn<\/h2>\n<p class=\"GT1\">Ganz ehrlich: Ich wollte schon immer mal mit dem Fahrrad nach Samos. In meiner Jugend hatte ich mal den s\u00fc\u00dfen Samos-Wein getrunken und seither wollte ich wissen, wie es dort aussieht, wo dieser so k\u00f6stliche Wein herkommt\u2026. 2015 habe ich mir mit Simone diesen Traum erf\u00fcllt. Und was soll ich sagen: Die Insel Samos ist wundersch\u00f6n und der Wein schmeckt dort noch viel leckerer als zu Hause.<\/p>\n<p class=\"GT1\">Aber die Radtour 2015 war nicht die einzige Radtour, auf der ich mir W\u00fcnsche erf\u00fcllt habe: 2010 sind wir in f\u00fcnf\u00a0Wochen und zwei Stunden nach Istanbul geradelt. Istanbul ist sicher eine der inspirierendsten\u00a0St\u00e4dte der Welt. Anl\u00e4sslich dieser Tour waren wir auch in Albanien\u2026 uff \u2013 das war aufregend&#8230;\u00a0So k\u00f6nnte ich nun viele weitere Erlebnisse schildern, die einmalig waren und mein Leben ver\u00e4ndert haben. Alle Radtouren der letzten Jahre k\u00f6nnen Sie im Bereich \u201eRadreisen\u201c nacherleben.<\/p>\n<p class=\"GT1\">Und 2016 haben wir einmal etwas ganz anderes gemacht: mit unserem <a href=\"https:\/\/www.leben-atmen.com\/nobby\/\" target=\"_blank\" rel=\"noopener noreferrer\">Haflinger Nobby \u00fcber die Alpen<\/a>. Mann, das war ebenfalls einmalig spannend\u00a0\u2013 sowohl f\u00fcr das Pferd, als auch f\u00fcr uns und unseren Drahtesel.<\/p>\n<p class=\"GT1\">Und \u00fcbrigens: Ich bin Physiker, P\u00e4dagoge, habe Philosophie studiert und verdiene meine Br\u00f6tchen mit Apple-Produkten. Das alles und mehr, kann man auch hier nachlesen: <a href=\"http:\/\/www.xn--ochsenkhn-w9a.de\/toni.html\" target=\"_blank\" rel=\"noopener noreferrer\">ochsenkuehn.de<\/a><\/p>\n<\/div>\n<\/div>\n<\/div>\n<\/div>\n<\/div>\n<\/div>\n<\/div>\n","protected":false},"excerpt":{"rendered":"<p>Simone Ochsenk\u00fchn Seit 2008, als ich zusammen mit meinem Mann Anton 14 Tage in Italien auf dem Franziskusweg pilgern war, bin ich sukzessive ein anderer Mensch geworden. Das passierte nicht gleich von heute auf morgen, nein, es dauerte Jahre und &hellip; <a href=\"https:\/\/www.leben-atmen.com\/nobbycortina\/simone-anton\/\">Weiterlesen <span class=\"meta-nav\">&rarr;<\/span><\/a><\/p>\n","protected":false},"author":2,"featured_media":0,"parent":0,"menu_order":0,"comment_status":"closed","ping_status":"closed","template":"","meta":{"footnotes":""},"class_list":["post-45","page","type-page","status-publish","hentry"],"jetpack_sharing_enabled":true,"_links":{"self":[{"href":"https:\/\/www.leben-atmen.com\/nobbycortina\/wp-json\/wp\/v2\/pages\/45","targetHints":{"allow":["GET"]}}],"collection":[{"href":"https:\/\/www.leben-atmen.com\/nobbycortina\/wp-json\/wp\/v2\/pages"}],"about":[{"href":"https:\/\/www.leben-atmen.com\/nobbycortina\/wp-json\/wp\/v2\/types\/page"}],"author":[{"embeddable":true,"href":"https:\/\/www.leben-atmen.com\/nobbycortina\/wp-json\/wp\/v2\/users\/2"}],"replies":[{"embeddable":true,"href":"https:\/\/www.leben-atmen.com\/nobbycortina\/wp-json\/wp\/v2\/comments?post=45"}],"version-history":[{"count":1,"href":"https:\/\/www.leben-atmen.com\/nobbycortina\/wp-json\/wp\/v2\/pages\/45\/revisions"}],"predecessor-version":[{"id":48,"href":"https:\/\/www.leben-atmen.com\/nobbycortina\/wp-json\/wp\/v2\/pages\/45\/revisions\/48"}],"wp:attachment":[{"href":"https:\/\/www.leben-atmen.com\/nobbycortina\/wp-json\/wp\/v2\/media?parent=45"}],"curies":[{"name":"wp","href":"https:\/\/api.w.org\/{rel}","templated":true}]}}