{"id":40,"date":"2017-05-03T14:22:34","date_gmt":"2017-05-03T12:22:34","guid":{"rendered":"https:\/\/www.leben-atmen.com\/nobbycortina\/?page_id=40"},"modified":"2017-05-03T14:22:34","modified_gmt":"2017-05-03T12:22:34","slug":"nobby","status":"publish","type":"page","link":"https:\/\/www.leben-atmen.com\/nobbycortina\/nobby\/","title":{"rendered":"Nobby"},"content":{"rendered":"<p>Nobbys Vita:<\/p>\n<p>12.3.2012<\/p>\n<p>123 &#8211; und schon war ich auf der Welt! Am 12.3.2012 erblickte ich im idyllischen Zams in Tirol zwischen meiner hochwohlgeborenen Haflinger-Verwandtschaft das Licht der Pferdewelt. Meine Mutter N\u00fcsschen, mit der h\u00f6chsten Auszeichnung (Elitestute und Pr\u00e4dikatsstute PE) pr\u00e4miert, ist eine routinierte Mamma. Ich sage Euch, sie ist eine Sch\u00f6nheit und das wei\u00df sie auch! Wie eine Diva bewegt sie sich und ich liebte sie von Anfang an. Keinen Schritt ging ich ohne sie.<\/p>\n<p><a href=\"https:\/\/i0.wp.com\/www.leben-atmen.com\/wp-content\/blogs.dir\/7\/files\/2016\/04\/861175506e97173003ad445f40505396.jpg?ssl=1\" data-rel=\"lightbox-image-0\" data-rl_title=\"\" data-rl_caption=\"\" title=\"\"><img data-recalc-dims=\"1\" decoding=\"async\" class=\"alignnone size-full\" src=\"https:\/\/i0.wp.com\/www.leben-atmen.com\/wp-content\/blogs.dir\/7\/files\/2016\/04\/861175506e97173003ad445f40505396.jpg?w=584&#038;ssl=1\" alt=\"\" \/><\/a><\/p>\n<p>Nobby, 4 Tage alt\u00a0(Foto: Simone Ochsenk\u00fchn)<\/p>\n<p><a href=\"https:\/\/i0.wp.com\/www.leben-atmen.com\/wp-content\/blogs.dir\/7\/files\/2016\/04\/fce5c5430688ffe833bda523cfc2e7fe.jpg?ssl=1\" data-rel=\"lightbox-image-1\" data-rl_title=\"\" data-rl_caption=\"\" title=\"\"><img data-recalc-dims=\"1\" decoding=\"async\" class=\"alignnone size-full\" src=\"https:\/\/i0.wp.com\/www.leben-atmen.com\/wp-content\/blogs.dir\/7\/files\/2016\/04\/fce5c5430688ffe833bda523cfc2e7fe.jpg?w=584&#038;ssl=1\" alt=\"\" \/><\/a><\/p>\n<p>v.l.n.r. Christoph, N\u00fcsschen und Seppl Haueis (Foto: Simone Ochsenk\u00fchn)<\/p>\n<p>Oktober 2012 war es dann so weit. Ich musste mein \u201eNest\u201c verlassen und in die gro\u00dfe Weite Bayerns reisen. Zusammen mit Frau Mamma ging das reibungslos. Doch dann kam der Trennungsschmerz! Fuhr sie doch wieder nach Hause und lie\u00df mich allein! Jedoch, zwischen all den neuen\u00a0Kumpels, verga\u00df ich bald und ich vergn\u00fcgte mich in der Aufzuchtstation Kiemertshofen.<\/p>\n<p><a href=\"https:\/\/i0.wp.com\/www.leben-atmen.com\/wp-content\/blogs.dir\/7\/files\/2016\/04\/d809501cf2b210f27428d32b8c418853.jpg?ssl=1\" data-rel=\"lightbox-image-2\" data-rl_title=\"\" data-rl_caption=\"\" title=\"\"><img data-recalc-dims=\"1\" decoding=\"async\" class=\"alignnone size-full\" src=\"https:\/\/i0.wp.com\/www.leben-atmen.com\/wp-content\/blogs.dir\/7\/files\/2016\/04\/d809501cf2b210f27428d32b8c418853.jpg?w=584&#038;ssl=1\" alt=\"\" \/><\/a><\/p>\n<p>Nobby 6 Monate alt\u00a0(Foto: Simone Ochsenk\u00fchn)<\/p>\n<p>2013 war ein unbeschwertes Kinderjahr. Den ganzen Sommer grasten\u00a0wir auf riesigen Wiesen und hatten nichts anderes zu tun, als zu spielen und zu wachsen. Da fiel uns auch mancher Scherz ein &#8211; Mein Oberkumpel kroch robbend durch den Zaun \u2013\u00a0Das war ein Spa\u00df! Nun ja, wenigstens f\u00fcr uns\u2026<\/p>\n<p>2014 hie\u00df es, erwachsen zu werden. Das Beschneidungsritual stand bevor. Ich verschlief es einfach. Seitdem bin ich viel ruhiger und denke nicht mehr so viel an M\u00e4dels. Auch dieses Jahr\u00a0war ich unbeschwert und frei &#8211; den ganzen Sommer lang\u2026<\/p>\n<p><a href=\"https:\/\/i0.wp.com\/www.leben-atmen.com\/wp-content\/blogs.dir\/7\/files\/2016\/04\/ea2e6aff34fd384759aeda46769e0479.jpg?ssl=1\" data-rel=\"lightbox-image-3\" data-rl_title=\"\" data-rl_caption=\"\" title=\"\"><img data-recalc-dims=\"1\" decoding=\"async\" class=\"alignnone size-full\" src=\"https:\/\/i0.wp.com\/www.leben-atmen.com\/wp-content\/blogs.dir\/7\/files\/2016\/04\/ea2e6aff34fd384759aeda46769e0479.jpg?w=584&#038;ssl=1\" alt=\"\" \/><\/a><\/p>\n<p>Nobby zweij\u00e4hrig (Foto: Simone Ochsenk\u00fchn)<\/p>\n<p>Im Herbst 2015 beschloss ich dann doch, mit meiner Karriere als Reitpferd zu beginnen und 2016, vierj\u00e4hrig, zeigte mir meine Bereiterin, Hanna Fu\u00df, wohin es mit\u00a0meiner Ausbildung als Westenreitpferd langgehen wird. Ich lerne gerne etwas Neues, auch wenn es mir manchmal nicht leichtf\u00e4llt, das alles immer\u00a0gleich zu verstehen. Aber wir haben ja Zeit!<\/p>\n<p><a href=\"https:\/\/i0.wp.com\/www.leben-atmen.com\/wp-content\/blogs.dir\/7\/files\/2016\/04\/655508d9df093d775d9fbbc3b1287378.jpg?ssl=1\" data-rel=\"lightbox-image-4\" data-rl_title=\"\" data-rl_caption=\"\" title=\"\"><img data-recalc-dims=\"1\" decoding=\"async\" class=\"alignnone size-full\" src=\"https:\/\/i0.wp.com\/www.leben-atmen.com\/wp-content\/blogs.dir\/7\/files\/2016\/04\/655508d9df093d775d9fbbc3b1287378.jpg?w=584&#038;ssl=1\" alt=\"\" \/><\/a><\/p>\n<p>Nobbys Style (Foto: Hanna Fu\u00df)<\/p>\n<p>2016: In all den Jahren hatte\u00a0ich meine Wurzeln nicht vergessen. Und ich fand\u00a0es an der Zeit, meine Mutter,\u00a0meiner Oma, meinen Geschwistern und\u00a0meinen Z\u00fcchtern Christoph und Seppl einen Besuch abzustatten. So machte ich mich auf, meine vierbeinige Verwandtschaft per Pedes zu besuchen, zusammen mit einem Drahtesel und Simone und Toni Ochsenk\u00fchn. Mitte Juni 2016 erreichten wir gl\u00fccklich und gesund Zams und meine Familie.<\/p>\n<p><a href=\"https:\/\/i0.wp.com\/www.leben-atmen.com\/wp-content\/blogs.dir\/9\/files\/2017\/05\/0d54f7c0864ed146ee22d6b704a10989.jpg?ssl=1\" data-rel=\"lightbox-image-5\" data-rl_title=\"\" data-rl_caption=\"\" title=\"\"><img data-recalc-dims=\"1\" decoding=\"async\" class=\"alignnone size-full\" src=\"https:\/\/i0.wp.com\/www.leben-atmen.com\/wp-content\/blogs.dir\/9\/files\/2017\/05\/0d54f7c0864ed146ee22d6b704a10989.jpg?w=584&#038;ssl=1\" alt=\"\" \/><\/a><\/p>\n<p>Dieses Jahr geht es von dort aus nach Italien, genauer nach Cortina d Ampezzo, einer kleinen Stadt in Italien in den Dolomiten. Das wird spannend!<\/p>\n<p>&nbsp;<\/p>\n","protected":false},"excerpt":{"rendered":"<p>Nobbys Vita: 12.3.2012 123 &#8211; und schon war ich auf der Welt! Am 12.3.2012 erblickte ich im idyllischen Zams in Tirol zwischen meiner hochwohlgeborenen Haflinger-Verwandtschaft das Licht der Pferdewelt. Meine Mutter N\u00fcsschen, mit der h\u00f6chsten Auszeichnung (Elitestute und Pr\u00e4dikatsstute PE) &hellip; <a href=\"https:\/\/www.leben-atmen.com\/nobbycortina\/nobby\/\">Weiterlesen <span class=\"meta-nav\">&rarr;<\/span><\/a><\/p>\n","protected":false},"author":2,"featured_media":0,"parent":0,"menu_order":0,"comment_status":"closed","ping_status":"closed","template":"","meta":{"footnotes":""},"class_list":["post-40","page","type-page","status-publish","hentry"],"jetpack_sharing_enabled":true,"_links":{"self":[{"href":"https:\/\/www.leben-atmen.com\/nobbycortina\/wp-json\/wp\/v2\/pages\/40","targetHints":{"allow":["GET"]}}],"collection":[{"href":"https:\/\/www.leben-atmen.com\/nobbycortina\/wp-json\/wp\/v2\/pages"}],"about":[{"href":"https:\/\/www.leben-atmen.com\/nobbycortina\/wp-json\/wp\/v2\/types\/page"}],"author":[{"embeddable":true,"href":"https:\/\/www.leben-atmen.com\/nobbycortina\/wp-json\/wp\/v2\/users\/2"}],"replies":[{"embeddable":true,"href":"https:\/\/www.leben-atmen.com\/nobbycortina\/wp-json\/wp\/v2\/comments?post=40"}],"version-history":[{"count":1,"href":"https:\/\/www.leben-atmen.com\/nobbycortina\/wp-json\/wp\/v2\/pages\/40\/revisions"}],"predecessor-version":[{"id":42,"href":"https:\/\/www.leben-atmen.com\/nobbycortina\/wp-json\/wp\/v2\/pages\/40\/revisions\/42"}],"wp:attachment":[{"href":"https:\/\/www.leben-atmen.com\/nobbycortina\/wp-json\/wp\/v2\/media?parent=40"}],"curies":[{"name":"wp","href":"https:\/\/api.w.org\/{rel}","templated":true}]}}