{"id":27,"date":"2016-04-05T11:03:22","date_gmt":"2016-04-05T09:03:22","guid":{"rendered":"https:\/\/www.leben-atmen.com\/nobby\/?page_id=27"},"modified":"2016-06-07T19:40:09","modified_gmt":"2016-06-07T17:40:09","slug":"nobby","status":"publish","type":"page","link":"https:\/\/www.leben-atmen.com\/nobby\/nobby\/","title":{"rendered":"Nobby"},"content":{"rendered":"<p>Nobbys Vita:<\/p>\n<p>12.3.2012<\/p>\n<p>123 &#8211; und schon war ich auf der Welt! Am 12.3.2012 erblickte ich im idyllischen Zams in Tirol zwischen meiner hochwohlgeborenen Haflinger-Verwandtschaft das Licht der Pferdewelt. Meine Mutter N\u00fcsschen, mit der h\u00f6chsten Auszeichnung (Elitestute und Pr\u00e4dikatsstute PE) pr\u00e4miert, ist eine routinierte Mamma. Ich sage Euch, sie ist eine Sch\u00f6nheit und das wei\u00df sie auch! Wie eine Diva bewegt sie sich und ich liebte sie von Anfang an. Keinen Schritt ging ich ohne sie.<\/p>\n<p><a href=\"https:\/\/i0.wp.com\/www.leben-atmen.com\/wp-content\/blogs.dir\/7\/files\/2016\/04\/861175506e97173003ad445f40505396.jpg?ssl=1\" data-rel=\"lightbox-image-0\" data-rl_title=\"\" data-rl_caption=\"\" title=\"\"><img data-recalc-dims=\"1\" decoding=\"async\" class=\"alignnone size-full\" src=\"https:\/\/i0.wp.com\/www.leben-atmen.com\/wp-content\/blogs.dir\/7\/files\/2016\/04\/861175506e97173003ad445f40505396.jpg?w=584&#038;ssl=1\" alt=\"\" \/><\/a><\/p>\n<p>Nobby, 4 Tage alt<\/p>\n<p>Oktober 2012 war es dann so weit. Ich musste mein \u201eNest\u201c verlassen und in die gro\u00dfe Weite Bayerns reisen. Zusammen mit Frau Mamma ging das reibungslos. Doch dann kam der Trennungsschmerz! Fuhr sie doch wieder nach Hause und lie\u00df mich allein! Jedoch, zwischen all den neuen\u00a0Kumpels, verga\u00df ich bald und ich vergn\u00fcgte mich mit den Jungs in der Aufzuchtstation Kiemertshofen.<\/p>\n<p><a href=\"https:\/\/i0.wp.com\/www.leben-atmen.com\/wp-content\/blogs.dir\/7\/files\/2016\/04\/d809501cf2b210f27428d32b8c418853.jpg?ssl=1\" data-rel=\"lightbox-image-1\" data-rl_title=\"\" data-rl_caption=\"\" title=\"\"><img data-recalc-dims=\"1\" decoding=\"async\" class=\"alignnone size-full\" src=\"https:\/\/i0.wp.com\/www.leben-atmen.com\/wp-content\/blogs.dir\/7\/files\/2016\/04\/d809501cf2b210f27428d32b8c418853.jpg?w=584&#038;ssl=1\" alt=\"\" \/><\/a><\/p>\n<p>Nobby 6 Monate alt<\/p>\n<p>2013 war ein unbeschwertes Kinderjahr. Den ganzen Sommer grasten\u00a0wir auf riesigen Wiesen und hatten nichts anderes zu tun, als zu spielen und zu wachsen. Da fiel uns auch mancher Scherz ein &#8211; Mein Oberkumpel kroch robbend durch den Zaun \u2013\u00a0Das war ein Spa\u00df! Nun ja, wenigstens f\u00fcr uns\u2026<\/p>\n<p>2014 hie\u00df es, erwachsen zu werden. Das Beschneidungsritual stand bevor. Ich verschlief es einfach. Seitdem bin ich viel ruhiger und denke nicht mehr so viel an M\u00e4dels. Auch dieses Jahr\u00a0war ich unbeschwert und frei &#8211; den ganzen Sommer lang\u2026<\/p>\n<p><a href=\"https:\/\/i0.wp.com\/www.leben-atmen.com\/wp-content\/blogs.dir\/7\/files\/2016\/04\/ea2e6aff34fd384759aeda46769e0479.jpg?ssl=1\" data-rel=\"lightbox-image-2\" data-rl_title=\"\" data-rl_caption=\"\" title=\"\"><img data-recalc-dims=\"1\" decoding=\"async\" class=\"alignnone size-full\" src=\"https:\/\/i0.wp.com\/www.leben-atmen.com\/wp-content\/blogs.dir\/7\/files\/2016\/04\/ea2e6aff34fd384759aeda46769e0479.jpg?w=584&#038;ssl=1\" alt=\"\" \/><\/a><\/p>\n<p>Nobby zweij\u00e4hrig<\/p>\n<p>Im Herbst 2015 beschloss ich dann doch, mit meiner Karriere als Reitpferd zu beginnen und dann\u00a02016, vierj\u00e4hrig, zeigte mir meine Bereiterin, Hanna Fu\u00df, wo es f\u00fcr meine Ausbildung als Westenreitpferd langgehen wird. Ich lerne gerne etwas Neues, auch wenn es mir manchmal nicht leichtf\u00e4llt, das alles immer\u00a0gleich zu verstehen. Aber wir haben ja Zeit!<\/p>\n<p><a href=\"https:\/\/i0.wp.com\/www.leben-atmen.com\/wp-content\/blogs.dir\/7\/files\/2016\/04\/655508d9df093d775d9fbbc3b1287378.jpg?ssl=1\" data-rel=\"lightbox-image-3\" data-rl_title=\"\" data-rl_caption=\"\" title=\"\"><img data-recalc-dims=\"1\" decoding=\"async\" class=\"alignnone size-full\" src=\"https:\/\/i0.wp.com\/www.leben-atmen.com\/wp-content\/blogs.dir\/7\/files\/2016\/04\/655508d9df093d775d9fbbc3b1287378.jpg?w=584&#038;ssl=1\" alt=\"\" \/><\/a><\/p>\n<p>Hobbys Style (Foto: Hanna Fu\u00df)<\/p>\n<p>In all den Jahren habe ich meine Wurzeln nicht vergessen. Und ich finde, es ist Zeit, meiner Mutter,\u00a0meiner Oma, meinen Geschwistern und\u00a0meinen Z\u00fcchtern Christoph und Seppl einen Besuch abzustatten. Und Ihr werdet lachen: die sehen mir alle \u00e4hnlich \ud83d\ude09 Ich freu mich auf ein Wiedersehen. Begleitet mich, w\u00fcrd mich freuen &#8211; Wieha!<\/p>\n<p><a href=\"https:\/\/i0.wp.com\/www.leben-atmen.com\/wp-content\/blogs.dir\/7\/files\/2016\/04\/fce5c5430688ffe833bda523cfc2e7fe.jpg?ssl=1\" data-rel=\"lightbox-image-4\" data-rl_title=\"\" data-rl_caption=\"\" title=\"\"><img data-recalc-dims=\"1\" decoding=\"async\" class=\"alignnone size-full\" src=\"https:\/\/i0.wp.com\/www.leben-atmen.com\/wp-content\/blogs.dir\/7\/files\/2016\/04\/fce5c5430688ffe833bda523cfc2e7fe.jpg?w=584&#038;ssl=1\" alt=\"\" \/><\/a><\/p>\n<p>Christoph, N\u00fcsschen und Seppl Haueis<\/p>\n","protected":false},"excerpt":{"rendered":"<p>Nobbys Vita: 12.3.2012 123 &#8211; und schon war ich auf der Welt! Am 12.3.2012 erblickte ich im idyllischen Zams in Tirol zwischen meiner hochwohlgeborenen Haflinger-Verwandtschaft das Licht der Pferdewelt. Meine Mutter N\u00fcsschen, mit der h\u00f6chsten Auszeichnung (Elitestute und Pr\u00e4dikatsstute PE) &hellip; <a href=\"https:\/\/www.leben-atmen.com\/nobby\/nobby\/\">Weiterlesen <span class=\"meta-nav\">&rarr;<\/span><\/a><\/p>\n","protected":false},"author":2,"featured_media":0,"parent":0,"menu_order":0,"comment_status":"closed","ping_status":"closed","template":"sidebar-page.php","meta":{"footnotes":""},"class_list":["post-27","page","type-page","status-publish","hentry"],"jetpack_sharing_enabled":true,"_links":{"self":[{"href":"https:\/\/www.leben-atmen.com\/nobby\/wp-json\/wp\/v2\/pages\/27","targetHints":{"allow":["GET"]}}],"collection":[{"href":"https:\/\/www.leben-atmen.com\/nobby\/wp-json\/wp\/v2\/pages"}],"about":[{"href":"https:\/\/www.leben-atmen.com\/nobby\/wp-json\/wp\/v2\/types\/page"}],"author":[{"embeddable":true,"href":"https:\/\/www.leben-atmen.com\/nobby\/wp-json\/wp\/v2\/users\/2"}],"replies":[{"embeddable":true,"href":"https:\/\/www.leben-atmen.com\/nobby\/wp-json\/wp\/v2\/comments?post=27"}],"version-history":[{"count":10,"href":"https:\/\/www.leben-atmen.com\/nobby\/wp-json\/wp\/v2\/pages\/27\/revisions"}],"predecessor-version":[{"id":28,"href":"https:\/\/www.leben-atmen.com\/nobby\/wp-json\/wp\/v2\/pages\/27\/revisions\/28"}],"wp:attachment":[{"href":"https:\/\/www.leben-atmen.com\/nobby\/wp-json\/wp\/v2\/media?parent=27"}],"curies":[{"name":"wp","href":"https:\/\/api.w.org\/{rel}","templated":true}]}}