{"id":359,"date":"2012-06-06T13:48:26","date_gmt":"2012-06-06T11:48:26","guid":{"rendered":"https:\/\/www.leben-atmen.com\/marrakesh\/?page_id=359"},"modified":"2019-08-12T08:39:42","modified_gmt":"2019-08-12T06:39:42","slug":"app-fur-iphoneipad","status":"publish","type":"page","link":"https:\/\/www.leben-atmen.com\/marrakesh\/app-fur-iphoneipad\/","title":{"rendered":"App f\u00fcr iPhone\/iPad"},"content":{"rendered":"<p><strong>Das kostenlose App zur Reise (iPhone, iPad)<\/strong><\/p>\n<p><a href=\"https:\/\/www.leben-atmen.com\/wp-content\/blogs.dir\/3\/files\/2012\/06\/AppIcon.png\" data-rel=\"lightbox-image-0\" data-rl_title=\"\" data-rl_caption=\"\" title=\"\"><img decoding=\"async\" class=\"alignnone size-full\" src=\"https:\/\/www.leben-atmen.com\/wp-content\/blogs.dir\/3\/files\/2012\/06\/AppIcon.png\" alt=\"\" \/><\/a><\/p>\n<p>Mit dieser <strong><a href=\"http:\/\/itunes.apple.com\/de\/app\/leben-atmen\/id376821310?mt=8\" title=\"leben atmen - app\" target=\"_blank\" rel=\"noopener noreferrer\">Gratis-App<\/a><\/strong> (Leben atmen) hat jeder die M\u00f6glichkeit, unsere gefahrene Route \u00fcber getrackte GPS-Daten nachzuverfolgen. Weiterhin erscheinen dort unsere Tagebucheintr\u00e4ge inkl. Text, Fotos und Videos, die st\u00e4ndig aktualisiert werden, so dass damit die Radreise live mitverfolgt werden kann. Eine Kommentarfunktion ist ebenso vorhanden und bietet jedem Anwender die M\u00f6glichkeit, W\u00fcnsche, Anregungen oder Fragen an uns zu formulieren.<\/p>\n<p>Die App gibt es im AppStore von Apple und kann <a href=\"http:\/\/itunes.apple.com\/de\/app\/leben-atmen\/id376821310?mt=8\" title=\"leben atmen app\" target=\"_blank\" rel=\"noopener noreferrer\">hier<\/a> geladen werden.<\/p>\n<p>Viel Spa\u00df mit unserer kostenfreien iPhone- und iPad-App!<\/p>\n<p><strong><br \/>\nBeschreibungstext f\u00fcr die App:<\/strong><\/p>\n<p><strong>Leben atmen &#8211;\u00a0Kulturradreise 2012 von\u00a0Obergriesbach nach Marrakesch<\/strong><\/p>\n<p>Erleben Sie Europa, live und hautnah \u2013 und seien Sie dabei bei der Kulturradreise 2012 von Obergriesbach nach Marrakesch des Autorenehepaars Simone und Anton Ochsenk\u00fchn.<br \/>\nDie ungef\u00e4hr 3500 Kilometer beginnen im Wittelsbacher Land, im Landkreis Aichach-Friedberg und f\u00fchren die Ochsenk\u00fchns weiter in die Schweiz, \u00fcber den St.-Gotthard-Pass, hinunter nach Italien. Die beiden Globetrotter haben geplant, \u00fcber die Cote d&#8217;Azur und die Carmargue Frankreich zu passieren, um von dort aus nach Barcelona in Spanien zu gelangen.<br \/>\nHier wird eine F\u00e4hre nach Mallorca genommen, um sich im beliebten Urlaubsdomizil der Deutschen einmal umzusehen. Weiter geht es mit dem Schiff nach Ibiza, und dann \u00fcber diese Insel wieder zur\u00fcck zum Festland nach Denia, Spanien. Von dort aus werden sie weiter bis zum Stadtstaat Gibraltar radeln. Hier angekommen, setzen sie mit der F\u00e4hre nach Tangier\/Marokko \u00fcber und begeben sich per Velo weiter nach Rabat. Sie n\u00e4hern sich dem Atlasgebirge um in Marrakesch ihr Ziel zu erreichen.<br \/>\nDie Reise beginnt an ihrem elften Hochzeitstag, dem 23. Juni 2012 um 10 Uhr in Obergriesbach und wird ca. 6-7 Wochen sp\u00e4ter mit der Ankunft in Marrakesch enden.<br \/>\nPer iPhone- und iPad-App oder per Internetblog sind Sie auf dieser Reise quasi live dabei! Die Autoren und Inhaber des amac-buch-Verlags werden auf der gesamten Strecke die App bzw. den Blog t\u00e4glich mit Text-, Bild- und Videoinformationen speisen.<br \/>\nAuf dem Weg gilt es, die verschiedenen L\u00e4nder zu entdecken, deren kulinarischen Spezialit\u00e4ten kennen zu lernen, Traditionen zu erfahren und vor allem, Menschen zu treffen, um aus diesen Begegnungen zu lernen und zu wachsen. Zudem geht es darum, den eigenen K\u00f6rper zu \u201cerfahren\u201d und dessen Leistungsgrenzen zu testen.<br \/>\nGenie\u00dfen Sie die Kulturradreise 2012 bequem vom iPad und iPhone aus, wenn die Tour startet und g\u00f6nnen Sie sich jeden Tag ein kleines bisschen Auszeit mit den aktuellen Reiseschilderungen.<br \/>\nFunktionen der kostenlosen App:<\/p>\n<ul>\n<li>Countdown bis zum Start<\/li>\n<li>\u00dcbersichtskarte der geplanten Tour (blau)<\/li>\n<li>Tats\u00e4chliche Tourdaten (rot)<\/li>\n<li>t\u00e4glicher Tourenbericht mit H\u00f6henprofil (km, Std., H\u00f6henmeter, etc.)<\/li>\n<li>\u00dcbersichtskarte in verschiedenen Darstellungen (Karte, Satellit, Hybrid)<\/li>\n<li>Anzeige der bislang gefahrenen Streckenl\u00e4nge<\/li>\n<li>aktuelle Beitr\u00e4ge von Simone und Anton in Wort, Bild und Video<\/li>\n<li>Bildergalerie<\/li>\n<li>Kommentarfunktion f\u00fcr jeden Zuschauer\/in<\/li>\n<\/ul>\n","protected":false},"excerpt":{"rendered":"<p>Das kostenlose App zur Reise (iPhone, iPad) Mit dieser Gratis-App (Leben atmen) hat jeder die M\u00f6glichkeit, unsere gefahrene Route \u00fcber getrackte GPS-Daten nachzuverfolgen. Weiterhin erscheinen dort unsere Tagebucheintr\u00e4ge inkl. Text, Fotos und Videos, die st\u00e4ndig aktualisiert werden, so dass damit &hellip; <a href=\"https:\/\/www.leben-atmen.com\/marrakesh\/app-fur-iphoneipad\/\">Weiterlesen <span class=\"meta-nav\">&rarr;<\/span><\/a><\/p>\n","protected":false},"author":100,"featured_media":0,"parent":0,"menu_order":0,"comment_status":"closed","ping_status":"closed","template":"","meta":{"footnotes":""},"class_list":["post-359","page","type-page","status-publish","hentry"],"jetpack_sharing_enabled":true,"_links":{"self":[{"href":"https:\/\/www.leben-atmen.com\/marrakesh\/wp-json\/wp\/v2\/pages\/359","targetHints":{"allow":["GET"]}}],"collection":[{"href":"https:\/\/www.leben-atmen.com\/marrakesh\/wp-json\/wp\/v2\/pages"}],"about":[{"href":"https:\/\/www.leben-atmen.com\/marrakesh\/wp-json\/wp\/v2\/types\/page"}],"author":[{"embeddable":true,"href":"https:\/\/www.leben-atmen.com\/marrakesh\/wp-json\/wp\/v2\/users\/100"}],"replies":[{"embeddable":true,"href":"https:\/\/www.leben-atmen.com\/marrakesh\/wp-json\/wp\/v2\/comments?post=359"}],"version-history":[{"count":6,"href":"https:\/\/www.leben-atmen.com\/marrakesh\/wp-json\/wp\/v2\/pages\/359\/revisions"}],"predecessor-version":[{"id":361,"href":"https:\/\/www.leben-atmen.com\/marrakesh\/wp-json\/wp\/v2\/pages\/359\/revisions\/361"}],"wp:attachment":[{"href":"https:\/\/www.leben-atmen.com\/marrakesh\/wp-json\/wp\/v2\/media?parent=359"}],"curies":[{"name":"wp","href":"https:\/\/api.w.org\/{rel}","templated":true}]}}