{"id":283,"date":"2014-05-22T10:52:56","date_gmt":"2014-05-22T08:52:56","guid":{"rendered":"https:\/\/www.leben-atmen.com\/lissabon\/?page_id=283"},"modified":"2014-05-22T14:23:47","modified_gmt":"2014-05-22T12:23:47","slug":"amac-buch-verlag","status":"publish","type":"page","link":"https:\/\/www.leben-atmen.com\/lissabon\/amac-buch-verlag\/","title":{"rendered":"amac-buch Verlag"},"content":{"rendered":"<p>Was steckt dahinter?<\/p>\n<p>Wir, der amac-buch Verlag sind ein Premiumfachverlag f\u00fcr Apple-Produkte. Mac, iPhone, iPad und iPod sind komplexe Ger\u00e4te, die sich auf den ersten Blick zwar einfach bedienen lassen, aber dennoch steckt mehr drin, als man selbst herausfinden kann. Wir helfen dem Benutzer, noch mehr aus seinen Computern und Devices zu holen, mehr Spa\u00df und Erfolg im Alltag zu generieren und sie voll auszunutzen.<\/p>\n<p>F\u00fcr Beginner bieten wir unsere Ein- und Umsteiger-Linie an, f\u00fcr Profis \u00a0Softwarebeschreibungen, die bis ins Detail reichen. Dieses Portfolio runden wir durch Pocketb\u00fccher mit Themen wie iTunes oder iCloud ab.<\/p>\n<p>Wie kam es zu den Reiseerz\u00e4hlungen bzw. -b\u00fcchern? \u00a02008 wollten Simone und Anton Ochsenk\u00fchn eine l\u00e4ngere Reise zu Fu\u00df unternehmen und beschritten den Franziskusweg in Italien. Dieser 500 km lange Pilgerweg, der vier Wochen beansprucht, f\u00fchrt von Florenz nach Rom. Das war der Startschuss f\u00fcr Wegbeschreibungen, GPS-Wegef\u00fchrungen und Reiseerz\u00e4hlungen per Buch oder Blog.<\/p>\n<p style=\"text-align: center;\"><a href=\"http:\/\/www.amac-buch.de\" target=\"_blank\"><img loading=\"lazy\" decoding=\"async\" class=\"aligncenter\" title=\"amac-buch Verlag\" alt=\"\" src=\"https:\/\/www.leben-atmen.com\/wp-content\/blogs.dir\/5\/files\/2014\/05\/Amac-Buch-Logo2013_zeichenwege.jpg\" width=\"419\" height=\"582\" \/><\/a><\/p>\n","protected":false},"excerpt":{"rendered":"<p>Was steckt dahinter? Wir, der amac-buch Verlag sind ein Premiumfachverlag f\u00fcr Apple-Produkte. Mac, iPhone, iPad und iPod sind komplexe Ger\u00e4te, die sich auf den ersten Blick zwar einfach bedienen lassen, aber dennoch steckt mehr drin, als man selbst herausfinden kann. &hellip; <a href=\"https:\/\/www.leben-atmen.com\/lissabon\/amac-buch-verlag\/\">Weiterlesen <span class=\"meta-nav\">&rarr;<\/span><\/a><\/p>\n","protected":false},"author":2,"featured_media":0,"parent":0,"menu_order":7,"comment_status":"open","ping_status":"open","template":"","meta":{"footnotes":""},"class_list":["post-283","page","type-page","status-publish","hentry"],"jetpack_sharing_enabled":true,"_links":{"self":[{"href":"https:\/\/www.leben-atmen.com\/lissabon\/wp-json\/wp\/v2\/pages\/283","targetHints":{"allow":["GET"]}}],"collection":[{"href":"https:\/\/www.leben-atmen.com\/lissabon\/wp-json\/wp\/v2\/pages"}],"about":[{"href":"https:\/\/www.leben-atmen.com\/lissabon\/wp-json\/wp\/v2\/types\/page"}],"author":[{"embeddable":true,"href":"https:\/\/www.leben-atmen.com\/lissabon\/wp-json\/wp\/v2\/users\/2"}],"replies":[{"embeddable":true,"href":"https:\/\/www.leben-atmen.com\/lissabon\/wp-json\/wp\/v2\/comments?post=283"}],"version-history":[{"count":2,"href":"https:\/\/www.leben-atmen.com\/lissabon\/wp-json\/wp\/v2\/pages\/283\/revisions"}],"predecessor-version":[{"id":290,"href":"https:\/\/www.leben-atmen.com\/lissabon\/wp-json\/wp\/v2\/pages\/283\/revisions\/290"}],"wp:attachment":[{"href":"https:\/\/www.leben-atmen.com\/lissabon\/wp-json\/wp\/v2\/media?parent=283"}],"curies":[{"name":"wp","href":"https:\/\/api.w.org\/{rel}","templated":true}]}}