{"id":243,"date":"2014-05-21T11:16:33","date_gmt":"2014-05-21T09:16:33","guid":{"rendered":"https:\/\/www.leben-atmen.com\/lissabon\/?page_id=243"},"modified":"2014-05-21T11:33:51","modified_gmt":"2014-05-21T09:33:51","slug":"bildergalerie","status":"publish","type":"page","link":"https:\/\/www.leben-atmen.com\/lissabon\/bildergalerie\/","title":{"rendered":"Bildergalerie"},"content":{"rendered":"<p>Die besten Bilder der Reise sind hier \u00fcber die<a title=\"Bilder Obergriesbach-Lissabon 2014\" href=\"https:\/\/www.flickr.com\/photos\/78563425@N04\/sets\/72157644730332525\/\" target=\"_blank\">\u00a0\u00a0Webseite von flickr\u00a0<\/a>f\u00fcr Jedermann zug\u00e4nglich<\/p>\n<p>Wir w\u00fcnschen viel Freude beim Ansehen und Genie\u00dfen.<\/p>\n<p><a title=\"Bilder Obergriesbach-Lissabon 2014\" href=\"https:\/\/www.flickr.com\/photos\/78563425@N04\/sets\/72157644730332525\/\" target=\"_blank\"><img decoding=\"async\" class=\"alignnone size-full\" alt=\"\" src=\"https:\/\/www.leben-atmen.com\/wp-content\/blogs.dir\/5\/files\/2014\/05\/flickr-logo-2012.png.v1.png\" \/><\/a><\/p>\n","protected":false},"excerpt":{"rendered":"<p>Die besten Bilder der Reise sind hier \u00fcber die\u00a0\u00a0Webseite von flickr\u00a0f\u00fcr Jedermann zug\u00e4nglich Wir w\u00fcnschen viel Freude beim Ansehen und Genie\u00dfen.<\/p>\n","protected":false},"author":3,"featured_media":0,"parent":0,"menu_order":1,"comment_status":"open","ping_status":"open","template":"","meta":{"footnotes":""},"class_list":["post-243","page","type-page","status-publish","hentry"],"jetpack_sharing_enabled":true,"_links":{"self":[{"href":"https:\/\/www.leben-atmen.com\/lissabon\/wp-json\/wp\/v2\/pages\/243","targetHints":{"allow":["GET"]}}],"collection":[{"href":"https:\/\/www.leben-atmen.com\/lissabon\/wp-json\/wp\/v2\/pages"}],"about":[{"href":"https:\/\/www.leben-atmen.com\/lissabon\/wp-json\/wp\/v2\/types\/page"}],"author":[{"embeddable":true,"href":"https:\/\/www.leben-atmen.com\/lissabon\/wp-json\/wp\/v2\/users\/3"}],"replies":[{"embeddable":true,"href":"https:\/\/www.leben-atmen.com\/lissabon\/wp-json\/wp\/v2\/comments?post=243"}],"version-history":[{"count":2,"href":"https:\/\/www.leben-atmen.com\/lissabon\/wp-json\/wp\/v2\/pages\/243\/revisions"}],"predecessor-version":[{"id":248,"href":"https:\/\/www.leben-atmen.com\/lissabon\/wp-json\/wp\/v2\/pages\/243\/revisions\/248"}],"wp:attachment":[{"href":"https:\/\/www.leben-atmen.com\/lissabon\/wp-json\/wp\/v2\/media?parent=243"}],"curies":[{"name":"wp","href":"https:\/\/api.w.org\/{rel}","templated":true}]}}