{"id":241,"date":"2014-05-21T11:12:07","date_gmt":"2014-05-21T09:12:07","guid":{"rendered":"https:\/\/www.leben-atmen.com\/lissabon\/?page_id=241"},"modified":"2026-01-03T20:02:28","modified_gmt":"2026-01-03T19:02:28","slug":"impressumcopyright","status":"publish","type":"page","link":"https:\/\/www.leben-atmen.com\/lissabon\/impressumcopyright\/","title":{"rendered":"Impressum"},"content":{"rendered":"<p>mpressum, Copyright<br \/>\nImpressum gem\u00e4ss \u00a7 6 Teledienstegesetz (TDG)<\/p>\n<p><strong>Inhaltlich Verantwortlicher gem\u00e4ss<br \/>\n\u00a7 6 Mediendienstestaatsvertrag (MDStV):<\/strong><br \/>\nAnton Ochsenk\u00fchn<br \/>\namac-buch-Verlag eGbR<br \/>\nErlenweg 6<br \/>\n86573 Obergriesbach<br \/>\nTel. +49 (0) 82 51\/82 71 37<br \/>\nFax +49 (0) 82 51-82 71 38<\/p>\n<p>E-Mail:\u00a0<a href=\"mailto:info@amac-buch.de\">info (at) amac-buch.de<\/a><br \/>\nhttp:\/\/www.amac-buch.de<\/p>\n<p>Haftungshinweis:<br \/>\nUnsere Internet-Pr\u00e4senz enth\u00e4lt Links zu Inhalten externer Anbieter. Wir kontrollieren die verlinkten Inhalte in diesem Sinne regelm\u00e4\u00dfig und sorgf\u00e4ltig. Gleichwohl k\u00f6nnen wir es nicht sicher ausschlie\u00dfen, dass sich z. B. infolge Zeitablaufs oder Ver\u00e4nderung der Inhalte im Nachhinein, Gesetzes- oder Verletzungen von Rechten Dritter durch die verlinkten externen Inhalte ergeben k\u00f6nnten. Eine Haftung f\u00fcr die externen verlinkten Inhalte schlie\u00dfen wir daher aus. F\u00fcr die externen Inhalte sind deren Betreiber bzw. Anbieter verantwortlich.<\/p>\n<p>Bei technischen Fragen wenden Sie sich bitte an:<br \/>\nE-Mail: info@amac-buch.de<\/p>\n<p>Copyright<\/p>\n<p>Die Rechte aller inhaltlichen Daten und Bilder liegen bei den Autoren. Das Kopieren, Weiterverarbeiten der Daten und Bilder, auch in Ausz\u00fcgen, ist nur mit ausdr\u00fccklicher Genehmigung des Verlages gestattet.<\/p>\n<p>\u00a9 copyright 2014 amac-buch Verlag<\/p>\n","protected":false},"excerpt":{"rendered":"<p>mpressum, Copyright Impressum gem\u00e4ss \u00a7 6 Teledienstegesetz (TDG) Inhaltlich Verantwortlicher gem\u00e4ss \u00a7 6 Mediendienstestaatsvertrag (MDStV): Anton Ochsenk\u00fchn amac-buch-Verlag eGbR Erlenweg 6 86573 Obergriesbach Tel. +49 (0) 82 51\/82 71 37 Fax +49 (0) 82 51-82 71 38 E-Mail:\u00a0info (at) amac-buch.de &hellip; <a href=\"https:\/\/www.leben-atmen.com\/lissabon\/impressumcopyright\/\">Weiterlesen <span class=\"meta-nav\">&rarr;<\/span><\/a><\/p>\n","protected":false},"author":3,"featured_media":0,"parent":0,"menu_order":8,"comment_status":"open","ping_status":"open","template":"","meta":{"footnotes":""},"class_list":["post-241","page","type-page","status-publish","hentry"],"jetpack_sharing_enabled":true,"_links":{"self":[{"href":"https:\/\/www.leben-atmen.com\/lissabon\/wp-json\/wp\/v2\/pages\/241","targetHints":{"allow":["GET"]}}],"collection":[{"href":"https:\/\/www.leben-atmen.com\/lissabon\/wp-json\/wp\/v2\/pages"}],"about":[{"href":"https:\/\/www.leben-atmen.com\/lissabon\/wp-json\/wp\/v2\/types\/page"}],"author":[{"embeddable":true,"href":"https:\/\/www.leben-atmen.com\/lissabon\/wp-json\/wp\/v2\/users\/3"}],"replies":[{"embeddable":true,"href":"https:\/\/www.leben-atmen.com\/lissabon\/wp-json\/wp\/v2\/comments?post=241"}],"version-history":[{"count":3,"href":"https:\/\/www.leben-atmen.com\/lissabon\/wp-json\/wp\/v2\/pages\/241\/revisions"}],"predecessor-version":[{"id":242,"href":"https:\/\/www.leben-atmen.com\/lissabon\/wp-json\/wp\/v2\/pages\/241\/revisions\/242"}],"wp:attachment":[{"href":"https:\/\/www.leben-atmen.com\/lissabon\/wp-json\/wp\/v2\/media?parent=241"}],"curies":[{"name":"wp","href":"https:\/\/api.w.org\/{rel}","templated":true}]}}