{"id":2,"date":"2014-04-04T12:50:14","date_gmt":"2014-04-04T12:50:14","guid":{"rendered":"https:\/\/www.leben-atmen.com\/lissabon\/?page_id=2"},"modified":"2014-05-22T14:21:36","modified_gmt":"2014-05-22T12:21:36","slug":"beispiel-seite","status":"publish","type":"page","link":"https:\/\/www.leben-atmen.com\/lissabon\/beispiel-seite\/","title":{"rendered":"B\u00fcrger helfen B\u00fcrgern"},"content":{"rendered":"<p>Im Jahre 2013 unterst\u00fctzten wir Ralf, der an schleichender Multiple Sklerose leidet und konnten durch Spenden \u00fcber 6000 Euro f\u00fcr ein Behindertenrad sammeln. Im Herbst 2013 dann, war es soweit, wir konnten die erste Probefahrt unternehmen. In diesem Jahr bei der Kulturradreise 2014 unterst\u00fctzen wir die heimische Stiftung in Aichach, die &#8222;B\u00fcrgerhilfe&#8220;.<\/p>\n<p style=\"text-align: center;\"><a href=\"https:\/\/www.leben-atmen.com\/wp-content\/blogs.dir\/5\/files\/2014\/04\/IMG_15361.jpg\" data-rel=\"lightbox-image-0\" data-rl_title=\"\" data-rl_caption=\"\"><img loading=\"lazy\" decoding=\"async\" class=\"aligncenter\" title=\"\" alt=\"\" src=\"https:\/\/www.leben-atmen.com\/wp-content\/blogs.dir\/5\/files\/2014\/04\/IMG_15361.jpg\" width=\"1175\" height=\"881\" \/><\/a><br \/>\n<strong>B\u00fcrger helfen B\u00fcrgern &#8211; B\u00fcrgerstiftung Aichach \u2028\u00a0<\/strong><\/p>\n<p>Die Stiftung unterst\u00fctzt vorwiegend B\u00fcrger des Aichacher Landes, die wegen ihres k\u00f6rperlichen, geistigen oder seelischen Zustandes auf die Hilfe anderer angewiesen sind, die unter dem Existenzminimum leben oder deren wirtschaftliche Lage aus besonderen Gr\u00fcnden zu einer Notlage geworden ist. Die Stiftung setzt dort an, wo staatliche Hilfen nicht mehr ausreichen oder keine gew\u00e4hrt werden.\u00a0Jeder Euro kommt hier an die richtige Stelle.<br \/>\n<strong>Bitte spenden Sie unter dem Betreff &#8222;Kulturradreise 2014&#8220;.<\/strong><br \/>\n<strong>Spendenkonto Augusta-Bank Aichach 5584060, BLZ 720 900 00\u2028Spendenkonto Stadtsparkasse Aichach 560089740, BLZ 720 512 10<\/strong><\/p>\n","protected":false},"excerpt":{"rendered":"<p>Im Jahre 2013 unterst\u00fctzten wir Ralf, der an schleichender Multiple Sklerose leidet und konnten durch Spenden \u00fcber 6000 Euro f\u00fcr ein Behindertenrad sammeln. Im Herbst 2013 dann, war es soweit, wir konnten die erste Probefahrt unternehmen. In diesem Jahr bei &hellip; <a href=\"https:\/\/www.leben-atmen.com\/lissabon\/beispiel-seite\/\">Weiterlesen <span class=\"meta-nav\">&rarr;<\/span><\/a><\/p>\n","protected":false},"author":4,"featured_media":0,"parent":0,"menu_order":4,"comment_status":"open","ping_status":"open","template":"","meta":{"footnotes":""},"class_list":["post-2","page","type-page","status-publish","hentry"],"jetpack_sharing_enabled":true,"_links":{"self":[{"href":"https:\/\/www.leben-atmen.com\/lissabon\/wp-json\/wp\/v2\/pages\/2","targetHints":{"allow":["GET"]}}],"collection":[{"href":"https:\/\/www.leben-atmen.com\/lissabon\/wp-json\/wp\/v2\/pages"}],"about":[{"href":"https:\/\/www.leben-atmen.com\/lissabon\/wp-json\/wp\/v2\/types\/page"}],"author":[{"embeddable":true,"href":"https:\/\/www.leben-atmen.com\/lissabon\/wp-json\/wp\/v2\/users\/4"}],"replies":[{"embeddable":true,"href":"https:\/\/www.leben-atmen.com\/lissabon\/wp-json\/wp\/v2\/comments?post=2"}],"version-history":[{"count":5,"href":"https:\/\/www.leben-atmen.com\/lissabon\/wp-json\/wp\/v2\/pages\/2\/revisions"}],"predecessor-version":[{"id":228,"href":"https:\/\/www.leben-atmen.com\/lissabon\/wp-json\/wp\/v2\/pages\/2\/revisions\/228"}],"wp:attachment":[{"href":"https:\/\/www.leben-atmen.com\/lissabon\/wp-json\/wp\/v2\/media?parent=2"}],"curies":[{"name":"wp","href":"https:\/\/api.w.org\/{rel}","templated":true}]}}