{"id":70,"date":"2016-12-14T10:30:06","date_gmt":"2016-12-14T09:30:06","guid":{"rendered":"https:\/\/www.leben-atmen.com\/leben-atmen-wp\/?page_id=70"},"modified":"2017-03-29T16:05:28","modified_gmt":"2017-03-29T14:05:28","slug":"gps-anleitung","status":"publish","type":"page","link":"https:\/\/www.leben-atmen.com\/leben-atmen-wp\/franziskusweg\/gps-anleitung\/","title":{"rendered":"GPS Anleitung"},"content":{"rendered":"<div class=\"wpb-content-wrapper\"><p>[vc_row css_animation=&#8221;zoomIn&#8221; css=&#8221;.vc_custom_1481798172123{margin-bottom: 24px !important;}&#8221;][vc_column][vc_custom_heading text=&#8221;GPS-Daten \u2013 sicheres Pilgern auf dem Franziskusweg&#8221; font_container=&#8221;tag:h1|font_size:48|text_align:center&#8221; google_fonts=&#8221;font_family:Cinzel%3Aregular%2C700%2C900|font_style:400%20regular%3A400%3Anormal&#8221; css_animation=&#8221;none&#8221;][\/vc_column][\/vc_row][vc_row css_animation=&#8221;none&#8221;][vc_column css_animation=&#8221;fadeInLeft&#8221; width=&#8221;1\/2&#8243;][vc_column_text css_animation=&#8221;none&#8221;]Wir haben den gesamten Franziskusweg elektronisch exakt vermessen und k\u00f6nnen Ihnen deswegen die GPS-Daten zur Verf\u00fcgung stellen. Alles was Sie ben\u00f6tigen, ist ein Abspielger\u00e4t, vorzugsweise der Firma GARMIN. Wir empfehlen diese Ger\u00e4te aufgrund der absolut zuverl\u00e4ssigen Satellitenortung, auch in einsamen und bergigem Gel\u00e4nde, sowie einer langen Batterielaufzeit.<\/p>\n<p>Mit den GPS-Daten gelingt Ihre Pilgerreise problemfrei. Sie werden ohne weitere Hilfen exakt Ihre Zieladressen erreichen und unterwegs auf besondere Highlights hingewiesen.<\/p>\n<p><strong><span style=\"color: #8a9aee;\">GPS-Daten Franziskusweg \u2013 Anleitung<\/span><\/strong><\/p>\n<ol>\n<li><span style=\"color: #8a9aee;\"><strong>GPS-Ger\u00e4t erwerben:<\/strong> <\/span>W\u00e4hlen Sie ein Ger\u00e4t aus, das \u00fcber ein sehr gutes Display und \u00fcber eine lange Batterielaufzeit verf\u00fcgt. Sie k\u00f6nnen sich zun\u00e4chst bei z. B. www.garmin.de Produkte (GPS-Handger\u00e4te mit Kartendarstellung) ansehen und ein geeignetes Modell w\u00e4hlen. Sie k\u00f6nnen sich aber ebenso in Elektronikfachgesch\u00e4ften oder Sportfachgesch\u00e4ften nach Ger\u00e4ten erkundigen, die GPS-Wegedaten abspielen k\u00f6nnen.<\/li>\n<li><strong><span style=\"color: #8a9aee;\">GPS-Daten kaufen oder gratis laden:<\/span><\/strong> Ist das Ger\u00e4t gekauft, dann k\u00f6nnen Sie als n\u00e4chstes unsere GPS-Daten auf das Ger\u00e4t aufspielen. Besorgen Sie sich dazu von unserer Webseite <a href=\"http:\/\/www.amac-buch.de\/gps-reisen\/GPS\" target=\"_blank\">http:\/\/www.amac-buch.de\/gps-reisen\/GPS<\/a> die Touren, die Sie erwerben m\u00f6chten. Per Vorauskasse bzw. per PayPal\u00ae bezahlt, senden wir Ihnen umgehend die Wegdaten zu. Legen Sie diese zun\u00e4chst auf Ihrem Computer ab.<\/li>\n<\/ol>\n<p>[\/vc_column_text][vc_column_text css_animation=&#8221;none&#8221; css=&#8221;.vc_custom_1486474953242{margin-top: 18px !important;margin-bottom: 18px !important;padding-top: 12px !important;padding-right: 12px !important;padding-bottom: 12px !important;padding-left: 12px !important;background-color: #ffdf94 !important;}&#8221;]<strong><span style=\"color: #8a9aee;\">Hinweis:<\/span><\/strong> Jedes Buch \u201eFranziskusweg Pilgerf\u00fchrer\u201c beinhaltet einen individuellen Gutscheincode, der einen Gratis-Download erm\u00f6glicht. Folgen Sie den Anweisungen im Buch in dem Informationskasten direkt nach\u00a0dem Inhaltsverzeichnis.[\/vc_column_text][vc_column_text css_animation=&#8221;none&#8221;]<\/p>\n<ol start=\"3\">\n<li>Jetzt m\u00fcssen Sie auf Ihrem PC oder Mac die Garmin\u00ae-Software (Garmin BaseCamp) installieren, die Sie auf dem Datentr\u00e4ger finden, der dem Garmin-Produkt beigelegt war. Alternativ finden Sie die Software im Internet:\u00a0<a href=\"http:\/\/www.garmin.com\/de\/topo\/planungampc\/\">http:\/\/www.garmin.com\/de\/topo\/planungampc\/<\/a><\/li>\n<\/ol>\n<p>[\/vc_column_text][\/vc_column][vc_column css_animation=&#8221;fadeInRight&#8221; width=&#8221;1\/2&#8243;][vc_column_text css_animation=&#8221;none&#8221;]<\/p>\n<ol start=\"4\">\n<li>Starten Sie nun das Programm BaseCamp\u00a0und Sie w\u00e4hlen den Men\u00fcpunkt <span style=\"color: #8a9aee;\"><strong>Datei \u2013&gt; In &#8220;xy&#8221; importieren<\/strong><\/span>\u00a0aus. W\u00e4hlen Sie bei Dateityp <span style=\"color: #8a9aee;\"><strong>*.gpx <\/strong><\/span>aus und navigieren Sie an den Ablageort, wo Sie die Daten von 2. abgespeichert hatten.<\/li>\n<li>Anschlie\u00dfend sehen Sie den geladenen Track in der linke Spalte des Programms BaseCamp. Sie k\u00f6nnen diesen Track nun anklicken, und mit der rechten Maustaste (Kontextmen\u00fc) erhalten Sie den Eintrag &#8220;Inhalt\u00a0auf Karte anzeigen&#8221;, und schon sehen Sie rechts daneben den gespeicherten Weg. Wollen Sie diesen via Google Earth betrachten, so w\u00e4hlen Sie im Men\u00fcpunkt &#8220;Ansicht&#8221; die entsprechende Eigenschaft aus.<\/li>\n<li>Nun muss der Track noch auf das Garmin\u00ae-Ger\u00e4t \u00fcbertragen werden. W\u00e4hlen Sie im Men\u00fcpunkt &#8220;Ger\u00e4t&#8221; (Windows, bzw. &#8220;\u00dcbertragen&#8221; am Mac) den Eintrag &#8220;An Ger\u00e4t senden&#8221; aus und schlie\u00dfen Sie das Garmin-Ger\u00e4t mit dem USB-Kabel (Packungsinhalt) am Computer an. Sobald das Ger\u00e4t eingeschaltet und gestartet ist, meldet es sich mit seiner exakten Produktbezeichnung und die Daten k\u00f6nnen \u00fcbertragen werden.<\/li>\n<li>Jetzt befindet sich der Weg (Track) auf Ihrem Garmin\u00ae-Ger\u00e4t. W\u00e4hlen Sie dort im Hauptmen\u00fc den Eintrag <strong><span style=\"color: #8a9aee;\">Tracks<\/span><\/strong> aus und dort sollte er nun zu finden sein. Sofern mehrere Tracks vorhanden sind, w\u00e4hlen Sie den gew\u00fcnschten Track aus. Via TrackBack k\u00f6nnen Sie mit dem \u201eNachwandern\u201c starten.<\/li>\n<\/ol>\n<p>[\/vc_column_text][vc_column_text css_animation=&#8221;none&#8221; css=&#8221;.vc_custom_1490796323562{margin-top: 18px !important;margin-bottom: 18px !important;padding-top: 12px !important;padding-right: 12px !important;padding-bottom: 12px !important;padding-left: 12px !important;background-color: #ffdf94 !important;}&#8221;]<strong><span style=\"color: #8a9aee;\">Tipp: <\/span><\/strong>Auch ein iPhone bzw. ein Smartphone mit Android kann durch Zusatzprogramme teilweise\u00a0als GPS-Ger\u00e4t zur Verf\u00fcgung stehen. So erhalten Sie z. B. im App Store von Apple\u00a0Programme wie\u00a0&#8220;Trails&#8221; (<a href=\"https:\/\/itunes.apple.com\/de\/app\/trails-outdoor-gps-logbuch\/id913277014?mt=8\">https:\/\/itunes.apple.com\/de\/app\/trails-outdoor-gps-logbuch\/id913277014?mt=8<\/a>) oder &#8220;MapOut&#8221; (<a href=\"https:\/\/itunes.apple.com\/de\/app\/mapout\/id477094081?mt=8\">https:\/\/itunes.apple.com\/de\/app\/mapout\/id477094081?mt=8<\/a>). Wenn Sie Android verwenden, dann k\u00f6nnte z. B. der GPS Viewer zum Einsatz kommen. Beachten Sie aber, dass ein iPhone bzw. Smartphone im Vergleich zu einem Garmin\u00ae-Ger\u00e4t einen deutlich schlechteren GPS-Empfang hat &#8211; vor allem, wenn kein Telefonsignal verf\u00fcgbar ist &#8211; und sich die Akkulaufzeit bei intensiver GPS-Nutzung auf wenige Stunden reduziert. Wenn Sie die gesamte Wegstrecke nur mit einem iPhone\/Smartphone gehen m\u00f6chten, dann raten wir Ihnen dringend davon ab.[\/vc_column_text][\/vc_column][\/vc_row][vc_row css=&#8221;.vc_custom_1481798039739{margin-top: 36px !important;margin-bottom: 36px !important;}&#8221;][vc_column][vc_single_image image=&#8221;5472&#8243; img_size=&#8221;full&#8221; alignment=&#8221;center&#8221; style=&#8221;vc_box_shadow_3d&#8221;][\/vc_column][\/vc_row]<\/p>\n<\/div>","protected":false},"excerpt":{"rendered":"<p>[vc_row css_animation=&#8221;zoomIn&#8221; css=&#8221;.vc_custom_1481798172123{margin-bottom: 24px !important;}&#8221;][vc_column][vc_custom_heading text=&#8221;GPS-Daten \u2013 sicheres Pilgern auf dem Franziskusweg&#8221; font_container=&#8221;tag:h1|font_size:48|text_align:center&#8221; google_fonts=&#8221;font_family:Cinzel%3Aregular%2C700%2C900|font_style:400%20regular%3A400%3Anormal&#8221; css_animation=&#8221;none&#8221;][\/vc_column][\/vc_row][vc_row css_animation=&#8221;none&#8221;][vc_column css_animation=&#8221;fadeInLeft&#8221; width=&#8221;1\/2&#8243;][vc_column_text css_animation=&#8221;none&#8221;]Wir haben den gesamten Franziskusweg elektronisch exakt vermessen und k\u00f6nnen Ihnen deswegen die GPS-Daten zur Verf\u00fcgung stellen. Alles was Sie ben\u00f6tigen, ist ein Abspielger\u00e4t, vorzugsweise der Firma GARMIN. Wir empfehlen diese Ger\u00e4te aufgrund der absolut zuverl\u00e4ssigen Satellitenortung, auch in einsamen und bergigem Gel\u00e4nde, sowie einer langen Batterielaufzeit. Mit den GPS-Daten gelingt Ihre Pilgerreise problemfrei. Sie werden ohne weitere Hilfen exakt Ihre Zieladressen erreichen und unterwegs auf besondere Highlights hingewiesen. GPS-Daten Franziskusweg \u2013 Anleitung GPS-Ger\u00e4t erwerben: W\u00e4hlen Sie ein Ger\u00e4t aus, das \u00fcber &hellip; <a href=\"https:\/\/www.leben-atmen.com\/leben-atmen-wp\/franziskusweg\/gps-anleitung\/\">Continued<\/a><\/p>\n","protected":false},"author":1,"featured_media":0,"parent":36,"menu_order":0,"comment_status":"closed","ping_status":"closed","template":"page-fullwidth.php","meta":{"footnotes":""},"class_list":["post-70","page","type-page","status-publish","hentry"],"_links":{"self":[{"href":"https:\/\/www.leben-atmen.com\/leben-atmen-wp\/wp-json\/wp\/v2\/pages\/70","targetHints":{"allow":["GET"]}}],"collection":[{"href":"https:\/\/www.leben-atmen.com\/leben-atmen-wp\/wp-json\/wp\/v2\/pages"}],"about":[{"href":"https:\/\/www.leben-atmen.com\/leben-atmen-wp\/wp-json\/wp\/v2\/types\/page"}],"author":[{"embeddable":true,"href":"https:\/\/www.leben-atmen.com\/leben-atmen-wp\/wp-json\/wp\/v2\/users\/1"}],"replies":[{"embeddable":true,"href":"https:\/\/www.leben-atmen.com\/leben-atmen-wp\/wp-json\/wp\/v2\/comments?post=70"}],"version-history":[{"count":18,"href":"https:\/\/www.leben-atmen.com\/leben-atmen-wp\/wp-json\/wp\/v2\/pages\/70\/revisions"}],"predecessor-version":[{"id":6386,"href":"https:\/\/www.leben-atmen.com\/leben-atmen-wp\/wp-json\/wp\/v2\/pages\/70\/revisions\/6386"}],"up":[{"embeddable":true,"href":"https:\/\/www.leben-atmen.com\/leben-atmen-wp\/wp-json\/wp\/v2\/pages\/36"}],"wp:attachment":[{"href":"https:\/\/www.leben-atmen.com\/leben-atmen-wp\/wp-json\/wp\/v2\/media?parent=70"}],"curies":[{"name":"wp","href":"https:\/\/api.w.org\/{rel}","templated":true}]}}