{"id":6680,"date":"2018-05-25T13:33:29","date_gmt":"2018-05-25T11:33:29","guid":{"rendered":"https:\/\/www.leben-atmen.com\/leben-atmen-wp\/?page_id=6680"},"modified":"2018-06-15T13:18:08","modified_gmt":"2018-06-15T11:18:08","slug":"gps-anleitung-2","status":"publish","type":"page","link":"https:\/\/www.leben-atmen.com\/leben-atmen-wp\/franziskusweg\/gps-anleitung-2\/","title":{"rendered":"GPS Video-Anleitung"},"content":{"rendered":"<div class=\"wpb-content-wrapper\"><p>[vc_row css_animation=&#8221;zoomIn&#8221; css=&#8221;.vc_custom_1481798172123{margin-bottom: 24px !important;}&#8221;][vc_column][vc_custom_heading text=&#8221;GPS-Daten \u2013 sicheres Pilgern auf dem Franziskusweg&#8221; font_container=&#8221;tag:h1|font_size:48|text_align:center&#8221; google_fonts=&#8221;font_family:Cinzel%3Aregular%2C700%2C900|font_style:400%20regular%3A400%3Anormal&#8221; css_animation=&#8221;none&#8221;][vc_column_text css=&#8221;.vc_custom_1529061485728{margin-top: 3em !important;margin-bottom: 2em !important;}&#8221;]Zur einfacheren Nutzung unserer GPS-Daten, stellen\u00a0wir Ihnen einige Video-Anleitung zur Verf\u00fcgung.<\/p>\n<p>In den Anleitungen wird genau gezeigt, wie Sie die GPS-Daten herunterladen und f\u00fcr ein Garmin-Ger\u00e4t oder Smartphone nutzen k\u00f6nnen.<\/p>\n<p>Hier eine \u00dcbersicht mit Hyperlinks \u00fcber die verwendeten Apps und Internetseiten, die in den Videos erw\u00e4hnt werden.<\/p>\n<p><strong>Hier gibt es die GPS-Daten f\u00fcr den Franziskusweg von Florenz nach Rom:<\/strong><br \/>\n<a href=\"https:\/\/www.amac-buch.de\/gps-franziskusweg\" target=\"_blank\" rel=\"noopener noreferrer\">https:\/\/www.amac-buch.de\/gps-franziskusweg<\/a><\/p>\n<p><strong>Apps, die Sie auf dem iPhone ben\u00f6tigen:<\/strong><br \/>\nUnzip: <a href=\"https:\/\/itunes.apple.com\/de\/app\/unzip-datei-zip-rar-7z-%C3%B6ffnen\/id1281374098?mt=8\" target=\"_blank\" rel=\"noopener noreferrer\">https:\/\/itunes.apple.com\/de\/app\/unzip-datei-zip-rar-7z-%C3%B6ffnen\/id1281374098?mt=8<\/a><br \/>\nMapout:<a href=\"https:\/\/itunes.apple.com\/de\/app\/mapout\/id477094081?mt=8\" target=\"_blank\" rel=\"noopener noreferrer\"> https:\/\/itunes.apple.com\/de\/app\/mapout\/id477094081?mt=8<\/a><br \/>\nOutdooractive: <a href=\"https:\/\/itunes.apple.com\/de\/app\/outdooractive\/id402191863\" target=\"_blank\" rel=\"noopener noreferrer\">https:\/\/itunes.apple.com\/de\/app\/outdooractive\/id402191863<\/a><\/p>\n<p><strong>Apps, die Sie auf dem Android-Telefon ben\u00f6tigen:<\/strong><br \/>\nZArchiver: <a href=\"https:\/\/play.google.com\/store\/apps\/details?id=ru.zdevs.zarchiver\" target=\"_blank\" rel=\"noopener noreferrer\">https:\/\/play.google.com\/store\/apps\/details?id=ru.zdevs.zarchiver<\/a><a href=\"https:\/\/play.google.com\/store\/apps\/details?id=ru.zdevs.zarchiver\" target=\"_blank\" rel=\"noopener noreferrer\"><br \/>\n<\/a>Outdooractive free: <a href=\"https:\/\/play.google.com\/store\/apps\/details?id=de.alpstein.alpregio.outdooractive&amp;hl=de\" target=\"_blank\" rel=\"noopener noreferrer\">https:\/\/play.google.com\/store\/apps\/details?id=de.alpstein.alpregio.outdooractive&amp;hl=de<br \/>\n<\/a>Outdooractive Premium: <a href=\"https:\/\/play.google.com\/store\/apps\/details?id=de.alpstein.alpregio.outdooractivePremium&amp;hl=en_US\" target=\"_blank\" rel=\"noopener noreferrer\">https:\/\/play.google.com\/store\/apps\/details?id=de.alpstein.alpregio.outdooractivePremium&amp;hl=en_US<\/a><\/p>\n<p><strong>Programme f\u00fcr den Mac:<\/strong><br \/>\nGarmin Base Camp: <a href=\"https:\/\/www.garmin.com\/de-DE\/shop\/downloads\/basecamp\" target=\"_blank\" rel=\"noopener noreferrer\">https:\/\/www.garmin.com\/de-DE\/shop\/downloads\/basecamp<br \/>\n<\/a>Garmin MapInstall: <a href=\"https:\/\/www8.garmin.com\/support\/download_details.jsp?id=3825\" target=\"_blank\" rel=\"noopener noreferrer\">https:\/\/www8.garmin.com\/support\/download_details.jsp?id=3825<\/a><\/p>\n<p><strong>Programme f\u00fcr den PC:<\/strong><br \/>\nGarmin Base Camp: <a href=\"https:\/\/www.garmin.com\/de-DE\/shop\/downloads\/basecamp\" target=\"_blank\" rel=\"noopener noreferrer\">https:\/\/www.garmin.com\/de-DE\/shop\/downloads\/basecamp<\/a><\/p>\n<p><strong>Kostenloses Kartenmaterial f\u00fcr das Garmin-Ger\u00e4t:<\/strong><br \/>\n<a href=\"http:\/\/www.freizeitkarte-osm.de\">http:\/\/www.freizeitkarte-osm.de<\/a>[\/vc_column_text][\/vc_column][\/vc_row][vc_row][vc_column css_animation=&#8221;fadeInLeftBig&#8221; width=&#8221;1\/2&#8243;][vc_single_image image=&#8221;6686&#8243; img_size=&#8221;full&#8221; style=&#8221;vc_box_shadow_3d&#8221; onclick=&#8221;custom_link&#8221; img_link_target=&#8221;_blank&#8221; link=&#8221;http:\/\/www.leben-atmen.com\/videos\/Anleitung_fuer_GPS-Karten_1.mp4&#8243;][\/vc_column][vc_column css_animation=&#8221;fadeInRightBig&#8221; width=&#8221;1\/2&#8243;][vc_single_image image=&#8221;6694&#8243; img_size=&#8221;full&#8221; style=&#8221;vc_box_shadow_3d&#8221; onclick=&#8221;custom_link&#8221; img_link_target=&#8221;_blank&#8221; link=&#8221;http:\/\/www.leben-atmen.com\/videos\/Anleitung_fuer_GPS-Karten_iPhone_1.mp4&#8243;][\/vc_column][\/vc_row][vc_row css=&#8221;.vc_custom_1527248706361{margin-top: 2em !important;}&#8221;][vc_column css_animation=&#8221;fadeInLeft&#8221; width=&#8221;1\/2&#8243;][vc_single_image image=&#8221;6739&#8243; img_size=&#8221;large&#8221; alignment=&#8221;center&#8221; style=&#8221;vc_box_shadow_3d&#8221; onclick=&#8221;custom_link&#8221; img_link_target=&#8221;_blank&#8221; link=&#8221;http:\/\/www.leben-atmen.com\/videos\/Anleitung_fuer_GPS-Karten_Android.mp4&#8243;][\/vc_column][vc_column css_animation=&#8221;fadeInRight&#8221; width=&#8221;1\/2&#8243;][vc_single_image image=&#8221;6692&#8243; img_size=&#8221;full&#8221; style=&#8221;vc_box_shadow_3d&#8221; onclick=&#8221;custom_link&#8221; img_link_target=&#8221;_blank&#8221; link=&#8221;http:\/\/www.leben-atmen.com\/videos\/Anleitung_fuer_GPS-Karten_Mac_1.mp4&#8243;][\/vc_column][\/vc_row][vc_row css=&#8221;.vc_custom_1529060875032{margin-top: 2em !important;}&#8221;][vc_column width=&#8221;1\/4&#8243;][\/vc_column][vc_column css_animation=&#8221;fadeInUpBig&#8221; width=&#8221;1\/2&#8243;][vc_single_image image=&#8221;6693&#8243; img_size=&#8221;full&#8221; style=&#8221;vc_box_shadow_3d&#8221; onclick=&#8221;custom_link&#8221; img_link_target=&#8221;_blank&#8221; link=&#8221;http:\/\/www.leben-atmen.com\/videos\/Anleitung_fuer_GPS-Karten_Win_1.mp4&#8243;][\/vc_column][vc_column width=&#8221;1\/4&#8243;][\/vc_column][\/vc_row][vc_row][vc_column][vc_empty_space height=&#8221;3em&#8221;][\/vc_column][\/vc_row]<\/p>\n<\/div>","protected":false},"excerpt":{"rendered":"<p>[vc_row css_animation=&#8221;zoomIn&#8221; css=&#8221;.vc_custom_1481798172123{margin-bottom: 24px !important;}&#8221;][vc_column][vc_custom_heading text=&#8221;GPS-Daten \u2013 sicheres Pilgern auf dem Franziskusweg&#8221; font_container=&#8221;tag:h1|font_size:48|text_align:center&#8221; google_fonts=&#8221;font_family:Cinzel%3Aregular%2C700%2C900|font_style:400%20regular%3A400%3Anormal&#8221; css_animation=&#8221;none&#8221;][vc_column_text css=&#8221;.vc_custom_1529061485728{margin-top: 3em !important;margin-bottom: 2em !important;}&#8221;]Zur einfacheren Nutzung unserer GPS-Daten, stellen\u00a0wir Ihnen einige Video-Anleitung zur Verf\u00fcgung. In den Anleitungen wird genau gezeigt, wie Sie die GPS-Daten herunterladen und f\u00fcr ein Garmin-Ger\u00e4t oder Smartphone nutzen k\u00f6nnen. Hier eine \u00dcbersicht mit Hyperlinks \u00fcber die verwendeten Apps und Internetseiten, die in den Videos erw\u00e4hnt werden. Hier gibt es die GPS-Daten f\u00fcr den Franziskusweg von Florenz nach Rom: https:\/\/www.amac-buch.de\/gps-franziskusweg Apps, die Sie auf dem iPhone ben\u00f6tigen: Unzip: https:\/\/itunes.apple.com\/de\/app\/unzip-datei-zip-rar-7z-%C3%B6ffnen\/id1281374098?mt=8 Mapout: https:\/\/itunes.apple.com\/de\/app\/mapout\/id477094081?mt=8 Outdooractive: https:\/\/itunes.apple.com\/de\/app\/outdooractive\/id402191863 Apps, die Sie auf dem Android-Telefon ben\u00f6tigen: ZArchiver: &hellip; <a href=\"https:\/\/www.leben-atmen.com\/leben-atmen-wp\/franziskusweg\/gps-anleitung-2\/\">Continued<\/a><\/p>\n","protected":false},"author":1,"featured_media":0,"parent":36,"menu_order":0,"comment_status":"closed","ping_status":"closed","template":"page-fullwidth.php","meta":{"footnotes":""},"class_list":["post-6680","page","type-page","status-publish","hentry"],"_links":{"self":[{"href":"https:\/\/www.leben-atmen.com\/leben-atmen-wp\/wp-json\/wp\/v2\/pages\/6680","targetHints":{"allow":["GET"]}}],"collection":[{"href":"https:\/\/www.leben-atmen.com\/leben-atmen-wp\/wp-json\/wp\/v2\/pages"}],"about":[{"href":"https:\/\/www.leben-atmen.com\/leben-atmen-wp\/wp-json\/wp\/v2\/types\/page"}],"author":[{"embeddable":true,"href":"https:\/\/www.leben-atmen.com\/leben-atmen-wp\/wp-json\/wp\/v2\/users\/1"}],"replies":[{"embeddable":true,"href":"https:\/\/www.leben-atmen.com\/leben-atmen-wp\/wp-json\/wp\/v2\/comments?post=6680"}],"version-history":[{"count":24,"href":"https:\/\/www.leben-atmen.com\/leben-atmen-wp\/wp-json\/wp\/v2\/pages\/6680\/revisions"}],"predecessor-version":[{"id":6743,"href":"https:\/\/www.leben-atmen.com\/leben-atmen-wp\/wp-json\/wp\/v2\/pages\/6680\/revisions\/6743"}],"up":[{"embeddable":true,"href":"https:\/\/www.leben-atmen.com\/leben-atmen-wp\/wp-json\/wp\/v2\/pages\/36"}],"wp:attachment":[{"href":"https:\/\/www.leben-atmen.com\/leben-atmen-wp\/wp-json\/wp\/v2\/media?parent=6680"}],"curies":[{"name":"wp","href":"https:\/\/api.w.org\/{rel}","templated":true}]}}