{"id":6390,"date":"2017-05-16T13:27:21","date_gmt":"2017-05-16T11:27:21","guid":{"rendered":"https:\/\/www.leben-atmen.com\/leben-atmen-wp\/?page_id=6390"},"modified":"2021-01-14T12:43:30","modified_gmt":"2021-01-14T11:43:30","slug":"2017-nobby-goes-cortina","status":"publish","type":"page","link":"https:\/\/www.leben-atmen.com\/leben-atmen-wp\/fussreisen\/2017-nobby-goes-cortina\/","title":{"rendered":"2017 Nobby goes Cortina"},"content":{"rendered":"<div class=\"wpb-content-wrapper\"><p>[vc_row css_animation=&#8221;fadeInDown&#8221;][vc_column][vc_custom_heading text=&#8221;Nobby goes Cortina&#8221; font_container=&#8221;tag:h1|font_size:48|text_align:center&#8221; google_fonts=&#8221;font_family:Cinzel%3Aregular%2C700%2C900|font_style:400%20regular%3A400%3Anormal&#8221;][vc_custom_heading text=&#8221;Mit Pferd und Drahtesel von Zams nach Cortina d\u2019Ampezzo&#8221; font_container=&#8221;tag:h2|font_size:30|text_align:center&#8221; google_fonts=&#8221;font_family:Cinzel%3Aregular%2C700%2C900|font_style:400%20regular%3A400%3Anormal&#8221;][\/vc_column][\/vc_row][vc_row css_animation=&#8221;fadeInRight&#8221; css=&#8221;.vc_custom_1481972119118{margin-bottom: 24px !important;}&#8221;][vc_column width=&#8221;1\/4&#8243;][\/vc_column][vc_column css_animation=&#8221;fadeInLeft&#8221; width=&#8221;1\/2&#8243;][vc_column_text css_animation=&#8221;none&#8221;]<\/p>\n<blockquote><p>\u201ePferde sind die, die immer unsere Tr\u00e4nen aufwischen, wenn wir weinen\u2026\u201c<\/p><\/blockquote>\n<p>Tja, wie soll ich es sagen: mich hatte auch 2017 das Reisefieber wieder gepackt! Den Weg in die Alpen kannte ich ja schon, also dachte ich bei mir, in den Alpen herumzuklettern, ist sicher auch ganz nett, daf\u00fcr wurde meine Rasse ja extra gez\u00fcchtet. Und Italien wollte ich schon immer mal sehen, also w\u00e4hlte ich als Ziel das mond\u00e4ne Cortina d\u2019Ampezzo.<\/p>\n<p>Die Strecke war insgesamt 333 Kilometer lang. Sie f\u00fchrte von Zams \u00fcber den Reschenpass nach Meran und weiter ins Passeiertal. Von dort aus wagten wir den Aufstieg von 1500 H\u00f6henmetern den Jaufenpass hinauf. Weiter ging es \u00fcber Sterzing nach Franzensfeste und dann bogen wir links in das Pustertal ab. Dies schl\u00e4ngelte sich bis Toblach gem\u00e4chlich aufw\u00e4rts. Dann kam der letzte Abschnitt sanft bergauf ins wahrhaft legend\u00e4re Cortina d\u2019Ampezzo.<\/p>\n<p>Diese Reise haben wir gemacht, weil wir den Menschen Mut machen m\u00f6chten, einmal etwas Ungew\u00f6hnliches zu erleben. Sei es mit dem eigenen Haustier oder auch ohne, einfach von Zuhause aus losgehen, mit den Wanderschuhen an den F\u00fc\u00dfen an ein fernes Ziel. Aufbrechen lohnt sich immer!<\/p>\n<p>Lauschen Sie einem unserer Vortr\u00e4ge oder sehen Sie sich den Reiseblog an unter: <a href=\"http:\/\/www.leben-atmen.com\/nobbycortina\" target=\"_blank\" rel=\"noopener noreferrer\">www.leben-atmen.com\/nobbycortina<\/a>[\/vc_column_text][\/vc_column][vc_column width=&#8221;1\/4&#8243;][\/vc_column][\/vc_row][vc_row css_animation=&#8221;fadeIn&#8221;][vc_column][vc_masonry_media_grid item=&#8221;masonryMedia_BorderedScale&#8221; grid_id=&#8221;vc_gid:1610624542872-42fbdfe2-290d-1&#8243; include=&#8221;6434,5509,5508,5507,5506,5505,5504,5503,5502,5501,5511,5516,6429,6430,6431,6432,6433,6435,6436,6437,6438,6439,6440,6441,6442,6443,6444,6445,6446,6447,6448,6449,6450,6451,6452,6453,6454,6455,6456,6489,6490,6491,6492,6493&#8243;][\/vc_column][\/vc_row][vc_row css_animation=&#8221;zoomIn&#8221; css=&#8221;.vc_custom_1482236270316{margin-top: 24px !important;margin-bottom: 36px !important;}&#8221;][vc_column][vc_column_text]<\/p>\n<h3>Wenn Sie die Reise live miterleben wollen, besuchen Sie einen unserer Vortr\u00e4ge:<\/h3>\n<div id='evcal_calendar_206' class='list_cal ajde_evcal_calendar  ul' ><div class='evo-data' data-cyear=\"2026\" data-cmonth=\"5\" data-runajax=\"1\" data-evc_open=\"0\" data-cal_ver=\"2.6.17\" data-mapscroll=\"true\" data-mapformat=\"roadmap\" data-mapzoom=\"18\" data-mapiconurl=\"\" data-ev_cnt=\"0\" data-show_limit=\"no\" data-tiles=\"no\" data-sort_by=\"sort_date\" data-filters_on=\"true\" data-range_start=\"0\" data-range_end=\"0\" data-send_unix=\"0\" data-ux_val=\"0\" data-accord=\"0\" data-rtl=\"no\"  ><\/div><div id='evcal_head' class='calendar_header ' ><div class='evo_cal_above'><span class='evo-gototoday-btn' style='display:none' data-mo='5' data-yr='2026' data-dy=''>Aktueller Monat<\/span><\/div><div class='evo_cal_above_content'><\/div><div class='cal_arguments' style='display:none' data-hide_past=\"no\" data-show_et_ft_img=\"no\" data-event_order=\"ASC\" data-ft_event_priority=\"no\" data-lang=\"L1\" data-month_incre=\"0\" data-only_ft=\"no\" data-hide_ft=\"no\" data-evc_open=\"no\" data-show_limit=\"no\" data-etc_override=\"no\" data-show_limit_redir=\"0\" data-tiles=\"no\" data-tile_height=\"0\" data-tile_bg=\"0\" data-tile_count=\"2\" data-tile_style=\"0\" data-s=\"\" data-members_only=\"no\" data-ux_val=\"0\" data-show_limit_ajax=\"no\" data-show_limit_paged=\"1\" data-hide_mult_occur=\"no\" data-show_repeats=\"no\" data-hide_end_time=\"no\" ><\/div><div class='clear'><\/div><\/div><p class='evo_list_noevents'>Zur Zeit keine Veranstaltung<\/p><div class='clear'><\/div><\/div><!-- ajde_evcal_calendar-->[\/vc_column_text][\/vc_column][\/vc_row]<\/p>\n<\/div>","protected":false},"excerpt":{"rendered":"<p>[vc_row css_animation=&#8221;fadeInDown&#8221;][vc_column][vc_custom_heading text=&#8221;Nobby goes Cortina&#8221; font_container=&#8221;tag:h1|font_size:48|text_align:center&#8221; google_fonts=&#8221;font_family:Cinzel%3Aregular%2C700%2C900|font_style:400%20regular%3A400%3Anormal&#8221;][vc_custom_heading text=&#8221;Mit Pferd und Drahtesel von Zams nach Cortina d\u2019Ampezzo&#8221; font_container=&#8221;tag:h2|font_size:30|text_align:center&#8221; google_fonts=&#8221;font_family:Cinzel%3Aregular%2C700%2C900|font_style:400%20regular%3A400%3Anormal&#8221;][\/vc_column][\/vc_row][vc_row css_animation=&#8221;fadeInRight&#8221; css=&#8221;.vc_custom_1481972119118{margin-bottom: 24px !important;}&#8221;][vc_column width=&#8221;1\/4&#8243;][\/vc_column][vc_column css_animation=&#8221;fadeInLeft&#8221; width=&#8221;1\/2&#8243;][vc_column_text css_animation=&#8221;none&#8221;] \u201ePferde sind die, die immer unsere Tr\u00e4nen aufwischen, wenn wir weinen\u2026\u201c Tja, wie soll ich es sagen: mich hatte auch 2017 das Reisefieber wieder gepackt! Den Weg in die Alpen kannte ich ja schon, also dachte ich bei mir, in den Alpen herumzuklettern, ist sicher auch ganz nett, daf\u00fcr wurde meine Rasse ja extra gez\u00fcchtet. Und Italien wollte ich schon immer mal sehen, also w\u00e4hlte ich als Ziel das mond\u00e4ne Cortina d\u2019Ampezzo. Die Strecke &hellip; <a href=\"https:\/\/www.leben-atmen.com\/leben-atmen-wp\/events\/neu-fussreise-nobby-goes-home-mit-pferd-und-drahtesel-in-die-alpen-5\/\">Continued<\/a><\/p>\n","protected":false},"author":2,"featured_media":0,"parent":32,"menu_order":1,"comment_status":"closed","ping_status":"closed","template":"page-fullwidth.php","meta":{"footnotes":""},"class_list":["post-6390","page","type-page","status-publish","hentry"],"_links":{"self":[{"href":"https:\/\/www.leben-atmen.com\/leben-atmen-wp\/wp-json\/wp\/v2\/pages\/6390","targetHints":{"allow":["GET"]}}],"collection":[{"href":"https:\/\/www.leben-atmen.com\/leben-atmen-wp\/wp-json\/wp\/v2\/pages"}],"about":[{"href":"https:\/\/www.leben-atmen.com\/leben-atmen-wp\/wp-json\/wp\/v2\/types\/page"}],"author":[{"embeddable":true,"href":"https:\/\/www.leben-atmen.com\/leben-atmen-wp\/wp-json\/wp\/v2\/users\/2"}],"replies":[{"embeddable":true,"href":"https:\/\/www.leben-atmen.com\/leben-atmen-wp\/wp-json\/wp\/v2\/comments?post=6390"}],"version-history":[{"count":12,"href":"https:\/\/www.leben-atmen.com\/leben-atmen-wp\/wp-json\/wp\/v2\/pages\/6390\/revisions"}],"predecessor-version":[{"id":7164,"href":"https:\/\/www.leben-atmen.com\/leben-atmen-wp\/wp-json\/wp\/v2\/pages\/6390\/revisions\/7164"}],"up":[{"embeddable":true,"href":"https:\/\/www.leben-atmen.com\/leben-atmen-wp\/wp-json\/wp\/v2\/pages\/32"}],"wp:attachment":[{"href":"https:\/\/www.leben-atmen.com\/leben-atmen-wp\/wp-json\/wp\/v2\/media?parent=6390"}],"curies":[{"name":"wp","href":"https:\/\/api.w.org\/{rel}","templated":true}]}}