{"id":6005,"date":"2016-12-19T12:33:37","date_gmt":"2016-12-19T11:33:37","guid":{"rendered":"https:\/\/www.leben-atmen.com\/leben-atmen-wp\/?page_id=6005"},"modified":"2021-01-14T12:46:24","modified_gmt":"2021-01-14T11:46:24","slug":"2015-obergriesbach-izmir","status":"publish","type":"page","link":"https:\/\/www.leben-atmen.com\/leben-atmen-wp\/radreisen\/2015-obergriesbach-izmir\/","title":{"rendered":"2015 Obergriesbach-Izmir"},"content":{"rendered":"<div class=\"wpb-content-wrapper\"><p>[vc_row css=&#8221;.vc_custom_1482147207063{margin-top: 24px !important;}&#8221;][vc_column][vc_custom_heading text=&#8221;Kulturradreise 2015 Obergriesbach\u2013Izmir&#8221; font_container=&#8221;tag:h1|font_size:48|text_align:center&#8221; google_fonts=&#8221;font_family:Cinzel%3Aregular%2C700%2C900|font_style:400%20regular%3A400%3Anormal&#8221;][vc_custom_heading text=&#8221;Auf den Spuren der Epheser ins antike Smyrna&#8221; font_container=&#8221;tag:h2|font_size:30|text_align:center&#8221; google_fonts=&#8221;font_family:Cinzel%3Aregular%2C700%2C900|font_style:400%20regular%3A400%3Anormal&#8221; css=&#8221;.vc_custom_1483733003753{margin-top: 24px !important;margin-bottom: 24px !important;}&#8221;][\/vc_column][\/vc_row][vc_row][vc_column css_animation=&#8221;fadeInLeft&#8221; width=&#8221;2\/3&#8243;][vc_column_text]Die Ochsenk\u00fchns konnten es auch 2015 nicht lassen und starteten wieder durch in die T\u00fcrkei. Diesmal ging es auf antiken\u00a0Spuren der Epheser in die drittgr\u00f6\u00dfte Stadt in der T\u00fcrkei, Izmir. Der antike Name Smyrna zeugt von kultureller Vergangenheit,\u00a0orientalischem Flair \u2013 und lebendiger Geschichte.<\/p>\n<p>\u00dcber Sterzing nach \u00d6sterreich, hoch hinauf \u00fcber das Timmelsjoch fuhren die beiden Radverr\u00fcckten \u00fcber die Alpen. Das italienische mond\u00e4ne Cortina d \u00b4 Ampezzo in den Dolomiten war eines der vielen Highlights auf der Reise und der Start eines romantischen Radwegs in Form eines stillgelegten\u00a0Bahngleises bis hinunter nach Venedig.<\/p>\n<p>Von dort aus nahmen sie die Route der touristischen Ostk\u00fcste Italiens. Ravenna, Rimini und den Stadt-Staat San Marino besuchten die Beiden per Velo. Mit der F\u00e4hre \u00fcber die Adria nach Griechenland setzten die beiden von Ancona aus \u00fcber. Der Weg per Rad wurde bis zum Pelopones und dessen ber\u00fchmte Br\u00fccke fortgesetzt. Sie passierten die Stra\u00dfe von Korinth. Dann war Athen und die Akropolis so sehenswert, dass der Abschied schwer fiel. Es folgte der Besuch einiger Kykladen und zuletzt besuchten Simone und Anton die Insel Samos.<\/p>\n<p>Eine kurze Bootsfahrt brachte die beiden an das t\u00fcrkische Festland. Sie fuhren von Didyma aus \u00fcber Miletos, Priene, S\u00f6ke nach Ephesus, dem ber\u00fchmten Ort der Antike. Von dort war es dann nur noch eine Tagesetappe zum Ziel: der Uhrturm in Izmir (Smyrna) direkt auf dem Stadtplatz am Meer.<\/p>\n<p>Sie k\u00f6nnen die vergangene Kulturradreise 2015 nachlesen unter: <a href=\"https:\/\/www.leben-atmen.com\/izmir\" target=\"_blank\" rel=\"noopener noreferrer\">www.leben-atmen.com\/izmir<\/a>[\/vc_column_text][\/vc_column][vc_column css_animation=&#8221;fadeInRight&#8221; width=&#8221;1\/3&#8243;][vc_single_image image=&#8221;6044&#8243; img_size=&#8221;large&#8221; style=&#8221;vc_box_shadow_3d&#8221;][vc_single_image image=&#8221;6043&#8243; img_size=&#8221;large&#8221; style=&#8221;vc_box_shadow_3d&#8221; css=&#8221;.vc_custom_1482147182683{margin-top: 24px !important;margin-bottom: 24px !important;}&#8221;][\/vc_column][\/vc_row][vc_row][vc_column][vc_masonry_media_grid item=&#8221;masonryMedia_BorderedScale&#8221; initial_loading_animation=&#8221;fadeIn&#8221; grid_id=&#8221;vc_gid:1610624561486-ee8b1f54-b73a-10&#8243; include=&#8221;6133,6132,6131,6130,6129,6128,6127,6126,6125,6124,6123,6122,6121,6120,6119,6118,6117,6116,6115,6114,6113,6112,6111,6110,6109,6108,6107,6106,6105,6104,6103,6102,6101,6100,6099,6098,6097,6096,6095,6094,6093,6092,6091,6090,6089,6088,6087,6086,6085,6084,6083,6082,6081,6080,6079,6078,6077,6076,6075,6074,6073,6072,6071,6070,6069,6068,6067,6066,6065,6064,6063,6062,6061,6060,6059,6058,6057,6056,6055,6054,6053,6052&#8243;][\/vc_column][\/vc_row]<\/p>\n<\/div>","protected":false},"excerpt":{"rendered":"<p>[vc_row css=&#8221;.vc_custom_1482147207063{margin-top: 24px !important;}&#8221;][vc_column][vc_custom_heading text=&#8221;Kulturradreise 2015 Obergriesbach\u2013Izmir&#8221; font_container=&#8221;tag:h1|font_size:48|text_align:center&#8221; google_fonts=&#8221;font_family:Cinzel%3Aregular%2C700%2C900|font_style:400%20regular%3A400%3Anormal&#8221;][vc_custom_heading text=&#8221;Auf den Spuren der Epheser ins antike Smyrna&#8221; font_container=&#8221;tag:h2|font_size:30|text_align:center&#8221; google_fonts=&#8221;font_family:Cinzel%3Aregular%2C700%2C900|font_style:400%20regular%3A400%3Anormal&#8221; css=&#8221;.vc_custom_1483733003753{margin-top: 24px !important;margin-bottom: 24px !important;}&#8221;][\/vc_column][\/vc_row][vc_row][vc_column css_animation=&#8221;fadeInLeft&#8221; width=&#8221;2\/3&#8243;][vc_column_text]Die Ochsenk\u00fchns konnten es auch 2015 nicht lassen und starteten wieder durch in die T\u00fcrkei. Diesmal ging es auf antiken\u00a0Spuren der Epheser in die drittgr\u00f6\u00dfte Stadt in der T\u00fcrkei, Izmir. Der antike Name Smyrna zeugt von kultureller Vergangenheit,\u00a0orientalischem Flair \u2013 und lebendiger Geschichte. \u00dcber Sterzing nach \u00d6sterreich, hoch hinauf \u00fcber das Timmelsjoch fuhren die beiden Radverr\u00fcckten \u00fcber die Alpen. Das italienische mond\u00e4ne Cortina d \u00b4 Ampezzo in den Dolomiten war eines der vielen Highlights auf &hellip; <a href=\"https:\/\/www.leben-atmen.com\/leben-atmen-wp\/radreisen\/2015-obergriesbach-izmir\/\">Continued<\/a><\/p>\n","protected":false},"author":1,"featured_media":0,"parent":34,"menu_order":0,"comment_status":"closed","ping_status":"closed","template":"page-fullwidth.php","meta":{"footnotes":""},"class_list":["post-6005","page","type-page","status-publish","hentry"],"_links":{"self":[{"href":"https:\/\/www.leben-atmen.com\/leben-atmen-wp\/wp-json\/wp\/v2\/pages\/6005","targetHints":{"allow":["GET"]}}],"collection":[{"href":"https:\/\/www.leben-atmen.com\/leben-atmen-wp\/wp-json\/wp\/v2\/pages"}],"about":[{"href":"https:\/\/www.leben-atmen.com\/leben-atmen-wp\/wp-json\/wp\/v2\/types\/page"}],"author":[{"embeddable":true,"href":"https:\/\/www.leben-atmen.com\/leben-atmen-wp\/wp-json\/wp\/v2\/users\/1"}],"replies":[{"embeddable":true,"href":"https:\/\/www.leben-atmen.com\/leben-atmen-wp\/wp-json\/wp\/v2\/comments?post=6005"}],"version-history":[{"count":9,"href":"https:\/\/www.leben-atmen.com\/leben-atmen-wp\/wp-json\/wp\/v2\/pages\/6005\/revisions"}],"predecessor-version":[{"id":7172,"href":"https:\/\/www.leben-atmen.com\/leben-atmen-wp\/wp-json\/wp\/v2\/pages\/6005\/revisions\/7172"}],"up":[{"embeddable":true,"href":"https:\/\/www.leben-atmen.com\/leben-atmen-wp\/wp-json\/wp\/v2\/pages\/34"}],"wp:attachment":[{"href":"https:\/\/www.leben-atmen.com\/leben-atmen-wp\/wp-json\/wp\/v2\/media?parent=6005"}],"curies":[{"name":"wp","href":"https:\/\/api.w.org\/{rel}","templated":true}]}}