{"id":5911,"date":"2016-12-19T12:11:11","date_gmt":"2016-12-19T11:11:11","guid":{"rendered":"https:\/\/www.leben-atmen.com\/leben-atmen-wp\/?page_id=5911"},"modified":"2021-01-14T12:46:02","modified_gmt":"2021-01-14T11:46:02","slug":"2014-lissabon-obergriesbach","status":"publish","type":"page","link":"https:\/\/www.leben-atmen.com\/leben-atmen-wp\/radreisen\/2014-lissabon-obergriesbach\/","title":{"rendered":"2014 Lissabon-Obergriesbach"},"content":{"rendered":"<div class=\"wpb-content-wrapper\"><p>[vc_row css_animation=&#8221;fadeInDown&#8221; css=&#8221;.vc_custom_1482147235511{margin-top: 24px !important;}&#8221;][vc_column][vc_custom_heading text=&#8221;Kulturradreise 2014<br \/>\nvon Lissabon bis Obergriesbach&#8221; font_container=&#8221;tag:h1|font_size:48|text_align:center|line_height:64px&#8221; google_fonts=&#8221;font_family:Cinzel%3Aregular%2C700%2C900|font_style:400%20regular%3A400%3Anormal&#8221;][vc_custom_heading text=&#8221;Der Weg ist das Ziel!&#8221; font_container=&#8221;tag:h1|font_size:30|text_align:center&#8221; google_fonts=&#8221;font_family:Cinzel%3Aregular%2C700%2C900|font_style:400%20regular%3A400%3Anormal&#8221; css=&#8221;.vc_custom_1482144685506{margin-top: 24px !important;margin-bottom: 24px !important;}&#8221;][\/vc_column][\/vc_row][vc_row css=&#8221;.vc_custom_1482145847475{margin-bottom: 24px !important;}&#8221;][vc_column css_animation=&#8221;fadeInLeft&#8221; width=&#8221;2\/3&#8243;][vc_column_text]<\/p>\n<p class=\"GT1\">Kurz vor Antritt der Reise am 13.5.2014 tauschten wir den Startpunkt mit dem Zielpunkt und somit begann die knapp 3000 Kilometer lange Reise in Lissabon Portugal, denn wir wollten es einmal anders machen. Wir reisten zun\u00e4chst mit dem Flugzeug dorthin. Es war sehr hei\u00df, trotzdem schauten wir uns Fatima, die ber\u00fchmte Pilgerstadt in Portugal an. Eigentlich ziemlich rasch erreichten wir die Pilgerstadt Santiago de Compostela Pilgerziel f\u00fcr Millionen Fu\u00dfpilger. Und dann fuhren wir mit den Fahrr\u00e4dern auf dem Jakobsweg bis ins spanische Pamplona.<\/p>\n<p class=\"GT1\">\u00dcber die Pyren\u00e4en ging es dann nach Frankreich, auch Lourdes geh\u00f6rte zum Besichtigungsprogramm. Ziemlich direkt nach Norden f\u00fchrte uns der Weg an die Loir\u00e9 und dann an ihr entlang. Mit den ber\u00fchmten K\u00f6nigsschl\u00f6ssern und dem Radweg Euro Velo 6, der vom Atlantik ins Schwarze Meer quer durch Europa f\u00fchrt, hatten wir eine kulturreiche aber auch regenreiche Zeit im sch\u00f6nen Frankreich. So leitete dieser Fernradwanderweg uns schlie\u00dflich an den Rhein und zur\u00fcck nach Deutschland. Nach f\u00fcnf Wochen und drei Tagen erreichten wir gesund und ohne Panne das sch\u00f6ne Obergriesbach, unsere Heimat.<\/p>\n<p class=\"GT1\">Sie k\u00f6nnen die vergangene Kulturradreise 2014 nachlesen unter: <a href=\"https:\/\/www.leben-atmen.com\/lissabon\" target=\"_blank\" rel=\"noopener noreferrer\">www.leben-atmen.com\/lissabon<\/a><\/p>\n<p>[\/vc_column_text][\/vc_column][vc_column css_animation=&#8221;fadeInRight&#8221; width=&#8221;1\/3&#8243;][vc_single_image image=&#8221;5917&#8243; img_size=&#8221;large&#8221; style=&#8221;vc_box_shadow_3d&#8221;][vc_single_image image=&#8221;5918&#8243; img_size=&#8221;large&#8221; style=&#8221;vc_box_shadow_3d&#8221; css=&#8221;.vc_custom_1482145838292{margin-top: 24px !important;}&#8221;][\/vc_column][\/vc_row][vc_row][vc_column][vc_masonry_media_grid item=&#8221;masonryMedia_BorderedScale&#8221; initial_loading_animation=&#8221;fadeIn&#8221; grid_id=&#8221;vc_gid:1610624560719-66824138-aeec-8&#8243; include=&#8221;6001,6000,5999,5998,5997,5996,5995,5994,5993,5992,5991,5990,5989,5988,5987,5986,5985,5984,5983,5982,5981,5980,5979,5978,5977,5976,5975,5974,5973,5972,5971,5970,5969,5968,5967,5966,5965,5964,5963,5962,5961,5960,5959,5958,5957,5956,5955,5954,5953,5952,5951,5950,5949,5948,5947,5946,5945,5944,5943,5942,5941,5940,5939,5938,5937,5936,5935,5934,5933,5932,5931,5930,5929,5928,5927,5926,5925,5924,5923,5922,5921,5920&#8243;][\/vc_column][\/vc_row]<\/p>\n<\/div>","protected":false},"excerpt":{"rendered":"<p>[vc_row css_animation=&#8221;fadeInDown&#8221; css=&#8221;.vc_custom_1482147235511{margin-top: 24px !important;}&#8221;][vc_column][vc_custom_heading text=&#8221;Kulturradreise 2014 von Lissabon bis Obergriesbach&#8221; font_container=&#8221;tag:h1|font_size:48|text_align:center|line_height:64px&#8221; google_fonts=&#8221;font_family:Cinzel%3Aregular%2C700%2C900|font_style:400%20regular%3A400%3Anormal&#8221;][vc_custom_heading text=&#8221;Der Weg ist das Ziel!&#8221; font_container=&#8221;tag:h1|font_size:30|text_align:center&#8221; google_fonts=&#8221;font_family:Cinzel%3Aregular%2C700%2C900|font_style:400%20regular%3A400%3Anormal&#8221; css=&#8221;.vc_custom_1482144685506{margin-top: 24px !important;margin-bottom: 24px !important;}&#8221;][\/vc_column][\/vc_row][vc_row css=&#8221;.vc_custom_1482145847475{margin-bottom: 24px !important;}&#8221;][vc_column css_animation=&#8221;fadeInLeft&#8221; width=&#8221;2\/3&#8243;][vc_column_text] Kurz vor Antritt der Reise am 13.5.2014 tauschten wir den Startpunkt mit dem Zielpunkt und somit begann die knapp 3000 Kilometer lange Reise in Lissabon Portugal, denn wir wollten es einmal anders machen. Wir reisten zun\u00e4chst mit dem Flugzeug dorthin. Es war sehr hei\u00df, trotzdem schauten wir uns Fatima, die ber\u00fchmte Pilgerstadt in Portugal an. Eigentlich ziemlich rasch erreichten wir die Pilgerstadt Santiago de Compostela Pilgerziel f\u00fcr Millionen Fu\u00dfpilger. Und &hellip; <a href=\"https:\/\/www.leben-atmen.com\/leben-atmen-wp\/radreisen\/2014-lissabon-obergriesbach\/\">Continued<\/a><\/p>\n","protected":false},"author":1,"featured_media":0,"parent":34,"menu_order":0,"comment_status":"closed","ping_status":"closed","template":"page-fullwidth.php","meta":{"footnotes":""},"class_list":["post-5911","page","type-page","status-publish","hentry"],"_links":{"self":[{"href":"https:\/\/www.leben-atmen.com\/leben-atmen-wp\/wp-json\/wp\/v2\/pages\/5911","targetHints":{"allow":["GET"]}}],"collection":[{"href":"https:\/\/www.leben-atmen.com\/leben-atmen-wp\/wp-json\/wp\/v2\/pages"}],"about":[{"href":"https:\/\/www.leben-atmen.com\/leben-atmen-wp\/wp-json\/wp\/v2\/types\/page"}],"author":[{"embeddable":true,"href":"https:\/\/www.leben-atmen.com\/leben-atmen-wp\/wp-json\/wp\/v2\/users\/1"}],"replies":[{"embeddable":true,"href":"https:\/\/www.leben-atmen.com\/leben-atmen-wp\/wp-json\/wp\/v2\/comments?post=5911"}],"version-history":[{"count":13,"href":"https:\/\/www.leben-atmen.com\/leben-atmen-wp\/wp-json\/wp\/v2\/pages\/5911\/revisions"}],"predecessor-version":[{"id":7170,"href":"https:\/\/www.leben-atmen.com\/leben-atmen-wp\/wp-json\/wp\/v2\/pages\/5911\/revisions\/7170"}],"up":[{"embeddable":true,"href":"https:\/\/www.leben-atmen.com\/leben-atmen-wp\/wp-json\/wp\/v2\/pages\/34"}],"wp:attachment":[{"href":"https:\/\/www.leben-atmen.com\/leben-atmen-wp\/wp-json\/wp\/v2\/media?parent=5911"}],"curies":[{"name":"wp","href":"https:\/\/api.w.org\/{rel}","templated":true}]}}