{"id":58,"date":"2016-12-14T10:27:04","date_gmt":"2016-12-14T09:27:04","guid":{"rendered":"https:\/\/www.leben-atmen.com\/leben-atmen-wp\/?page_id=58"},"modified":"2021-01-14T12:45:43","modified_gmt":"2021-01-14T11:45:43","slug":"2013-obergriesbach-palermo","status":"publish","type":"page","link":"https:\/\/www.leben-atmen.com\/leben-atmen-wp\/radreisen\/2013-obergriesbach-palermo\/","title":{"rendered":"2013 Obergriesbach-Palermo"},"content":{"rendered":"<div class=\"wpb-content-wrapper\"><p>[vc_row css_animation=&#8221;fadeInDown&#8221; css=&#8221;.vc_custom_1482147257075{margin-top: 24px !important;}&#8221;][vc_column][vc_custom_heading text=&#8221;Obergriesbach\u2013Palermo<br \/>\noder \u201eEin Rad f\u00fcr Ralf\u201c&#8221; font_container=&#8221;tag:h1|font_size:48|text_align:center|line_height:64px&#8221; google_fonts=&#8221;font_family:Cinzel%3Aregular%2C700%2C900|font_style:400%20regular%3A400%3Anormal&#8221;][vc_custom_heading text=&#8221;Leben atmen \u2013 Kulturradreise 2013 von Obergriesbach nach Palermo&#8221; font_container=&#8221;tag:h2|font_size:30|text_align:center&#8221; google_fonts=&#8221;font_family:Cinzel%3Aregular%2C700%2C900|font_style:400%20regular%3A400%3Anormal&#8221; css=&#8221;.vc_custom_1482143345182{margin-top: 24px !important;}&#8221;][\/vc_column][\/vc_row][vc_row css_animation=&#8221;fadeInRight&#8221; css=&#8221;.vc_custom_1482144206847{margin-top: 24px !important;margin-bottom: 24px !important;}&#8221;][vc_column css_animation=&#8221;fadeInLeft&#8221; width=&#8221;1\/3&#8243;][vc_single_image image=&#8221;5804&#8243; img_size=&#8221;large&#8221; style=&#8221;vc_box_shadow_3d&#8221;][\/vc_column][vc_column css_animation=&#8221;fadeInRight&#8221; width=&#8221;2\/3&#8243;][vc_column_text]<\/p>\n<p class=\"GT1\">Sechs Wochen und drei Tage haben die Ochsenk\u00fchns von ihrem Heimatort Obergriesbach nach Palermo auf Sizilien gebraucht. Dabei legten sie mehr als 2900 Kilometer, 33500 H\u00f6henmeter aufw\u00e4rts und 33000 H\u00f6henmeter abw\u00e4rts zur\u00fcck.<\/p>\n<p class=\"GT1\">Die Reise begann auf der Via Claudia Augusta, \u00fcber F\u00fcssen, dem Fernpass nach \u00d6sterreich, Zams, Pfunds und dann \u00fcber den Reschenpass nach Italien. Sie fuhren den Gardasee entlang durch die Poebene, hinein in den Apennin. Mehrere P\u00e4sse mussten bis nach Florenz bew\u00e4ltigt werden, wo sie den Startpunkt des Franziskuswegs erreichten. Weiter ging es in bergiger Landschaft nach Assisi und weiter nach Rom.<\/p>\n<p class=\"GT1\">In Rom schafften sie es nach einer gro\u00dfen Fahrradpanne dann doch noch auf die F\u00e4hre nach Sardinien. Die Insel passierten sie von Norden nach S\u00fcden, um von Cagliari aus eine F\u00e4hre wieder an das Festland, nach Neapel zu nehmen. Dort schauten sie sich Pompeij an und fuhren dann weiter die Amalfik\u00fcste entlang nach Calabrien. Das Ziel, Palermo, war nicht mehr allzu fern&#8230;<\/p>\n<p class=\"GT1\">Auf ihrer Spendenfahrt haben sie \u00fcber <span style=\"font-family: 'Times New Roman';\">\u20ac<\/span> 6000.\u2013 f\u00fcr ein Rad f\u00fcr Ralf, der an der schleichenden Form der Multiple Skerlose leidet, gesammelt. Das Fahrrad konnte noch im August 2013 von Ralf in Empfang werden (siehe Foto.)<\/p>\n<p class=\"GT1\">Sie k\u00f6nnen die vergangene Kulturradreise 2013\u00a0nachlesen unter: <a href=\"https:\/\/www.leben-atmen.com\/palermo\" target=\"_blank\" rel=\"noopener noreferrer\">www.leben-atmen.com\/palermo<br \/>\n<\/a>oder besuchen Sie einen unserer Vortr\u00e4ge.<\/p>\n<p>[\/vc_column_text][\/vc_column][\/vc_row][vc_row][vc_column][vc_masonry_media_grid item=&#8221;masonryMedia_BorderedScale&#8221; initial_loading_animation=&#8221;fadeIn&#8221; grid_id=&#8221;vc_gid:1610624559986-516cb358-4b78-1&#8243; include=&#8221;5909,5908,5907,5906,5905,5904,5903,5902,5901,5900,5899,5898,5897,5896,5895,5894,5893,5892,5891,5890,5889,5888,5887,5886,5885,5884,5883,5882,5881,5880,5879,5878,5877,5876,5875,5874,5873,5872,5871,5870,5869,5868,5867,5866,5865,5864,5863,5862,5861,5860,5859,5858,5857,5856,5855,5854,5853,5852,5851,5850,5849,5848,5847,5846,5845,5844,5843,5842,5841,5840,5839,5838,5837,5836,5835,5834,5833,5832,5831,5830,5829,5828,5827,5826,5825,5824,5823,5822,5821,5820,5819,5818,5817,5816,5815,5814,5813,5812,5811,5810,5809,5808,5807,5806&#8243;][\/vc_column][\/vc_row]<\/p>\n<\/div>","protected":false},"excerpt":{"rendered":"<p>[vc_row css_animation=&#8221;fadeInDown&#8221; css=&#8221;.vc_custom_1482147257075{margin-top: 24px !important;}&#8221;][vc_column][vc_custom_heading text=&#8221;Obergriesbach\u2013Palermo oder \u201eEin Rad f\u00fcr Ralf\u201c&#8221; font_container=&#8221;tag:h1|font_size:48|text_align:center|line_height:64px&#8221; google_fonts=&#8221;font_family:Cinzel%3Aregular%2C700%2C900|font_style:400%20regular%3A400%3Anormal&#8221;][vc_custom_heading text=&#8221;Leben atmen \u2013 Kulturradreise 2013 von Obergriesbach nach Palermo&#8221; font_container=&#8221;tag:h2|font_size:30|text_align:center&#8221; google_fonts=&#8221;font_family:Cinzel%3Aregular%2C700%2C900|font_style:400%20regular%3A400%3Anormal&#8221; css=&#8221;.vc_custom_1482143345182{margin-top: 24px !important;}&#8221;][\/vc_column][\/vc_row][vc_row css_animation=&#8221;fadeInRight&#8221; css=&#8221;.vc_custom_1482144206847{margin-top: 24px !important;margin-bottom: 24px !important;}&#8221;][vc_column css_animation=&#8221;fadeInLeft&#8221; width=&#8221;1\/3&#8243;][vc_single_image image=&#8221;5804&#8243; img_size=&#8221;large&#8221; style=&#8221;vc_box_shadow_3d&#8221;][\/vc_column][vc_column css_animation=&#8221;fadeInRight&#8221; width=&#8221;2\/3&#8243;][vc_column_text] Sechs Wochen und drei Tage haben die Ochsenk\u00fchns von ihrem Heimatort Obergriesbach nach Palermo auf Sizilien gebraucht. Dabei legten sie mehr als 2900 Kilometer, 33500 H\u00f6henmeter aufw\u00e4rts und 33000 H\u00f6henmeter abw\u00e4rts zur\u00fcck. Die Reise begann auf der Via Claudia Augusta, \u00fcber F\u00fcssen, dem Fernpass nach \u00d6sterreich, Zams, Pfunds und dann \u00fcber den Reschenpass nach Italien. Sie fuhren den Gardasee entlang &hellip; <a href=\"https:\/\/www.leben-atmen.com\/leben-atmen-wp\/radreisen\/2013-obergriesbach-palermo\/\">Continued<\/a><\/p>\n","protected":false},"author":1,"featured_media":0,"parent":34,"menu_order":0,"comment_status":"closed","ping_status":"closed","template":"","meta":{"footnotes":""},"class_list":["post-58","page","type-page","status-publish","hentry"],"_links":{"self":[{"href":"https:\/\/www.leben-atmen.com\/leben-atmen-wp\/wp-json\/wp\/v2\/pages\/58","targetHints":{"allow":["GET"]}}],"collection":[{"href":"https:\/\/www.leben-atmen.com\/leben-atmen-wp\/wp-json\/wp\/v2\/pages"}],"about":[{"href":"https:\/\/www.leben-atmen.com\/leben-atmen-wp\/wp-json\/wp\/v2\/types\/page"}],"author":[{"embeddable":true,"href":"https:\/\/www.leben-atmen.com\/leben-atmen-wp\/wp-json\/wp\/v2\/users\/1"}],"replies":[{"embeddable":true,"href":"https:\/\/www.leben-atmen.com\/leben-atmen-wp\/wp-json\/wp\/v2\/comments?post=58"}],"version-history":[{"count":10,"href":"https:\/\/www.leben-atmen.com\/leben-atmen-wp\/wp-json\/wp\/v2\/pages\/58\/revisions"}],"predecessor-version":[{"id":7168,"href":"https:\/\/www.leben-atmen.com\/leben-atmen-wp\/wp-json\/wp\/v2\/pages\/58\/revisions\/7168"}],"up":[{"embeddable":true,"href":"https:\/\/www.leben-atmen.com\/leben-atmen-wp\/wp-json\/wp\/v2\/pages\/34"}],"wp:attachment":[{"href":"https:\/\/www.leben-atmen.com\/leben-atmen-wp\/wp-json\/wp\/v2\/media?parent=58"}],"curies":[{"name":"wp","href":"https:\/\/api.w.org\/{rel}","templated":true}]}}