{"id":5373,"date":"2016-12-14T14:11:14","date_gmt":"2016-12-14T13:11:14","guid":{"rendered":"https:\/\/www.leben-atmen.com\/leben-atmen-wp\/?page_id=5373"},"modified":"2018-05-23T14:25:06","modified_gmt":"2018-05-23T12:25:06","slug":"ueberblick","status":"publish","type":"page","link":"https:\/\/www.leben-atmen.com\/leben-atmen-wp\/franziskusweg\/ueberblick\/","title":{"rendered":"\u00dcberblick"},"content":{"rendered":"<div class=\"wpb-content-wrapper\"><p>[vc_row row_type=&#8221;parallax&#8221; parallax_full=&#8221;yes&#8221; p_bg_image=&#8221;5376&#8243; koko=&#8221;1000&#8243;][vc_column width=&#8221;1\/6&#8243;][\/vc_column][vc_column width=&#8221;2\/3&#8243; css=&#8221;.vc_custom_1481719139912{margin-top: 72px !important;}&#8221;][vc_column_text css_animation=&#8221;slideInDown&#8221; css=&#8221;.vc_custom_1481721506310{margin-top: 90px !important;padding-top: 6px !important;padding-right: 16px !important;padding-bottom: 16px !important;padding-left: 16px !important;background-color: rgba(0,0,0,0.6) !important;*background-color: rgb(0,0,0) !important;}&#8221;]<\/p>\n<h1 class=\"2\"><span style=\"color: #ffffff;\">\u201eBuongiorno, buona gente!\u201c \u2013<\/span><br \/>\n<span style=\"color: #ffffff;\">\u201eGuten Tag, ihr guten Menschen!\u201c<\/span><\/h1>\n<p class=\"GT1\"><span style=\"color: #ffffff;\">Mit diesem Gru\u00df auf den Lippen durchschritt Franz von Assisi im Jahre 1209 zum ersten Male das Rietital. Noch heute findet man auf dem Franziskusweg viele freundliche und hilfsbereite Menschen, die den Pilger herzlich empfangen.<\/span><\/p>\n<p class=\"GT1\"><span style=\"color: #ffffff;\">Was erwartet Sie als Pilger auf dem Franziskusweg? \u00dcber 500 Kilometer in vier Wochen zu gehen stellt eine echte Herausforderung f\u00fcr den K\u00f6rper und den Kopf dar. Viele H\u00f6henmeter \u00fcberwindet man, daf\u00fcr durchwandert man unber\u00fchrte Natur und immer wieder wird man an Kl\u00f6stern vorbeikommen, die viel von der Geschichte des heiligen Franz von Assisi erz\u00e4hlen.<\/span><\/p>\n<p class=\"GT1\"><span style=\"color: #ffffff;\">Alternativ dazu kann man den Franziskusweg mit dem Fahrrad erkunden. Wir haben eine alternative Route zum Fu\u00dfpilgerweg entwickelt und k\u00f6nnen so ein komfortables Vorankommen auf guten Teerstra\u00dfen und Schotterwegen, ruhigen Landstra\u00dfen und einsamen befestigten Wegen gew\u00e4hrleisten. Man gelangt gleicherma\u00dfen an die wichtigen Sehensw\u00fcrdigkeiten des Franziskusweges. Die cirka 500 Kilometer lange Strecke von Florenz nach Rom ist in zehn Fahrtage unterteilt.<\/span><\/p>\n<p class=\"GT1\"><span style=\"color: #ffffff;\">Spirituelle franziskanische Orte, die Natur und die Einheimischen Italiens, einsame D\u00f6rfer wie Greccio und lebendige St\u00e4dte wie Rieti geh\u00f6ren ebenso dazu wie der grandiose Abschluss der Reise, die Ankunft in Rom.<\/span><\/p>\n<p>[\/vc_column_text][\/vc_column][vc_column width=&#8221;1\/6&#8243;][\/vc_column][\/vc_row][vc_row css=&#8221;.vc_custom_1527077529129{margin-top: 48px !important;}&#8221;][vc_column][vc_single_image image=&#8221;6666&#8243; img_size=&#8221;large&#8221; alignment=&#8221;center&#8221; css_animation=&#8221;fadeIn&#8221;][\/vc_column][\/vc_row][vc_row][vc_column]\n\t\t\t<!-- START Zitate REVOLUTION SLIDER 6.6.7 --><p class=\"rs-p-wp-fix\"><\/p>\n\t\t\t<rs-module-wrap id=\"rev_slider_10_1_wrapper\" data-source=\"gallery\" style=\"visibility:hidden;background:transparent;padding:0;margin:0px auto;margin-top:0;margin-bottom:0;\">\n\t\t\t\t<rs-module id=\"rev_slider_10_1\" style=\"\" data-version=\"6.6.7\">\n\t\t\t\t\t<rs-slides style=\"overflow: hidden; position: absolute;\">\n\t\t\t\t\t\t<rs-slide style=\"position: absolute;\" data-key=\"rs-73\" data-title=\"Slide\" data-duration=\"7000\" data-anim=\"ms:500;\" data-out=\"x:-100%;\">\n\t\t\t\t\t\t\t<img decoding=\"async\" src=\"\/\/www.leben-atmen.com\/leben-atmen-wp\/wp-content\/plugins\/revslider\/public\/assets\/assets\/dummy.png\" alt=\"Slide\" title=\"\u00dcberblick\" class=\"rev-slidebg tp-rs-img rs-lazyload\" data-lazyload=\"\/\/www.leben-atmen.com\/leben-atmen-wp\/wp-content\/plugins\/revslider\/public\/assets\/assets\/transparent.png\" data-no-retina>\n<!--\n\t\t\t\t\t\t\t--><rs-layer\n\t\t\t\t\t\t\t\tid=\"slider-10-slide-73-layer-1\" \n\t\t\t\t\t\t\t\tdata-type=\"text\"\n\t\t\t\t\t\t\t\tdata-color=\"rgba(12,12,12,1)\"\n\t\t\t\t\t\t\t\tdata-rsp_ch=\"on\"\n\t\t\t\t\t\t\t\tdata-xy=\"x:c;y:c;yo:-29px;\"\n\t\t\t\t\t\t\t\tdata-text=\"s:48;l:54;a:center;\"\n\t\t\t\t\t\t\t\tdata-frame_0=\"tp:600;\"\n\t\t\t\t\t\t\t\tdata-frame_1=\"tp:600;st:0;\"\n\t\t\t\t\t\t\t\tdata-frame_999=\"o:0;tp:600;st:w;sR:6700;\"\n\t\t\t\t\t\t\t\tstyle=\"z-index:5;font-family:'Cinzel';\"\n\t\t\t\t\t\t\t>\u00bbWir sind von Florenz nach Assisi gegangen <br>\nund der Weg hat uns in der Tat sehr ber\u00fchrt.\u00ab \n\t\t\t\t\t\t\t<\/rs-layer><!--\n\n\t\t\t\t\t\t\t--><rs-layer\n\t\t\t\t\t\t\t\tid=\"slider-10-slide-73-layer-2\" \n\t\t\t\t\t\t\t\tdata-type=\"text\"\n\t\t\t\t\t\t\t\tdata-color=\"rgba(12,12,12,1)\"\n\t\t\t\t\t\t\t\tdata-rsp_ch=\"on\"\n\t\t\t\t\t\t\t\tdata-xy=\"x:c;xo:-2px;y:c;yo:52px;\"\n\t\t\t\t\t\t\t\tdata-text=\"s:24;l:54;a:center;\"\n\t\t\t\t\t\t\t\tdata-frame_0=\"tp:600;\"\n\t\t\t\t\t\t\t\tdata-frame_1=\"tp:600;st:0;\"\n\t\t\t\t\t\t\t\tdata-frame_999=\"o:0;tp:600;st:w;sR:6700;\"\n\t\t\t\t\t\t\t\tstyle=\"z-index:6;font-family:'Open Sans';\"\n\t\t\t\t\t\t\t>Franz Sinn \n\t\t\t\t\t\t\t<\/rs-layer><!--\n-->\t\t\t\t\t\t<\/rs-slide>\n\t\t\t\t\t\t<rs-slide style=\"position: absolute;\" data-key=\"rs-74\" data-title=\"Slide\" data-duration=\"7000\" data-anim=\"ms:500;\" data-out=\"x:-100%;\">\n\t\t\t\t\t\t\t<img decoding=\"async\" src=\"\/\/www.leben-atmen.com\/leben-atmen-wp\/wp-content\/plugins\/revslider\/public\/assets\/assets\/dummy.png\" alt=\"Slide\" title=\"\u00dcberblick\" class=\"rev-slidebg tp-rs-img rs-lazyload\" data-lazyload=\"\/\/www.leben-atmen.com\/leben-atmen-wp\/wp-content\/plugins\/revslider\/public\/assets\/assets\/transparent.png\" data-no-retina>\n<!--\n\t\t\t\t\t\t\t--><rs-layer\n\t\t\t\t\t\t\t\tid=\"slider-10-slide-74-layer-1\" \n\t\t\t\t\t\t\t\tdata-type=\"text\"\n\t\t\t\t\t\t\t\tdata-color=\"rgba(12,12,12,1)\"\n\t\t\t\t\t\t\t\tdata-rsp_ch=\"on\"\n\t\t\t\t\t\t\t\tdata-xy=\"x:c;y:c;yo:-29px;\"\n\t\t\t\t\t\t\t\tdata-text=\"s:48;l:54;a:center;\"\n\t\t\t\t\t\t\t\tdata-frame_0=\"tp:600;\"\n\t\t\t\t\t\t\t\tdata-frame_1=\"tp:600;st:0;\"\n\t\t\t\t\t\t\t\tdata-frame_999=\"o:0;tp:600;st:w;sR:6700;\"\n\t\t\t\t\t\t\t\tstyle=\"z-index:5;font-family:'Cinzel';\"\n\t\t\t\t\t\t\t>\u00bbEs war das Sch\u00f6nste,<br\/>\nwas wir je in unserem Leben getan haben\u00ab \n\t\t\t\t\t\t\t<\/rs-layer><!--\n\n\t\t\t\t\t\t\t--><rs-layer\n\t\t\t\t\t\t\t\tid=\"slider-10-slide-74-layer-2\" \n\t\t\t\t\t\t\t\tdata-type=\"text\"\n\t\t\t\t\t\t\t\tdata-color=\"rgba(12,12,12,1)\"\n\t\t\t\t\t\t\t\tdata-rsp_ch=\"on\"\n\t\t\t\t\t\t\t\tdata-xy=\"x:c;xo:-2px;y:c;yo:52px;\"\n\t\t\t\t\t\t\t\tdata-text=\"s:24;l:54;a:center;\"\n\t\t\t\t\t\t\t\tdata-frame_0=\"tp:600;\"\n\t\t\t\t\t\t\t\tdata-frame_1=\"tp:600;st:0;\"\n\t\t\t\t\t\t\t\tdata-frame_999=\"o:0;tp:600;st:w;sR:6700;\"\n\t\t\t\t\t\t\t\tstyle=\"z-index:6;font-family:'Open Sans';\"\n\t\t\t\t\t\t\t>Sabine Berger \n\t\t\t\t\t\t\t<\/rs-layer><!--\n-->\t\t\t\t\t\t<\/rs-slide>\n\t\t\t\t\t\t<rs-slide style=\"position: absolute;\" data-key=\"rs-75\" data-title=\"Slide\" data-duration=\"7000\" data-in=\"x:-100%;\">\n\t\t\t\t\t\t\t<img decoding=\"async\" src=\"\/\/www.leben-atmen.com\/leben-atmen-wp\/wp-content\/plugins\/revslider\/public\/assets\/assets\/dummy.png\" alt=\"Slide\" title=\"\u00dcberblick\" class=\"rev-slidebg tp-rs-img rs-lazyload\" data-lazyload=\"\/\/www.leben-atmen.com\/leben-atmen-wp\/wp-content\/plugins\/revslider\/public\/assets\/assets\/transparent.png\" data-no-retina>\n<!--\n\t\t\t\t\t\t\t--><rs-layer\n\t\t\t\t\t\t\t\tid=\"slider-10-slide-75-layer-1\" \n\t\t\t\t\t\t\t\tdata-type=\"text\"\n\t\t\t\t\t\t\t\tdata-color=\"rgba(12,12,12,1)\"\n\t\t\t\t\t\t\t\tdata-rsp_ch=\"on\"\n\t\t\t\t\t\t\t\tdata-xy=\"x:c;y:c;yo:-29px;\"\n\t\t\t\t\t\t\t\tdata-text=\"s:48;l:54;a:center;\"\n\t\t\t\t\t\t\t\tdata-frame_0=\"tp:600;\"\n\t\t\t\t\t\t\t\tdata-frame_1=\"tp:600;st:0;\"\n\t\t\t\t\t\t\t\tdata-frame_999=\"o:0;tp:600;st:w;sR:8700;\"\n\t\t\t\t\t\t\t\tstyle=\"z-index:5;font-family:'Cinzel';\"\n\t\t\t\t\t\t\t>\u00bbAtemberaubend sch\u00f6ne Natur \u2013 <br>\nSie haben recht: ein Pilgerweg f\u00fcr alle Sinne\u00ab \n\t\t\t\t\t\t\t<\/rs-layer><!--\n\n\t\t\t\t\t\t\t--><rs-layer\n\t\t\t\t\t\t\t\tid=\"slider-10-slide-75-layer-2\" \n\t\t\t\t\t\t\t\tdata-type=\"text\"\n\t\t\t\t\t\t\t\tdata-color=\"rgba(12,12,12,1)\"\n\t\t\t\t\t\t\t\tdata-rsp_ch=\"on\"\n\t\t\t\t\t\t\t\tdata-xy=\"x:c;xo:-2px;y:c;yo:52px;\"\n\t\t\t\t\t\t\t\tdata-text=\"s:24;l:54;a:center;\"\n\t\t\t\t\t\t\t\tdata-frame_0=\"tp:600;\"\n\t\t\t\t\t\t\t\tdata-frame_1=\"tp:600;st:0;\"\n\t\t\t\t\t\t\t\tdata-frame_999=\"o:0;tp:600;st:w;sR:8700;\"\n\t\t\t\t\t\t\t\tstyle=\"z-index:6;font-family:'Open Sans';\"\n\t\t\t\t\t\t\t>Rita Nurt \n\t\t\t\t\t\t\t<\/rs-layer><!--\n-->\t\t\t\t\t\t<\/rs-slide>\n\t\t\t\t\t\t<rs-slide style=\"position: absolute;\" data-key=\"rs-76\" data-title=\"Slide\" data-duration=\"10000\" data-in=\"x:-100%;\">\n\t\t\t\t\t\t\t<img decoding=\"async\" src=\"\/\/www.leben-atmen.com\/leben-atmen-wp\/wp-content\/plugins\/revslider\/public\/assets\/assets\/dummy.png\" alt=\"Slide\" title=\"\u00dcberblick\" class=\"rev-slidebg tp-rs-img rs-lazyload\" data-lazyload=\"\/\/www.leben-atmen.com\/leben-atmen-wp\/wp-content\/plugins\/revslider\/public\/assets\/assets\/transparent.png\" data-no-retina>\n<!--\n\t\t\t\t\t\t\t--><rs-layer\n\t\t\t\t\t\t\t\tid=\"slider-10-slide-76-layer-1\" \n\t\t\t\t\t\t\t\tdata-type=\"text\"\n\t\t\t\t\t\t\t\tdata-color=\"rgba(12,12,12,1)\"\n\t\t\t\t\t\t\t\tdata-rsp_ch=\"on\"\n\t\t\t\t\t\t\t\tdata-xy=\"x:c;xo:-3px;y:24px;\"\n\t\t\t\t\t\t\t\tdata-text=\"s:36;l:42;a:center;\"\n\t\t\t\t\t\t\t\tdata-frame_0=\"tp:600;\"\n\t\t\t\t\t\t\t\tdata-frame_1=\"tp:600;st:0;\"\n\t\t\t\t\t\t\t\tdata-frame_999=\"o:0;tp:600;st:9000;sR:8700;\"\n\t\t\t\t\t\t\t\tstyle=\"z-index:5;font-family:'Cinzel';\"\n\t\t\t\t\t\t\t>\u00bbAls ehemaliger Jakobspilger <br>\n war ich anfangs eher skeptisch. <br>\n Doch nach den ersten beiden Wegetappen <br>\n ist die Skepsis verflogen. <br>\n Erlebt habe ich einen einmalig sch\u00f6nen Pilgerweg <br>\n mit zahlreichen unvergesslich faszinierenden Kl\u00f6stern. <br>\n Ich kann den Weg anderen Pilgern <br>\n ausdr\u00fccklich empfehlen.\u00ab \n\t\t\t\t\t\t\t<\/rs-layer><!--\n\n\t\t\t\t\t\t\t--><rs-layer\n\t\t\t\t\t\t\t\tid=\"slider-10-slide-76-layer-2\" \n\t\t\t\t\t\t\t\tdata-type=\"text\"\n\t\t\t\t\t\t\t\tdata-color=\"rgba(12,12,12,1)\"\n\t\t\t\t\t\t\t\tdata-rsp_ch=\"on\"\n\t\t\t\t\t\t\t\tdata-xy=\"x:c;xo:-5px;y:b;yo:32px;\"\n\t\t\t\t\t\t\t\tdata-text=\"s:24;l:54;a:center;\"\n\t\t\t\t\t\t\t\tdata-frame_0=\"tp:600;\"\n\t\t\t\t\t\t\t\tdata-frame_1=\"tp:600;st:0;\"\n\t\t\t\t\t\t\t\tdata-frame_999=\"o:0;tp:600;st:9000;sR:8700;\"\n\t\t\t\t\t\t\t\tstyle=\"z-index:6;font-family:'Open Sans';\"\n\t\t\t\t\t\t\t>Jakob Niessner \n\t\t\t\t\t\t\t<\/rs-layer><!--\n-->\t\t\t\t\t\t<\/rs-slide>\n\t\t\t\t\t\t<rs-slide style=\"position: absolute;\" data-key=\"rs-78\" data-title=\"Slide\" data-duration=\"7000\" data-in=\"x:-100%;\">\n\t\t\t\t\t\t\t<img decoding=\"async\" src=\"\/\/www.leben-atmen.com\/leben-atmen-wp\/wp-content\/plugins\/revslider\/public\/assets\/assets\/dummy.png\" alt=\"Slide\" title=\"\u00dcberblick\" class=\"rev-slidebg tp-rs-img rs-lazyload\" data-lazyload=\"\/\/www.leben-atmen.com\/leben-atmen-wp\/wp-content\/plugins\/revslider\/public\/assets\/assets\/transparent.png\" data-no-retina>\n<!--\n\t\t\t\t\t\t\t--><rs-layer\n\t\t\t\t\t\t\t\tid=\"slider-10-slide-78-layer-1\" \n\t\t\t\t\t\t\t\tdata-type=\"text\"\n\t\t\t\t\t\t\t\tdata-color=\"rgba(12,12,12,1)\"\n\t\t\t\t\t\t\t\tdata-rsp_ch=\"on\"\n\t\t\t\t\t\t\t\tdata-xy=\"x:c;y:c;yo:-43px;\"\n\t\t\t\t\t\t\t\tdata-text=\"s:48;l:54;a:center;\"\n\t\t\t\t\t\t\t\tdata-frame_0=\"tp:600;\"\n\t\t\t\t\t\t\t\tdata-frame_1=\"tp:600;st:0;\"\n\t\t\t\t\t\t\t\tdata-frame_999=\"o:0;tp:600;st:w;sR:8700;\"\n\t\t\t\t\t\t\t\tstyle=\"z-index:5;font-family:'Cinzel';\"\n\t\t\t\t\t\t\t>\u00bbGastfreundliche Menschen, <br>\nunber\u00fchrte Natur und einsame<br>\nPilgerwege   haben diese Reise <br>\nf\u00fcr mich unvergesslich werden lassen.\u00ab \n\t\t\t\t\t\t\t<\/rs-layer><!--\n\n\t\t\t\t\t\t\t--><rs-layer\n\t\t\t\t\t\t\t\tid=\"slider-10-slide-78-layer-2\" \n\t\t\t\t\t\t\t\tdata-type=\"text\"\n\t\t\t\t\t\t\t\tdata-color=\"rgba(12,12,12,1)\"\n\t\t\t\t\t\t\t\tdata-rsp_ch=\"on\"\n\t\t\t\t\t\t\t\tdata-xy=\"x:c;xo:-2px;y:c;yo:101px;\"\n\t\t\t\t\t\t\t\tdata-text=\"s:24;l:54;a:center;\"\n\t\t\t\t\t\t\t\tdata-frame_0=\"tp:600;\"\n\t\t\t\t\t\t\t\tdata-frame_1=\"tp:600;st:0;\"\n\t\t\t\t\t\t\t\tdata-frame_999=\"o:0;tp:600;st:w;sR:8700;\"\n\t\t\t\t\t\t\t\tstyle=\"z-index:6;font-family:'Open Sans';\"\n\t\t\t\t\t\t\t>Maria Mirtz \n\t\t\t\t\t\t\t<\/rs-layer><!--\n-->\t\t\t\t\t\t<\/rs-slide>\n\t\t\t\t\t\t<rs-slide style=\"position: absolute;\" data-key=\"rs-79\" data-title=\"Slide\" data-duration=\"7000\" data-in=\"x:-100%;\">\n\t\t\t\t\t\t\t<img decoding=\"async\" src=\"\/\/www.leben-atmen.com\/leben-atmen-wp\/wp-content\/plugins\/revslider\/public\/assets\/assets\/dummy.png\" alt=\"Slide\" title=\"\u00dcberblick\" class=\"rev-slidebg tp-rs-img rs-lazyload\" data-lazyload=\"\/\/www.leben-atmen.com\/leben-atmen-wp\/wp-content\/plugins\/revslider\/public\/assets\/assets\/transparent.png\" data-no-retina>\n<!--\n\t\t\t\t\t\t\t--><rs-layer\n\t\t\t\t\t\t\t\tid=\"slider-10-slide-79-layer-1\" \n\t\t\t\t\t\t\t\tdata-type=\"text\"\n\t\t\t\t\t\t\t\tdata-color=\"rgba(12,12,12,1)\"\n\t\t\t\t\t\t\t\tdata-rsp_ch=\"on\"\n\t\t\t\t\t\t\t\tdata-xy=\"x:c;y:c;yo:-43px;\"\n\t\t\t\t\t\t\t\tdata-text=\"s:48;l:54;a:center;\"\n\t\t\t\t\t\t\t\tdata-frame_0=\"tp:600;\"\n\t\t\t\t\t\t\t\tdata-frame_1=\"tp:600;st:0;\"\n\t\t\t\t\t\t\t\tdata-frame_999=\"o:0;tp:600;st:w;sR:8700;\"\n\t\t\t\t\t\t\t\tstyle=\"z-index:5;font-family:'Cinzel';\"\n\t\t\t\t\t\t\t>\u00bbIch bin den Weg nun schon <br>\nzweimal komplett gegangen <br>\n          und es ist in jeder Hinsicht <br>\nein traumhafter Pilgerpfad.\u00ab \n\t\t\t\t\t\t\t<\/rs-layer><!--\n\n\t\t\t\t\t\t\t--><rs-layer\n\t\t\t\t\t\t\t\tid=\"slider-10-slide-79-layer-2\" \n\t\t\t\t\t\t\t\tdata-type=\"text\"\n\t\t\t\t\t\t\t\tdata-color=\"rgba(12,12,12,1)\"\n\t\t\t\t\t\t\t\tdata-rsp_ch=\"on\"\n\t\t\t\t\t\t\t\tdata-xy=\"x:c;xo:-2px;y:c;yo:101px;\"\n\t\t\t\t\t\t\t\tdata-text=\"s:24;l:54;a:center;\"\n\t\t\t\t\t\t\t\tdata-frame_0=\"tp:600;\"\n\t\t\t\t\t\t\t\tdata-frame_1=\"tp:600;st:0;\"\n\t\t\t\t\t\t\t\tdata-frame_999=\"o:0;tp:600;st:w;sR:8700;\"\n\t\t\t\t\t\t\t\tstyle=\"z-index:6;font-family:'Open Sans';\"\n\t\t\t\t\t\t\t>Sara Bertsch-Knoll \n\t\t\t\t\t\t\t<\/rs-layer><!--\n-->\t\t\t\t\t\t<\/rs-slide>\n\t\t\t\t\t<\/rs-slides>\n\t\t\t\t<\/rs-module>\n\t\t\t\t<script>\n\t\t\t\t\tsetREVStartSize({c: 'rev_slider_10_1',rl:[1240,1024,778,480],el:[],gw:[1240],gh:[468],type:'carousel',justify:'',layout:'fullwidth',mh:\"0\"});if (window.RS_MODULES!==undefined && window.RS_MODULES.modules!==undefined && window.RS_MODULES.modules[\"revslider101\"]!==undefined) {window.RS_MODULES.modules[\"revslider101\"].once = false;window.revapi10 = undefined;if (window.RS_MODULES.checkMinimal!==undefined) window.RS_MODULES.checkMinimal()}\n\t\t\t\t<\/script>\n\t\t\t<\/rs-module-wrap>\n\t\t\t<!-- END REVOLUTION SLIDER -->\n[\/vc_column][\/vc_row][vc_row css=&#8221;.vc_custom_1486476489165{margin-bottom: 36px !important;}&#8221;][vc_column][vc_raw_html]JTNDcCUyMHN0eWxlJTNEJTIydGV4dC1hbGlnbiUzQWNlbnRlciUzQiUyMG1hcmdpbiUzQTAlM0IlMjBwYWRkaW5nJTNBMCUzQiUyMiUzRSUwQSUzQ2lmcmFtZSUyMHNyYyUzRCUyMmh0dHAlM0ElMkYlMkZ3d3cubGViZW4tYXRtZW4uY29tJTJGd2VnZWthcnRlJTJGd2VnZWthcnRlLmh0bWwlMjIlMjB3aWR0aCUzRCUyMjk2MCUyMiUyMGhlaWdodCUzRCUyMjI0NTAlMjIlMjBzY3JvbGxpbmclM0QlMjJubyUyMiUyMGZyYW1lYm9yZGVyJTNEJTIyMCUyMiUzRSUzQyUyRmlmcmFtZSUzRSUwQSUzQyUyRnAlM0U=[\/vc_raw_html][\/vc_column][\/vc_row]<\/p>\n<\/div>","protected":false},"excerpt":{"rendered":"<p>[vc_row row_type=&#8221;parallax&#8221; parallax_full=&#8221;yes&#8221; p_bg_image=&#8221;5376&#8243; koko=&#8221;1000&#8243;][vc_column width=&#8221;1\/6&#8243;][\/vc_column][vc_column width=&#8221;2\/3&#8243; css=&#8221;.vc_custom_1481719139912{margin-top: 72px !important;}&#8221;][vc_column_text css_animation=&#8221;slideInDown&#8221; css=&#8221;.vc_custom_1481721506310{margin-top: 90px !important;padding-top: 6px !important;padding-right: 16px !important;padding-bottom: 16px !important;padding-left: 16px !important;background-color: rgba(0,0,0,0.6) !important;*background-color: rgb(0,0,0) !important;}&#8221;] \u201eBuongiorno, buona gente!\u201c \u2013 \u201eGuten Tag, ihr guten Menschen!\u201c Mit diesem Gru\u00df auf den Lippen durchschritt Franz von Assisi im Jahre 1209 zum ersten Male das Rietital. Noch heute findet man auf dem Franziskusweg viele freundliche und hilfsbereite Menschen, die den Pilger herzlich empfangen. Was erwartet Sie als Pilger auf dem Franziskusweg? \u00dcber 500 Kilometer in vier Wochen zu gehen stellt eine echte Herausforderung f\u00fcr den K\u00f6rper und den Kopf dar. Viele H\u00f6henmeter \u00fcberwindet &hellip; <a href=\"https:\/\/www.leben-atmen.com\/leben-atmen-wp\/franziskusweg\/ueberblick\/\">Continued<\/a><\/p>\n","protected":false},"author":1,"featured_media":0,"parent":36,"menu_order":0,"comment_status":"closed","ping_status":"closed","template":"page-fullwidth.php","meta":{"footnotes":""},"class_list":["post-5373","page","type-page","status-publish","hentry"],"_links":{"self":[{"href":"https:\/\/www.leben-atmen.com\/leben-atmen-wp\/wp-json\/wp\/v2\/pages\/5373","targetHints":{"allow":["GET"]}}],"collection":[{"href":"https:\/\/www.leben-atmen.com\/leben-atmen-wp\/wp-json\/wp\/v2\/pages"}],"about":[{"href":"https:\/\/www.leben-atmen.com\/leben-atmen-wp\/wp-json\/wp\/v2\/types\/page"}],"author":[{"embeddable":true,"href":"https:\/\/www.leben-atmen.com\/leben-atmen-wp\/wp-json\/wp\/v2\/users\/1"}],"replies":[{"embeddable":true,"href":"https:\/\/www.leben-atmen.com\/leben-atmen-wp\/wp-json\/wp\/v2\/comments?post=5373"}],"version-history":[{"count":8,"href":"https:\/\/www.leben-atmen.com\/leben-atmen-wp\/wp-json\/wp\/v2\/pages\/5373\/revisions"}],"predecessor-version":[{"id":6664,"href":"https:\/\/www.leben-atmen.com\/leben-atmen-wp\/wp-json\/wp\/v2\/pages\/5373\/revisions\/6664"}],"up":[{"embeddable":true,"href":"https:\/\/www.leben-atmen.com\/leben-atmen-wp\/wp-json\/wp\/v2\/pages\/36"}],"wp:attachment":[{"href":"https:\/\/www.leben-atmen.com\/leben-atmen-wp\/wp-json\/wp\/v2\/media?parent=5373"}],"curies":[{"name":"wp","href":"https:\/\/api.w.org\/{rel}","templated":true}]}}