{"id":52,"date":"2016-12-14T10:25:39","date_gmt":"2016-12-14T09:25:39","guid":{"rendered":"https:\/\/www.leben-atmen.com\/leben-atmen-wp\/?page_id=52"},"modified":"2017-11-03T10:14:48","modified_gmt":"2017-11-03T09:14:48","slug":"geld-anlegen","status":"publish","type":"page","link":"https:\/\/www.leben-atmen.com\/leben-atmen-wp\/geld-anlegen\/","title":{"rendered":"Geld anlegen"},"content":{"rendered":"<div class=\"wpb-content-wrapper\"><p>[vc_row css_animation=&#8221;fadeIn&#8221; css=&#8221;.vc_custom_1481883560820{margin-bottom: 36px !important;}&#8221;][vc_column][vc_custom_heading text=&#8221;Neu im Leben-atmen-Programm:&#8221; font_container=&#8221;tag:h2|font_size:30|text_align:center&#8221; google_fonts=&#8221;font_family:Cinzel%3Aregular%2C700%2C900|font_style:400%20regular%3A400%3Anormal&#8221;][vc_custom_heading text=&#8221;K\u00fcmmern Sie sich um Ihr Geld! Heute noch!&#8221; font_container=&#8221;tag:h2|font_size:48|text_align:center&#8221; google_fonts=&#8221;font_family:Cinzel%3Aregular%2C700%2C900|font_style:400%20regular%3A400%3Anormal&#8221;][\/vc_column][\/vc_row][vc_row][vc_column css_animation=&#8221;fadeInLeft&#8221; width=&#8221;1\/2&#8243;][vc_column_text]Sicher fragen Sie sich, wie man sich so lange Zeit nehmen kann, um das Leben-atmen-Projekt am Laufen zu halten? Ohne Geld ginge nat\u00fcrlich auch in diesen Bereichen nicht viel. Geld bedeutet Handlungsspielraum in allen Belangen, in der Arbeitsplatzgestaltung wie auch in der Freizeit. Aber das will \u2013 wie eine lange Reise in ferne L\u00e4nder auch \u2013 gut und langfristig geplant werden.<\/p>\n<p>Wie soll Ihre Zukunft aussehen? Was m\u00f6chten Sie sp\u00e4ter einmal noch tun k\u00f6nnen? Was m\u00f6chten Sie jetzt schon verwirklichen? Wenn Ihnen Ihre Zukunft nicht egal ist und Ihr Geld wichtig, so besuchen Sie den Vortrag von Anton Ochsenk\u00fchn. Wie kein zweiter versteht er, Geldanlage struktuiert zu erkl\u00e4ren. Sie werden lernen, wie Sie Ihr Geld vermehren, jenseits derer, die stets daran mitverdienen. Nehmen Sie heute das Thema in die Hand und sorgen Sie f\u00fcr mehr Eigenverantwortung und Transparenz!<\/p>\n<p>Der Vortrag von Anton Ochsenk\u00fchn f\u00fchrt M\u00f6glichkeiten auf, das Geld trotz schwieriger Zeiten rechtzeitig zu vermehren, so dass es neben der immer schm\u00e4ler werdenden Rentenerwartung zu guten Renditen f\u00fchrt. Wie k\u00f6nnen sich Menschen um ihr Geld k\u00fcmmern, ohne hohe Ausgabeaufschl\u00e4ge oder Provisionsgeb\u00fchren f\u00fcr Finanzdienstleister zahlen zu m\u00fcssen?<\/p>\n<p>Anton Ochsenk\u00fchn befasst sich aus Leidenschaft mit diesem Thema und ist bestens mit s\u00e4mtlichen Anlagestrategien vertraut. Er sch\u00f6pft aus fast 30 Jahren eigener erfolgreicher Erfahrung.<\/p>\n<p>Informieren Sie sich \u00fcber sein Buch \u201eGeld anlegen \u2013 aber richtig! Cleverer Verm\u00f6gensaufbau durch sichere Anlagestrategien\u201c:<br \/>\n<a href=\"http:\/\/www.geld-anlegen-aber-richtig.de\" target=\"_blank\" rel=\"noopener noreferrer\">www.geld-anlegen-aber-richtig.de<\/a>[\/vc_column_text][\/vc_column][vc_column css_animation=&#8221;fadeInRight&#8221; width=&#8221;1\/2&#8243;][vc_single_image image=&#8221;5563&#8243; img_size=&#8221;large&#8221; style=&#8221;vc_box_shadow_3d&#8221;][\/vc_column][\/vc_row][vc_row css_animation=&#8221;fadeIn&#8221; css=&#8221;.vc_custom_1481883774968{margin-top: 36px !important;margin-bottom: 24px !important;}&#8221;][vc_column][vc_text_separator title=&#8221;\u00bbGeld bedeutet Handlungsspielraum\u00ab \u2013 Anton Ochsenk\u00fchn&#8221;][\/vc_column][\/vc_row][vc_row css_animation=&#8221;zoomIn&#8221; css=&#8221;.vc_custom_1482236481456{margin-bottom: 60px !important;}&#8221;][vc_column][vc_column_text]<div id='evcal_calendar_870' class='list_cal ajde_evcal_calendar  ul' ><div class='evo-data' data-cyear=\"2026\" data-cmonth=\"4\" data-runajax=\"1\" data-evc_open=\"0\" data-cal_ver=\"2.6.17\" data-mapscroll=\"true\" data-mapformat=\"roadmap\" data-mapzoom=\"18\" data-mapiconurl=\"\" data-ev_cnt=\"0\" data-show_limit=\"no\" data-tiles=\"no\" data-sort_by=\"sort_date\" data-filters_on=\"true\" data-range_start=\"0\" data-range_end=\"0\" data-send_unix=\"0\" data-ux_val=\"0\" data-accord=\"0\" data-rtl=\"no\"  ><\/div><div id='evcal_head' class='calendar_header ' ><div class='evo_cal_above'><span class='evo-gototoday-btn' style='display:none' data-mo='4' data-yr='2026' data-dy=''>Aktueller Monat<\/span><\/div><div class='evo_cal_above_content'><\/div><div class='cal_arguments' style='display:none' data-hide_past=\"no\" data-show_et_ft_img=\"no\" data-event_order=\"ASC\" data-ft_event_priority=\"no\" data-lang=\"L1\" data-month_incre=\"0\" data-only_ft=\"no\" data-hide_ft=\"no\" data-evc_open=\"no\" data-show_limit=\"no\" data-etc_override=\"no\" data-show_limit_redir=\"0\" data-tiles=\"no\" data-tile_height=\"0\" data-tile_bg=\"0\" data-tile_count=\"2\" data-tile_style=\"0\" data-s=\"\" data-members_only=\"no\" data-ux_val=\"0\" data-show_limit_ajax=\"no\" data-show_limit_paged=\"1\" data-hide_mult_occur=\"no\" data-show_repeats=\"no\" data-hide_end_time=\"no\" ><\/div><div class='clear'><\/div><\/div><p class='evo_list_noevents'>Zur Zeit keine Veranstaltung<\/p><div class='clear'><\/div><\/div><!-- ajde_evcal_calendar-->[\/vc_column_text][\/vc_column][\/vc_row]<\/p>\n<\/div>","protected":false},"excerpt":{"rendered":"<p>[vc_row css_animation=&#8221;fadeIn&#8221; css=&#8221;.vc_custom_1481883560820{margin-bottom: 36px !important;}&#8221;][vc_column][vc_custom_heading text=&#8221;Neu im Leben-atmen-Programm:&#8221; font_container=&#8221;tag:h2|font_size:30|text_align:center&#8221; google_fonts=&#8221;font_family:Cinzel%3Aregular%2C700%2C900|font_style:400%20regular%3A400%3Anormal&#8221;][vc_custom_heading text=&#8221;K\u00fcmmern Sie sich um Ihr Geld! Heute noch!&#8221; font_container=&#8221;tag:h2|font_size:48|text_align:center&#8221; google_fonts=&#8221;font_family:Cinzel%3Aregular%2C700%2C900|font_style:400%20regular%3A400%3Anormal&#8221;][\/vc_column][\/vc_row][vc_row][vc_column css_animation=&#8221;fadeInLeft&#8221; width=&#8221;1\/2&#8243;][vc_column_text]Sicher fragen Sie sich, wie man sich so lange Zeit nehmen kann, um das Leben-atmen-Projekt am Laufen zu halten? Ohne Geld ginge nat\u00fcrlich auch in diesen Bereichen nicht viel. Geld bedeutet Handlungsspielraum in allen Belangen, in der Arbeitsplatzgestaltung wie auch in der Freizeit. Aber das will \u2013 wie eine lange Reise in ferne L\u00e4nder auch \u2013 gut und langfristig geplant werden. Wie soll Ihre Zukunft aussehen? Was m\u00f6chten Sie sp\u00e4ter einmal noch tun k\u00f6nnen? Was m\u00f6chten Sie jetzt schon &hellip; <a href=\"https:\/\/www.leben-atmen.com\/leben-atmen-wp\/events\/neu-finanzen-geld-anlegen-aber-richtig-13\/\">Continued<\/a><\/p>\n","protected":false},"author":1,"featured_media":0,"parent":0,"menu_order":0,"comment_status":"closed","ping_status":"closed","template":"","meta":{"footnotes":""},"class_list":["post-52","page","type-page","status-publish","hentry"],"_links":{"self":[{"href":"https:\/\/www.leben-atmen.com\/leben-atmen-wp\/wp-json\/wp\/v2\/pages\/52","targetHints":{"allow":["GET"]}}],"collection":[{"href":"https:\/\/www.leben-atmen.com\/leben-atmen-wp\/wp-json\/wp\/v2\/pages"}],"about":[{"href":"https:\/\/www.leben-atmen.com\/leben-atmen-wp\/wp-json\/wp\/v2\/types\/page"}],"author":[{"embeddable":true,"href":"https:\/\/www.leben-atmen.com\/leben-atmen-wp\/wp-json\/wp\/v2\/users\/1"}],"replies":[{"embeddable":true,"href":"https:\/\/www.leben-atmen.com\/leben-atmen-wp\/wp-json\/wp\/v2\/comments?post=52"}],"version-history":[{"count":11,"href":"https:\/\/www.leben-atmen.com\/leben-atmen-wp\/wp-json\/wp\/v2\/pages\/52\/revisions"}],"predecessor-version":[{"id":6626,"href":"https:\/\/www.leben-atmen.com\/leben-atmen-wp\/wp-json\/wp\/v2\/pages\/52\/revisions\/6626"}],"wp:attachment":[{"href":"https:\/\/www.leben-atmen.com\/leben-atmen-wp\/wp-json\/wp\/v2\/media?parent=52"}],"curies":[{"name":"wp","href":"https:\/\/api.w.org\/{rel}","templated":true}]}}