{"id":6,"date":"2023-06-10T09:55:50","date_gmt":"2023-06-10T07:55:50","guid":{"rendered":"https:\/\/www.leben-atmen.com\/frankreich\/?page_id=6"},"modified":"2023-06-23T11:55:49","modified_gmt":"2023-06-23T09:55:49","slug":"infos-zur-tour","status":"publish","type":"page","link":"https:\/\/www.leben-atmen.com\/frankreich\/infos-zur-tour\/","title":{"rendered":"Infos zur Tour 2023"},"content":{"rendered":"\n<p>Was ist das Sch\u00f6ne an einer Radtour? Nun \u2013 ganz einfach: man packt seine Siebensachen und f\u00e4hrt los. Als wir 2010 die erste gro\u00dfe Tour nach Istanbul unternahmen, hatten wir jede Tagestour im Detail geplant \u2013 zu Hause mit Karten und so weiter. Am Ende mussten wir feststellen, dass Vieles so nicht umgesetzt werden konnte.<\/p>\n\n\n\n<p>Ergo: Jetzt planen wir sozusagen nichts mehr \u2013 au\u00dfer eben das Grunds\u00e4tzliche -&gt; wohin in etwa wollen wir. F\u00fcr 2023 gibt es die Eckpunkte: San Bernadino-Pass in der Schweiz,&nbsp;C\u00f4te d\u2019Azur, Paris.<\/p>\n\n\n\n<p>Alles andere wird sich ergeben. Vielleicht fahren wir von Paris aus weiter nach Norden \u2013 Belgien, Niederlande. Mal sehen, wo es uns hintreiben wird.<\/p>\n\n\n\n<p>So jedenfalls der aktuelle Plan. Aber wer unsere Radreisen kennt, der weiss auch, dass wir immer f\u00fcr unvorhergesehene \u00dcberraschungen gut sind.<\/p>\n\n\n\n<h2 class=\"wp-block-heading\">Wo finde ich die Fotos bzw. die Bildergalerie?<\/h2>\n\n\n\n<p>Wie immer sind unsere tollsten Fotos\u00a0<a rel=\"noreferrer noopener\" href=\"https:\/\/www.flickr.com\/photos\/amac-buch\/albums\/72177720308935909\" target=\"_blank\">hier<\/a>\u00a0zu sehen ->Flickr-<a rel=\"noreferrer noopener\" href=\"https:\/\/www.flickr.com\/photos\/amac-buch\/albums\/72177720308935909\" target=\"_blank\">Album<\/a>:<\/p>\n\n\n\n<figure class=\"wp-block-image is-resized\"><a href=\"https:\/\/www.flickr.com\/photos\/amac-buch\/albums\/72157719485550296\" target=\"_blank\" rel=\"noreferrer noopener\"><img loading=\"lazy\" decoding=\"async\" src=\"https:\/\/i1.wp.com\/www.leben-atmen.com\/wp-content\/blogs.dir\/13\/files\/sites\/13\/2020\/06\/3c7fef67d05cdb92d33a2af834ec9f8e.png?resize=144%2C22&amp;ssl=1\" alt=\"\" class=\"wp-image-129\" width=\"144\" height=\"22\"\/><\/a><\/figure>\n\n\n\n<p><\/p>\n","protected":false},"excerpt":{"rendered":"<p>Was ist das Sch\u00f6ne an einer Radtour? Nun \u2013 ganz einfach: man packt seine Siebensachen und f\u00e4hrt los. Als wir 2010 die erste gro\u00dfe Tour nach Istanbul unternahmen, hatten wir jede Tagestour im Detail geplant \u2013 zu Hause mit Karten und so weiter. Am Ende mussten wir feststellen, dass Vieles so nicht umgesetzt werden konnte. [&hellip;]<\/p>\n","protected":false},"author":1,"featured_media":0,"parent":0,"menu_order":0,"comment_status":"closed","ping_status":"closed","template":"","meta":{"jetpack_post_was_ever_published":false,"footnotes":""},"class_list":["post-6","page","type-page","status-publish","hentry"],"jetpack_likes_enabled":true,"jetpack_sharing_enabled":true,"_links":{"self":[{"href":"https:\/\/www.leben-atmen.com\/frankreich\/wp-json\/wp\/v2\/pages\/6","targetHints":{"allow":["GET"]}}],"collection":[{"href":"https:\/\/www.leben-atmen.com\/frankreich\/wp-json\/wp\/v2\/pages"}],"about":[{"href":"https:\/\/www.leben-atmen.com\/frankreich\/wp-json\/wp\/v2\/types\/page"}],"author":[{"embeddable":true,"href":"https:\/\/www.leben-atmen.com\/frankreich\/wp-json\/wp\/v2\/users\/1"}],"replies":[{"embeddable":true,"href":"https:\/\/www.leben-atmen.com\/frankreich\/wp-json\/wp\/v2\/comments?post=6"}],"version-history":[{"count":6,"href":"https:\/\/www.leben-atmen.com\/frankreich\/wp-json\/wp\/v2\/pages\/6\/revisions"}],"predecessor-version":[{"id":7,"href":"https:\/\/www.leben-atmen.com\/frankreich\/wp-json\/wp\/v2\/pages\/6\/revisions\/7"}],"wp:attachment":[{"href":"https:\/\/www.leben-atmen.com\/frankreich\/wp-json\/wp\/v2\/media?parent=6"}],"curies":[{"name":"wp","href":"https:\/\/api.w.org\/{rel}","templated":true}]}}