{"id":2,"date":"2023-06-10T09:24:08","date_gmt":"2023-06-10T07:24:08","guid":{"rendered":"https:\/\/www.leben-atmen.com\/frankreich\/?page_id=2"},"modified":"2026-01-03T20:06:50","modified_gmt":"2026-01-03T19:06:50","slug":"beispiel-seite","status":"publish","type":"page","link":"https:\/\/www.leben-atmen.com\/frankreich\/beispiel-seite\/","title":{"rendered":"Datenschutzerkl\u00e4rung"},"content":{"rendered":"\n<p><strong>Wer wir sind<\/strong><\/p>\n\n\n\n<p>Die Adresse unserer Website ist: <a href=\"https:\/\/www.leben-atmen.com\/wp-content\/blogs.dir\/16\/\">https:\/\/www.leben-atmen.com\/wp-content\/blogs.dir\/16\/<\/a>.<\/p>\n\n\n\n<p>Weitere Informationen gibt es hier:<\/p>\n\n\n\n<p><a href=\"https:\/\/www.leben-atmen.com\">https:\/\/www.leben-atmen.com<\/a><\/p>\n\n\n\n<p><strong>Welche personenbezogenen Daten wir sammeln und warum wir sie sammeln<\/strong><\/p>\n\n\n\n<p><strong>Kommentare<\/strong><\/p>\n\n\n\n<p>Wenn Besucher Kommentare auf der Website schreiben, sammeln wir die Daten, die im Kommentar-Formular angezeigt werden, au\u00dferdem die IP-Adresse des Besuchers und den User-Agent-String (damit wird der Browser identifiziert), um die Erkennung von Spam zu unterst\u00fctzen.<\/p>\n\n\n\n<p><strong>Cookies<\/strong><\/p>\n\n\n\n<p>Wenn du einen Kommentar auf unserer Website schreibst, kann das eine Einwilligung sein, deinen Namen, E-Mail-Adresse und Website in Cookies zu speichern. Dies ist eine Komfortfunktion, damit du nicht, wenn du einen weiteren Kommentar schreibst, all diese Daten erneut eingeben musst. Diese Cookies werden ein Jahr lang gespeichert.<\/p>\n\n\n\n<p><strong>Eingebettete Inhalte von anderen Websites<\/strong><\/p>\n\n\n\n<p>Beitr\u00e4ge auf dieser Website k\u00f6nnen eingebettete Inhalte beinhalten (z.&nbsp;B. Videos, Bilder, Beitr\u00e4ge etc.). Eingebettete Inhalte von anderen Websites verhalten sich exakt so, als ob der Besucher die andere Website besucht h\u00e4tte.<\/p>\n\n\n\n<p>Diese Websites k\u00f6nnen Daten \u00fcber dich sammeln, Cookies benutzen, zus\u00e4tzliche Tracking-Dienste von Dritten einbetten und deine Interaktion mit diesem eingebetteten Inhalt aufzeichnen, inklusive deiner Interaktion mit dem eingebetteten Inhalt, falls du ein Konto hast und auf dieser Website angemeldet bist.<\/p>\n\n\n\n<p><strong>Wie lange wir deine Daten speichern<\/strong><\/p>\n\n\n\n<p>Wenn du einen Kommentar schreibst, wird dieser inklusive Metadaten zeitlich unbegrenzt gespeichert. Auf diese Art k\u00f6nnen wir Folgekommentare automatisch erkennen und freigeben, anstelle sie in einer Moderations-Warteschlange festzuhalten.<\/p>\n\n\n\n<p><strong>Wohin wir deine Daten senden<\/strong><\/p>\n\n\n\n<p>Besucher-Kommentare k\u00f6nnten von einem automatisierten Dienst zur Spam-Erkennung untersucht werden.<\/p>\n\n\n\n<p><strong>Impressum gem\u00e4\u00df \u00a7 6 Teledienstegesetz (TDG)<\/strong><\/p>\n\n\n\n<p><strong>Inhaltlich Verantwortlicher gem\u00e4ss<br>\u00a7 6 Mediendienstestaatsvertrag (MDStV):<\/strong><br>Anton Ochsenk\u00fchn<br>amac-buch-Verlag eGbR<br>Erlenweg 6<br>86573 Obergriesbach<br>Tel. +49 (0) 82 51\/82 71 37<br>Fax +49 (0) 82 51-82 71 38<\/p>\n\n\n\n<p>E-Mail:&nbsp;<a href=\"mailto:info@amac-buch.de\">info (at) amac-buch.de<\/a><br>http:\/\/www.amac-buch.de<\/p>\n\n\n\n<p><strong>Haftungshinweis<\/strong>:<\/p>\n\n\n\n<p>Unsere Internet-Pr\u00e4senz enth\u00e4lt Links zu Inhalten externer Anbieter. Wir kontrollieren die verlinkten Inhalte in diesem Sinne regelm\u00e4\u00dfig und sorgf\u00e4ltig. Gleichwohl k\u00f6nnen wir es nicht sicher ausschlie\u00dfen, dass sich z. B. infolge Zeitablaufs oder Ver\u00e4nderung der Inhalte im Nachhinein, Gesetzes- oder Verletzungen von Rechten Dritter durch die verlinkten externen Inhalte ergeben k\u00f6nnten. Eine Haftung f\u00fcr die externen verlinkten Inhalte schlie\u00dfen wir daher aus. F\u00fcr die externen Inhalte sind deren Betreiber bzw. Anbieter verantwortlich.<\/p>\n\n\n\n<p>Bei technischen Fragen wenden Sie sich bitte an:<\/p>\n\n\n\n<p>E-Mail: info@amac-buch.de<\/p>\n\n\n\n<p><strong>Copyright<\/strong><\/p>\n\n\n\n<p>Die Rechte aller inhaltlichen Daten und Bilder liegen bei den Autoren. Das Kopieren, Weiterverarbeiten der Daten und Bilder, auch in Ausz\u00fcgen, ist nur mit ausdr\u00fccklicher Genehmigung des Verlages gestattet.<\/p>\n\n\n\n<p>\u00a9 copyright 2023 amac-buch Verlag<\/p>\n","protected":false},"excerpt":{"rendered":"<p>Wer wir sind Die Adresse unserer Website ist: https:\/\/www.leben-atmen.com\/wp-content\/blogs.dir\/16\/. Weitere Informationen gibt es hier: https:\/\/www.leben-atmen.com Welche personenbezogenen Daten wir sammeln und warum wir sie sammeln Kommentare Wenn Besucher Kommentare auf der Website schreiben, sammeln wir die Daten, die im Kommentar-Formular angezeigt werden, au\u00dferdem die IP-Adresse des Besuchers und den User-Agent-String (damit wird der Browser identifiziert), [&hellip;]<\/p>\n","protected":false},"author":3,"featured_media":0,"parent":0,"menu_order":0,"comment_status":"closed","ping_status":"open","template":"","meta":{"jetpack_post_was_ever_published":false,"footnotes":""},"class_list":["post-2","page","type-page","status-publish","hentry"],"jetpack_likes_enabled":true,"jetpack_sharing_enabled":true,"_links":{"self":[{"href":"https:\/\/www.leben-atmen.com\/frankreich\/wp-json\/wp\/v2\/pages\/2","targetHints":{"allow":["GET"]}}],"collection":[{"href":"https:\/\/www.leben-atmen.com\/frankreich\/wp-json\/wp\/v2\/pages"}],"about":[{"href":"https:\/\/www.leben-atmen.com\/frankreich\/wp-json\/wp\/v2\/types\/page"}],"author":[{"embeddable":true,"href":"https:\/\/www.leben-atmen.com\/frankreich\/wp-json\/wp\/v2\/users\/3"}],"replies":[{"embeddable":true,"href":"https:\/\/www.leben-atmen.com\/frankreich\/wp-json\/wp\/v2\/comments?post=2"}],"version-history":[{"count":3,"href":"https:\/\/www.leben-atmen.com\/frankreich\/wp-json\/wp\/v2\/pages\/2\/revisions"}],"predecessor-version":[{"id":14,"href":"https:\/\/www.leben-atmen.com\/frankreich\/wp-json\/wp\/v2\/pages\/2\/revisions\/14"}],"wp:attachment":[{"href":"https:\/\/www.leben-atmen.com\/frankreich\/wp-json\/wp\/v2\/media?parent=2"}],"curies":[{"name":"wp","href":"https:\/\/api.w.org\/{rel}","templated":true}]}}