{"id":19,"date":"2018-05-23T11:01:13","date_gmt":"2018-05-23T09:01:13","guid":{"rendered":"https:\/\/www.leben-atmen.com\/europatour\/?page_id=19"},"modified":"2018-06-14T11:22:28","modified_gmt":"2018-06-14T09:22:28","slug":"iphone-ipad-app","status":"publish","type":"page","link":"https:\/\/www.leben-atmen.com\/europatour\/iphone-ipad-app\/","title":{"rendered":"iPhone-\/iPad-App"},"content":{"rendered":"<div><a href=\"https:\/\/itunes.apple.com\/de\/app\/leben-atmen-europatour\/id1388792440?mt=8\"><img decoding=\"async\" class=\"alignnone size-full\" src=\"https:\/\/www.leben-atmen.com\/wp-content\/blogs.dir\/11\/files\/2018\/06\/4d8378c5e68361ac9bc06e9a6a73a601.png\" alt=\"\" \/><\/a><\/div>\n<div><\/div>\n<div class=\"\">Sei\u00a0bei dieser spannenden Tour dabei! Per Gratis-App \u201eleben atmen Europatour\u201c f\u00fcr iPhone und iPad k\u00f6nnt Ihr das lustige Duo\u00a0verfolgen und sie \u00fcber Kommentare im Blog motivieren bzw. Ideen und Anregungen f\u00fcr die Tour durchreichen.<\/div>\n<div class=\"\">Wer kein iPhone oder iPad besitzt, der genie\u00dft die Live-Tour hier \u00fcber diese Homepage:<\/div>\n<div class=\"\"><a href=\"http:\/\/www.leben-atmen.com\/wp-content\/blogs.dir\/11\/\">https:\/\/www.leben-atmen.com\/wp-content\/blogs.dir\/11\/.<\/a><\/div>\n<div class=\"\"><\/div>\n<div><\/div>\n<div class=\"\">Funktionen der\u00a0kostenlosen App:<\/div>\n<div><\/div>\n<div class=\"\"><\/div>\n<div class=\"\">\u2022 Tats\u00e4chliche Tourdaten (rot)<\/div>\n<div class=\"\">\u2022 t\u00e4glicher Tourenbericht mit H\u00f6henprofil (km, Std., H\u00f6henmeter, etc.)<\/div>\n<div class=\"\">\u2022 \u00dcbersichtskarte in verschiedenen Darstellungen (Karte, Satellit, Hybrid)<\/div>\n<div class=\"\">\u2022 Anzeige der bislang gefahrenen Streckenl\u00e4nge<\/div>\n<div class=\"\">\u2022 aktuelle Beitr\u00e4ge von Simone und Anton Ochsenk\u00fchn in Wort, Bild und Video<\/div>\n<div class=\"\">\u2022 t\u00e4gliche Top-Fotos und eine umfassende Gesamt-Bildergalerie<\/div>\n<div class=\"\">\u2022 Kommentarfunktion f\u00fcr jeden Zuschauer\/in ohne Anmeldung direkt in der App; Bewertung jedes Beitrages mit einer Anzahl von Sternen<\/div>\n<div class=\"\">\u2022 Pushfunktion &#8211; direkte Information \u00fcber neue Eintr\u00e4ge unmittelbar auf Ihr iPhone \/ iPad<\/div>\n<div class=\"\">\u2022 t\u00e4gliche Aktivit\u00e4tsdaten mit durchschnittlicher Pulsfrequenz, Kalorienverbrauch, Durchschnittsgeschwindigkeit, Gesamtdauer der Aktivit\u00e4t<\/div>\n<div class=\"\"><\/div>\n<div class=\"\"><\/div>\n<div class=\"\"><\/div>\n<div class=\"\">Viel Spa\u00df w\u00fcnschen Simone und Anton Ochsenk\u00fchn und der\u00a0amac-buch Verlag<\/div>\n","protected":false},"excerpt":{"rendered":"<p>Sei\u00a0bei dieser spannenden Tour dabei! Per Gratis-App \u201eleben atmen Europatour\u201c f\u00fcr iPhone und iPad k\u00f6nnt Ihr das lustige Duo\u00a0verfolgen und sie \u00fcber Kommentare im Blog motivieren bzw. Ideen und Anregungen f\u00fcr die Tour durchreichen. Wer kein iPhone oder iPad besitzt, &hellip; <a href=\"https:\/\/www.leben-atmen.com\/europatour\/iphone-ipad-app\/\">Weiterlesen <span class=\"meta-nav\">&rarr;<\/span><\/a><\/p>\n","protected":false},"author":3,"featured_media":0,"parent":0,"menu_order":0,"comment_status":"closed","ping_status":"closed","template":"","meta":{"footnotes":""},"class_list":["post-19","page","type-page","status-publish","hentry"],"jetpack_sharing_enabled":true,"_links":{"self":[{"href":"https:\/\/www.leben-atmen.com\/europatour\/wp-json\/wp\/v2\/pages\/19","targetHints":{"allow":["GET"]}}],"collection":[{"href":"https:\/\/www.leben-atmen.com\/europatour\/wp-json\/wp\/v2\/pages"}],"about":[{"href":"https:\/\/www.leben-atmen.com\/europatour\/wp-json\/wp\/v2\/types\/page"}],"author":[{"embeddable":true,"href":"https:\/\/www.leben-atmen.com\/europatour\/wp-json\/wp\/v2\/users\/3"}],"replies":[{"embeddable":true,"href":"https:\/\/www.leben-atmen.com\/europatour\/wp-json\/wp\/v2\/comments?post=19"}],"version-history":[{"count":5,"href":"https:\/\/www.leben-atmen.com\/europatour\/wp-json\/wp\/v2\/pages\/19\/revisions"}],"predecessor-version":[{"id":20,"href":"https:\/\/www.leben-atmen.com\/europatour\/wp-json\/wp\/v2\/pages\/19\/revisions\/20"}],"wp:attachment":[{"href":"https:\/\/www.leben-atmen.com\/europatour\/wp-json\/wp\/v2\/media?parent=19"}],"curies":[{"name":"wp","href":"https:\/\/api.w.org\/{rel}","templated":true}]}}