{"id":13,"date":"2018-05-23T11:00:01","date_gmt":"2018-05-23T09:00:01","guid":{"rendered":"https:\/\/www.leben-atmen.com\/europatour\/?page_id=13"},"modified":"2018-05-23T11:00:01","modified_gmt":"2018-05-23T09:00:01","slug":"bildergalerie","status":"publish","type":"page","link":"https:\/\/www.leben-atmen.com\/europatour\/bildergalerie\/","title":{"rendered":"Bildergalerie"},"content":{"rendered":"<p>Die besten Bilder der Reise sind hier \u00fcber die Webseite von\u00a0<a href=\"https:\/\/www.flickr.com\/photos\/amac-buch\/albums\/72157696539575794\" target=\"_blank\" rel=\"noopener noreferrer\">flickr<\/a>\u00a0f\u00fcr Jedermann zug\u00e4nglich<\/p>\n<p>Wir w\u00fcnschen viel Freude beim Ansehen und Genie\u00dfen.<\/p>\n<p><a title=\"Nobby goes home - amac-buch Verlag mit Pferd und Drahtesel unterwegs - 2016\" href=\"https:\/\/www.flickr.com\/photos\/amac-buch\/albums\/72157696539575794\" target=\"_blank\" rel=\"noopener noreferrer\"><img loading=\"lazy\" decoding=\"async\" class=\"alignnone\" src=\"https:\/\/www.leben-atmen.com\/wp-content\/blogs.dir\/6\/files\/2015\/06\/flickr-logo-2012.png.v1.png\" alt=\"\" width=\"144\" height=\"22\" \/><\/a><\/p>\n","protected":false},"excerpt":{"rendered":"<p>Die besten Bilder der Reise sind hier \u00fcber die Webseite von\u00a0flickr\u00a0f\u00fcr Jedermann zug\u00e4nglich Wir w\u00fcnschen viel Freude beim Ansehen und Genie\u00dfen.<\/p>\n","protected":false},"author":3,"featured_media":0,"parent":0,"menu_order":0,"comment_status":"closed","ping_status":"closed","template":"","meta":{"footnotes":""},"class_list":["post-13","page","type-page","status-publish","hentry"],"jetpack_sharing_enabled":true,"_links":{"self":[{"href":"https:\/\/www.leben-atmen.com\/europatour\/wp-json\/wp\/v2\/pages\/13","targetHints":{"allow":["GET"]}}],"collection":[{"href":"https:\/\/www.leben-atmen.com\/europatour\/wp-json\/wp\/v2\/pages"}],"about":[{"href":"https:\/\/www.leben-atmen.com\/europatour\/wp-json\/wp\/v2\/types\/page"}],"author":[{"embeddable":true,"href":"https:\/\/www.leben-atmen.com\/europatour\/wp-json\/wp\/v2\/users\/3"}],"replies":[{"embeddable":true,"href":"https:\/\/www.leben-atmen.com\/europatour\/wp-json\/wp\/v2\/comments?post=13"}],"version-history":[{"count":1,"href":"https:\/\/www.leben-atmen.com\/europatour\/wp-json\/wp\/v2\/pages\/13\/revisions"}],"predecessor-version":[{"id":14,"href":"https:\/\/www.leben-atmen.com\/europatour\/wp-json\/wp\/v2\/pages\/13\/revisions\/14"}],"wp:attachment":[{"href":"https:\/\/www.leben-atmen.com\/europatour\/wp-json\/wp\/v2\/media?parent=13"}],"curies":[{"name":"wp","href":"https:\/\/api.w.org\/{rel}","templated":true}]}}