{"id":25,"date":"2019-06-10T12:10:40","date_gmt":"2019-06-10T10:10:40","guid":{"rendered":"https:\/\/www.leben-atmen.com\/deutschlandtour\/?page_id=25"},"modified":"2019-06-20T09:50:26","modified_gmt":"2019-06-20T07:50:26","slug":"iphone-ipad-app","status":"publish","type":"page","link":"https:\/\/www.leben-atmen.com\/deutschlandtour\/iphone-ipad-app\/","title":{"rendered":"iPhone-\/iPad-App &#8211; kostenlos"},"content":{"rendered":"\n<p>Sei\u00a0bei dieser spannenden Tour dabei! Per Gratis-App <a href=\"https:\/\/apps.apple.com\/de\/app\/leben-atmen-deutschland\/id1467870259\">\u201eleben atmen &#8211; Deutschland\u201c<\/a> f\u00fcr iPhone und iPad k\u00f6nnt Ihr das lustige Duo\u00a0verfolgen und sie \u00fcber Kommentare im Blog motivieren bzw. Ideen und Anregungen f\u00fcr die Tour durchreichen.Wer kein iPhone oder iPad besitzt, der genie\u00dft die Live-Tour hier \u00fcber diese Homepage:<a href=\"https:\/\/www.leben-atmen.com\/wp-content\/blogs.dir\/12\/\">https:\/\/www.leben-atmen.com\/wp-content\/blogs.dir\/12\/.<\/a><\/p>\n\n\n\n<figure class=\"wp-block-image\"><a href=\"https:\/\/apps.apple.com\/de\/app\/leben-atmen-deutschland\/id1467870259\" target=\"_blank\" rel=\"noreferrer noopener\"><img loading=\"lazy\" decoding=\"async\" width=\"960\" height=\"960\" src=\"https:\/\/www.leben-atmen.com\/wp-content\/blogs.dir\/12\/files\/2019\/06\/5045b3d997fae521acbaab8bd361007c.png\" alt=\"\" class=\"wp-image-102\" srcset=\"https:\/\/www.leben-atmen.com\/wp-content\/blogs.dir\/12\/files\/2019\/06\/5045b3d997fae521acbaab8bd361007c.png 960w, https:\/\/www.leben-atmen.com\/wp-content\/blogs.dir\/12\/files\/2019\/06\/5045b3d997fae521acbaab8bd361007c-150x150.png 150w, https:\/\/www.leben-atmen.com\/wp-content\/blogs.dir\/12\/files\/2019\/06\/5045b3d997fae521acbaab8bd361007c-300x300.png 300w, https:\/\/www.leben-atmen.com\/wp-content\/blogs.dir\/12\/files\/2019\/06\/5045b3d997fae521acbaab8bd361007c-768x768.png 768w\" sizes=\"auto, (max-width: 960px) 100vw, 960px\" \/><\/a><\/figure>\n\n\n\n<p>Funktionen der&nbsp;kostenlosen App:<\/p>\n\n\n\n<p>\u2022 Tats\u00e4chliche Tourdaten (rot)<\/p>\n\n\n\n<p>\u2022 t\u00e4glicher Tourenbericht mit H\u00f6henprofil (km, Std., H\u00f6henmeter, etc.)<\/p>\n\n\n\n<p>\u2022 \u00dcbersichtskarte in verschiedenen Darstellungen (Karte, Satellit, Hybrid)<\/p>\n\n\n\n<p>\u2022 Anzeige der bislang gefahrenen Streckenl\u00e4nge\u2022 aktuelle Beitr\u00e4ge von Simone und Anton Ochsenk\u00fchn in Wort, Bild und Video<\/p>\n\n\n\n<p>\u2022 t\u00e4gliche Top-Fotos und eine umfassende Gesamt-Bildergalerie<\/p>\n\n\n\n<p>\u2022 Kommentarfunktion f\u00fcr jeden Zuschauer\/in ohne Anmeldung direkt in der App; Bewertung jedes Beitrages mit einer Anzahl von Sternen<\/p>\n\n\n\n<p>\u2022 Pushfunktion \u2013 direkte Information \u00fcber neue Eintr\u00e4ge unmittelbar auf Ihr iPhone \/ iPad<\/p>\n\n\n\n<p>\u2022 t\u00e4gliche Aktivit\u00e4tsdaten mit durchschnittlicher Pulsfrequenz, Kalorienverbrauch, Durchschnittsgeschwindigkeit, Gesamtdauer der Aktivit\u00e4t<\/p>\n\n\n\n<p>Viel Spa\u00df w\u00fcnschen Simone und Anton Ochsenk\u00fchn und der\u00a0amac-buch Verlag<\/p>\n","protected":false},"excerpt":{"rendered":"<p>Sei\u00a0bei dieser spannenden Tour dabei! Per Gratis-App \u201eleben atmen &#8211; Deutschland\u201c f\u00fcr iPhone und iPad k\u00f6nnt Ihr das lustige Duo\u00a0verfolgen und sie \u00fcber Kommentare im Blog motivieren bzw. Ideen und Anregungen f\u00fcr die Tour durchreichen.Wer kein iPhone oder iPad besitzt, der genie\u00dft die Live-Tour hier \u00fcber diese Homepage:https:\/\/www.leben-atmen.com\/wp-content\/blogs.dir\/12\/. Funktionen der&nbsp;kostenlosen App: \u2022 Tats\u00e4chliche Tourdaten (rot) [&hellip;]<\/p>\n","protected":false},"author":3,"featured_media":0,"parent":0,"menu_order":0,"comment_status":"closed","ping_status":"closed","template":"","meta":{"footnotes":""},"class_list":["post-25","page","type-page","status-publish","hentry"],"jetpack_sharing_enabled":true,"_links":{"self":[{"href":"https:\/\/www.leben-atmen.com\/deutschlandtour\/wp-json\/wp\/v2\/pages\/25","targetHints":{"allow":["GET"]}}],"collection":[{"href":"https:\/\/www.leben-atmen.com\/deutschlandtour\/wp-json\/wp\/v2\/pages"}],"about":[{"href":"https:\/\/www.leben-atmen.com\/deutschlandtour\/wp-json\/wp\/v2\/types\/page"}],"author":[{"embeddable":true,"href":"https:\/\/www.leben-atmen.com\/deutschlandtour\/wp-json\/wp\/v2\/users\/3"}],"replies":[{"embeddable":true,"href":"https:\/\/www.leben-atmen.com\/deutschlandtour\/wp-json\/wp\/v2\/comments?post=25"}],"version-history":[{"count":6,"href":"https:\/\/www.leben-atmen.com\/deutschlandtour\/wp-json\/wp\/v2\/pages\/25\/revisions"}],"predecessor-version":[{"id":26,"href":"https:\/\/www.leben-atmen.com\/deutschlandtour\/wp-json\/wp\/v2\/pages\/25\/revisions\/26"}],"wp:attachment":[{"href":"https:\/\/www.leben-atmen.com\/deutschlandtour\/wp-json\/wp\/v2\/media?parent=25"}],"curies":[{"name":"wp","href":"https:\/\/api.w.org\/{rel}","templated":true}]}}