{"id":20,"date":"2019-06-10T12:07:00","date_gmt":"2019-06-10T10:07:00","guid":{"rendered":"https:\/\/www.leben-atmen.com\/deutschlandtour\/?page_id=20"},"modified":"2019-06-10T12:08:03","modified_gmt":"2019-06-10T10:08:03","slug":"bildergalerie","status":"publish","type":"page","link":"https:\/\/www.leben-atmen.com\/deutschlandtour\/bildergalerie\/","title":{"rendered":"Bildergalerie"},"content":{"rendered":"\n<p>Die besten Bilder der Reise sind hier \u00fcber die Webseite von&nbsp;<a href=\"https:\/\/www.flickr.com\/photos\/amac-buch\/albums\/72157709014340122\" target=\"_blank\" rel=\"noreferrer noopener\" aria-label=\"flickr (\u00f6ffnet in neuem Tab)\">flickr<\/a>&nbsp;f\u00fcr Jedermann zug\u00e4nglich<\/p>\n\n\n\n<figure class=\"wp-block-image\"><a href=\"https:\/\/www.flickr.com\/photos\/amac-buch\/albums\/72157709014340122\" target=\"_blank\" rel=\"noreferrer noopener\"><img decoding=\"async\" src=\"https:\/\/www.leben-atmen.com\/wp-content\/blogs.dir\/6\/files\/2015\/06\/flickr-logo-2012.png.v1.png?zoom=2&amp;resize=144%2C22&amp;ssl=1\" alt=\"\"\/><\/a><\/figure>\n\n\n\n<p>Wir w\u00fcnschen viel Freude beim Ansehen und Genie\u00dfen.<\/p>\n\n\n\n<p><\/p>\n","protected":false},"excerpt":{"rendered":"<p>Die besten Bilder der Reise sind hier \u00fcber die Webseite von&nbsp;flickr&nbsp;f\u00fcr Jedermann zug\u00e4nglich Wir w\u00fcnschen viel Freude beim Ansehen und Genie\u00dfen.<\/p>\n","protected":false},"author":3,"featured_media":0,"parent":0,"menu_order":0,"comment_status":"closed","ping_status":"closed","template":"","meta":{"footnotes":""},"class_list":["post-20","page","type-page","status-publish","hentry"],"jetpack_sharing_enabled":true,"_links":{"self":[{"href":"https:\/\/www.leben-atmen.com\/deutschlandtour\/wp-json\/wp\/v2\/pages\/20","targetHints":{"allow":["GET"]}}],"collection":[{"href":"https:\/\/www.leben-atmen.com\/deutschlandtour\/wp-json\/wp\/v2\/pages"}],"about":[{"href":"https:\/\/www.leben-atmen.com\/deutschlandtour\/wp-json\/wp\/v2\/types\/page"}],"author":[{"embeddable":true,"href":"https:\/\/www.leben-atmen.com\/deutschlandtour\/wp-json\/wp\/v2\/users\/3"}],"replies":[{"embeddable":true,"href":"https:\/\/www.leben-atmen.com\/deutschlandtour\/wp-json\/wp\/v2\/comments?post=20"}],"version-history":[{"count":2,"href":"https:\/\/www.leben-atmen.com\/deutschlandtour\/wp-json\/wp\/v2\/pages\/20\/revisions"}],"predecessor-version":[{"id":21,"href":"https:\/\/www.leben-atmen.com\/deutschlandtour\/wp-json\/wp\/v2\/pages\/20\/revisions\/21"}],"wp:attachment":[{"href":"https:\/\/www.leben-atmen.com\/deutschlandtour\/wp-json\/wp\/v2\/media?parent=20"}],"curies":[{"name":"wp","href":"https:\/\/api.w.org\/{rel}","templated":true}]}}