{"id":9,"date":"2021-07-01T11:20:29","date_gmt":"2021-07-01T09:20:29","guid":{"rendered":"https:\/\/www.leben-atmen.com\/bella-italia\/?page_id=9"},"modified":"2021-07-24T16:40:30","modified_gmt":"2021-07-24T14:40:30","slug":"infos-zur-tour","status":"publish","type":"page","link":"https:\/\/www.leben-atmen.com\/bella-italia\/infos-zur-tour\/","title":{"rendered":"Infos zur Tour"},"content":{"rendered":"\n<p>Radeln in Zeiten von Corona &#8211; Teil 2\u2026<\/p>\n\n\n\n<p>Wer h\u00e4tte vor 1 Jahr gedacht, dass wir auch im Jahre 2021 noch nicht wieder &#8222;normal&#8220; werden leben k\u00f6nnen. Just in diesen Tagen macht sich die Delta-Variante breit. Einige L\u00e4nder in Europa sind wieder Risikogebiete.<\/p>\n\n\n\n<p>Wie soll man in diesem Umfeld eine Radreise planen und organisieren? <\/p>\n\n\n\n<figure class=\"wp-block-image size-full is-resized\"><img data-recalc-dims=\"1\" loading=\"lazy\" decoding=\"async\" src=\"https:\/\/i0.wp.com\/www.leben-atmen.com\/wp-content\/blogs.dir\/14\/files\/sites\/14\/2021\/07\/314576bf1bf14f49ffa33bd3e7c9b71d.jpg?resize=375%2C812&#038;ssl=1\" alt=\"\" class=\"wp-image-59\" width=\"375\" height=\"812\" srcset=\"https:\/\/i0.wp.com\/www.leben-atmen.com\/wp-content\/blogs.dir\/14\/files\/sites\/14\/2021\/07\/314576bf1bf14f49ffa33bd3e7c9b71d.jpg?w=375&amp;ssl=1 375w, https:\/\/i0.wp.com\/www.leben-atmen.com\/wp-content\/blogs.dir\/14\/files\/sites\/14\/2021\/07\/314576bf1bf14f49ffa33bd3e7c9b71d.jpg?resize=139%2C300&amp;ssl=1 139w\" sizes=\"auto, (max-width: 375px) 100vw, 375px\" \/><\/figure>\n\n\n\n<p>Tja &#8211; unsere &#8222;Vorbereitung&#8220; begann eigentlich schon Anfang Januar 2021. Als klar war, dass nur eine Impfung hilft, die Pandemie in den Griff zu bekommen, haben wir uns im Impfzentrum Bayern angemeldet.<\/p>\n\n\n\n<p>Aber &#8211; und das haben Sie wohl in den vergangenen Monaten auch erfahren m\u00fcssen &#8211; hat es dann gef\u00fchlt eeewwwwiiiigg gedauert, bis auch wir ein Impfangebot erhalten haben.<\/p>\n\n\n\n<p>Aber nun ist das in trockenen T\u00fcchern: Wir sind beide doppelt geimpft, die CovPass-App ist installiert, beide Impfzertifikate sind eingelesen.<\/p>\n\n\n\n<p>Von der Seite ist also alles ok. Aber wohin fahren?<\/p>\n\n\n\n<p>Ganz ehrlich &#8211; wir sind uns noch nicht final klar. Was wir aber wissen ist: Wir werden starten.<\/p>\n\n\n\n<p><strong>Wir haben uns nun auf den 10. Juli als Starttermin geeinigt.<\/strong><\/p>\n\n\n\n<h2 class=\"wp-block-heading\">Wo finde ich die Fotos bzw. die Bildergalerie?<\/h2>\n\n\n\n<p>Wie immer sind unsere tollten Fotos&nbsp;<a rel=\"noreferrer noopener\" href=\"https:\/\/www.flickr.com\/photos\/amac-buch\/albums\/72157719485550296\" target=\"_blank\">hier<\/a>&nbsp;zu sehen -&gt;&nbsp;<a href=\"https:\/\/www.flickr.com\/photos\/amac-buch\/albums\/72157719485550296\" target=\"_blank\" rel=\"noreferrer noopener\">Flickr-Album<\/a>:<\/p>\n\n\n\n<figure class=\"wp-block-image is-resized\"><a href=\"https:\/\/www.flickr.com\/photos\/amac-buch\/albums\/72157719485550296\" target=\"_blank\" rel=\"noreferrer noopener\"><img loading=\"lazy\" decoding=\"async\" src=\"https:\/\/i1.wp.com\/www.leben-atmen.com\/wp-content\/blogs.dir\/13\/files\/sites\/13\/2020\/06\/3c7fef67d05cdb92d33a2af834ec9f8e.png?resize=144%2C22&amp;ssl=1\" alt=\"\" class=\"wp-image-129\" width=\"144\" height=\"22\"\/><\/a><\/figure>\n\n\n\n<p><\/p>\n","protected":false},"excerpt":{"rendered":"<p>Radeln in Zeiten von Corona &#8211; Teil 2\u2026 Wer h\u00e4tte vor 1 Jahr gedacht, dass wir auch im Jahre 2021 noch nicht wieder &#8222;normal&#8220; werden leben k\u00f6nnen. Just in diesen Tagen macht sich die Delta-Variante breit. Einige L\u00e4nder in Europa sind wieder Risikogebiete. Wie soll man in diesem Umfeld eine Radreise planen und organisieren? Tja [&hellip;]<\/p>\n","protected":false},"author":3,"featured_media":0,"parent":0,"menu_order":4,"comment_status":"closed","ping_status":"closed","template":"","meta":{"footnotes":""},"class_list":["post-9","page","type-page","status-publish","hentry"],"jetpack_sharing_enabled":true,"_links":{"self":[{"href":"https:\/\/www.leben-atmen.com\/bella-italia\/wp-json\/wp\/v2\/pages\/9","targetHints":{"allow":["GET"]}}],"collection":[{"href":"https:\/\/www.leben-atmen.com\/bella-italia\/wp-json\/wp\/v2\/pages"}],"about":[{"href":"https:\/\/www.leben-atmen.com\/bella-italia\/wp-json\/wp\/v2\/types\/page"}],"author":[{"embeddable":true,"href":"https:\/\/www.leben-atmen.com\/bella-italia\/wp-json\/wp\/v2\/users\/3"}],"replies":[{"embeddable":true,"href":"https:\/\/www.leben-atmen.com\/bella-italia\/wp-json\/wp\/v2\/comments?post=9"}],"version-history":[{"count":4,"href":"https:\/\/www.leben-atmen.com\/bella-italia\/wp-json\/wp\/v2\/pages\/9\/revisions"}],"predecessor-version":[{"id":12,"href":"https:\/\/www.leben-atmen.com\/bella-italia\/wp-json\/wp\/v2\/pages\/9\/revisions\/12"}],"wp:attachment":[{"href":"https:\/\/www.leben-atmen.com\/bella-italia\/wp-json\/wp\/v2\/media?parent=9"}],"curies":[{"name":"wp","href":"https:\/\/api.w.org\/{rel}","templated":true}]}}